{"id":137,"date":"2019-04-17T19:17:19","date_gmt":"2019-04-17T19:17:19","guid":{"rendered":"https:\/\/yrab.ch\/?page_id=137"},"modified":"2019-06-07T08:16:06","modified_gmt":"2019-06-07T08:16:06","slug":"architektur","status":"publish","type":"page","link":"https:\/\/yrab.ch\/de\/dienstleistungen\/architektur\/","title":{"rendered":"Architektur"},"content":{"rendered":"\t\t<div data-elementor-type=\"wp-post\" data-elementor-id=\"137\" class=\"elementor elementor-137\" data-elementor-post-type=\"page\">\n\t\t\t\t\t\t<section class=\"elementor-section elementor-top-section elementor-element elementor-element-139fb44c elementor-section-boxed elementor-section-height-default elementor-section-height-default\" data-id=\"139fb44c\" data-element_type=\"section\" data-e-type=\"section\" data-settings=\"{&quot;background_background&quot;:&quot;classic&quot;}\">\n\t\t\t\t\t\t<div class=\"elementor-container elementor-column-gap-default\">\n\t\t\t\t\t<div class=\"elementor-column elementor-col-100 elementor-top-column elementor-element elementor-element-cc76565\" data-id=\"cc76565\" data-element_type=\"column\" data-e-type=\"column\">\n\t\t\t<div class=\"elementor-widget-wrap elementor-element-populated\">\n\t\t\t\t\t\t<div class=\"elementor-element elementor-element-229c9e7e elementor-widget__width-auto elementor-view-default elementor-widget elementor-widget-icon\" data-id=\"229c9e7e\" data-element_type=\"widget\" data-e-type=\"widget\" data-widget_type=\"icon.default\">\n\t\t\t\t<div class=\"elementor-widget-container\">\n\t\t\t\t\t\t\t<div class=\"elementor-icon-wrapper\">\n\t\t\t<a class=\"elementor-icon\" href=\"\/index.php\">\n\t\t\t\t\t\t\t<i class=\"fa fa-home\" aria-hidden=\"true\"><\/i>\n\t\t\t\t\t\t<\/a>\n\t\t<\/div>\n\t\t\t\t\t\t<\/div>\n\t\t\t\t<\/div>\n\t\t\t\t<div class=\"elementor-element elementor-element-7668072c elementor-widget__width-initial elementor-widget-mobile__width-initial elementor-widget elementor-widget-breadcrumbs\" data-id=\"7668072c\" data-element_type=\"widget\" data-e-type=\"widget\" data-widget_type=\"breadcrumbs.default\">\n\t\t\t\t<div class=\"elementor-widget-container\">\n\t\t\t\t\t<p id=\"breadcrumbs\"><\/p>\t\t\t\t<\/div>\n\t\t\t\t<\/div>\n\t\t\t\t\t<\/div>\n\t\t<\/div>\n\t\t\t\t\t<\/div>\n\t\t<\/section>\n\t\t\t\t<section class=\"elementor-section elementor-top-section elementor-element elementor-element-7dd79734 elementor-section-content-middle elementor-section-boxed elementor-section-height-default elementor-section-height-default\" data-id=\"7dd79734\" data-element_type=\"section\" data-e-type=\"section\" data-settings=\"{&quot;background_background&quot;:&quot;classic&quot;}\">\n\t\t\t\t\t\t<div class=\"elementor-container elementor-column-gap-default\">\n\t\t\t\t\t<div class=\"elementor-column elementor-col-100 elementor-top-column elementor-element elementor-element-58c947ce\" data-id=\"58c947ce\" data-element_type=\"column\" data-e-type=\"column\" data-settings=\"{&quot;background_background&quot;:&quot;gradient&quot;}\">\n\t\t\t<div class=\"elementor-widget-wrap elementor-element-populated\">\n\t\t\t\t\t<div class=\"elementor-background-overlay\"><\/div>\n\t\t\t\t\t\t<div class=\"elementor-element elementor-element-680e8bbc elementor-widget elementor-widget-heading\" data-id=\"680e8bbc\" data-element_type=\"widget\" data-e-type=\"widget\" data-widget_type=\"heading.default\">\n\t\t\t\t<div class=\"elementor-widget-container\">\n\t\t\t\t\t<h2 class=\"elementor-heading-title elementor-size-default\">Architektur<\/h2>\t\t\t\t<\/div>\n\t\t\t\t<\/div>\n\t\t\t\t<div class=\"elementor-element elementor-element-45ebef46 elementor-widget-divider--view-line elementor-widget elementor-widget-divider\" data-id=\"45ebef46\" data-element_type=\"widget\" data-e-type=\"widget\" data-widget_type=\"divider.default\">\n\t\t\t\t<div class=\"elementor-widget-container\">\n\t\t\t\t\t\t\t<div class=\"elementor-divider\">\n\t\t\t<span class=\"elementor-divider-separator\">\n\t\t\t\t\t\t<\/span>\n\t\t<\/div>\n\t\t\t\t\t\t<\/div>\n\t\t\t\t<\/div>\n\t\t\t\t<div class=\"elementor-element elementor-element-1516035a elementor-widget elementor-widget-text-editor\" data-id=\"1516035a\" data-element_type=\"widget\" data-e-type=\"widget\" data-widget_type=\"text-editor.default\">\n\t\t\t\t<div class=\"elementor-widget-container\">\n\t\t\t\t\t\t\t\t\t<p>Ich m\u00f6chte mit Ihnen zusammen Ihren Traum vom Wohnen &amp; Leben erf\u00fcllen, sei dies bei einem Neubau, Anbau, Umbau, oder der Sanierung eines bestehenden Geb\u00e4udes. Gerne berate &amp; unterst\u00fctze ich Sie bei der Suche nach der geeigneten Wohnform f\u00fcr Ihre Bed\u00fcrfnisse &amp; Anspr\u00fcche. Die Erstellung erster Skizzen \u00fcber den definitiven Entwurf Ihres Wunsches bis hin zum Einzug in das neu entstandene Bauwerk, kann ich Sie begleiten. Starall\u00fcren suchen Sie in meinem B\u00fcro vergebens, hier bekommen Sie was Sie sich w\u00fcschen und wie Sie es wollen.<\/p><p>Ich zeichne s\u00e4mtliche Bauten im 3D, der grosse Vorteil daraus haben Sie als Bauherren, so k\u00f6nnen Sie in jeder Planungsphase eine aussagekr\u00e4ftige Vorstellung ihres Vorhabens erlangen. Die Zeichnungen werden Ihnen laufend \u00fcber ein spezielles App zur Verf\u00fcgung gestellt, mit diesem erhalten Sie ein virtuelles 3D Model dass sie selber durchlaufen und bewundern k\u00f6nnen. Mit dem App das auch offline funktioniert, k\u00f6nnen Sie nat\u00fcrlich \u00fcberall an Ihrem Tablett, oder PC (MAC oder Windows) Ihr Bauwerk anschauen, sowie Freunden und Verwandten zeigen.<\/p>\t\t\t\t\t\t\t\t<\/div>\n\t\t\t\t<\/div>\n\t\t\t\t\t<\/div>\n\t\t<\/div>\n\t\t\t\t\t<\/div>\n\t\t<\/section>\n\t\t\t\t<\/div>\n\t\t","protected":false},"excerpt":{"rendered":"<p>Architektur Ich m\u00f6chte mit Ihnen zusammen Ihren Traum vom Wohnen &amp; Leben erf\u00fcllen, sei dies bei einem Neubau, Anbau, Umbau, oder der Sanierung eines bestehenden Geb\u00e4udes. Gerne berate &amp; unterst\u00fctze ich Sie bei der Suche nach der geeigneten Wohnform f\u00fcr Ihre Bed\u00fcrfnisse &amp; Anspr\u00fcche. Die Erstellung erster Skizzen \u00fcber den definitiven Entwurf Ihres Wunsches bis &#8230; <a title=\"Architektur\" class=\"read-more\" href=\"https:\/\/yrab.ch\/de\/dienstleistungen\/architektur\/\" aria-label=\"Mehr Informationen \u00fcber Architektur\">Weiterlesen<\/a><\/p>\n","protected":false},"author":1,"featured_media":0,"parent":115,"menu_order":0,"comment_status":"closed","ping_status":"closed","template":"elementor_header_footer","meta":{"footnotes":""},"class_list":["post-137","page","type-page","status-publish"],"yoast_head":"<!-- This site is optimized with the Yoast SEO plugin v27.3 - https:\/\/yoast.com\/product\/yoast-seo-wordpress\/ -->\n<title>Architektur - DE | Yvan R\u00fcedi Architektur und Bauleitung GmbH<\/title>\n<meta name=\"description\" content=\"ch m\u00f6chte mit Ihnen zusammen Ihren Traum vom Wohnen &amp; Leben erf\u00fcllen, sei dies bei einem Neubau, Anbau, Umbau, oder der Sanierung eines Objektes.\" \/>\n<meta name=\"robots\" content=\"index, follow, max-snippet:-1, max-image-preview:large, max-video-preview:-1\" \/>\n<link rel=\"canonical\" href=\"https:\/\/yrab.ch\/de\/dienstleistungen\/architektur\/\" \/>\n<meta property=\"og:locale\" content=\"de_DE\" \/>\n<meta property=\"og:type\" content=\"article\" \/>\n<meta property=\"og:title\" content=\"Architektur - DE | Yvan R\u00fcedi Architektur und Bauleitung GmbH\" \/>\n<meta property=\"og:description\" content=\"ch m\u00f6chte mit Ihnen zusammen Ihren Traum vom Wohnen &amp; Leben erf\u00fcllen, sei dies bei einem Neubau, Anbau, Umbau, oder der Sanierung eines Objektes.\" \/>\n<meta property=\"og:url\" content=\"https:\/\/yrab.ch\/de\/dienstleistungen\/architektur\/\" \/>\n<meta property=\"og:site_name\" content=\"DE | Yvan R\u00fcedi Architektur und Bauleitung GmbH\" \/>\n<meta property=\"article:modified_time\" content=\"2019-06-07T08:16:06+00:00\" \/>\n<meta name=\"twitter:card\" content=\"summary_large_image\" \/>\n<meta name=\"twitter:label1\" content=\"Gesch\u00e4tzte Lesezeit\" \/>\n\t<meta name=\"twitter:data1\" content=\"1\u00a0Minute\" \/>\n<script type=\"application\/ld+json\" class=\"yoast-schema-graph\">{\"@context\":\"https:\\\/\\\/schema.org\",\"@graph\":[{\"@type\":\"WebPage\",\"@id\":\"https:\\\/\\\/yrab.ch\\\/dienstleistungen\\\/architektur\\\/\",\"url\":\"https:\\\/\\\/yrab.ch\\\/dienstleistungen\\\/architektur\\\/\",\"name\":\"Architektur - DE | Yvan R\u00fcedi Architektur und Bauleitung GmbH\",\"isPartOf\":{\"@id\":\"https:\\\/\\\/yrab.ch\\\/#website\"},\"datePublished\":\"2019-04-17T19:17:19+00:00\",\"dateModified\":\"2019-06-07T08:16:06+00:00\",\"description\":\"ch m\u00f6chte mit Ihnen zusammen Ihren Traum vom Wohnen & Leben erf\u00fcllen, sei dies bei einem Neubau, Anbau, Umbau, oder der Sanierung eines Objektes.\",\"breadcrumb\":{\"@id\":\"https:\\\/\\\/yrab.ch\\\/dienstleistungen\\\/architektur\\\/#breadcrumb\"},\"inLanguage\":\"de\",\"potentialAction\":[{\"@type\":\"ReadAction\",\"target\":[\"https:\\\/\\\/yrab.ch\\\/dienstleistungen\\\/architektur\\\/\"]}]},{\"@type\":\"BreadcrumbList\",\"@id\":\"https:\\\/\\\/yrab.ch\\\/dienstleistungen\\\/architektur\\\/#breadcrumb\",\"itemListElement\":[{\"@type\":\"ListItem\",\"position\":1,\"name\":\"Dienstleistungen\",\"item\":\"https:\\\/\\\/yrab.ch\\\/dienstleistungen\\\/\"},{\"@type\":\"ListItem\",\"position\":2,\"name\":\"Architektur\"}]},{\"@type\":\"WebSite\",\"@id\":\"https:\\\/\\\/yrab.ch\\\/#website\",\"url\":\"https:\\\/\\\/yrab.ch\\\/\",\"name\":\"Yvan R\u00fcedi Architektur und Bauleitung GmbH\",\"description\":\"Architekturb\u00fcro und Architekt in Pr\u00e4ttigau, Graub\u00fcnden\",\"potentialAction\":[{\"@type\":\"SearchAction\",\"target\":{\"@type\":\"EntryPoint\",\"urlTemplate\":\"https:\\\/\\\/yrab.ch\\\/?s={search_term_string}\"},\"query-input\":{\"@type\":\"PropertyValueSpecification\",\"valueRequired\":true,\"valueName\":\"search_term_string\"}}],\"inLanguage\":\"de\"}]}<\/script>\n<!-- \/ Yoast SEO plugin. -->","yoast_head_json":{"title":"Architektur - DE | Yvan R\u00fcedi Architektur und Bauleitung GmbH","description":"ch m\u00f6chte mit Ihnen zusammen Ihren Traum vom Wohnen & Leben erf\u00fcllen, sei dies bei einem Neubau, Anbau, Umbau, oder der Sanierung eines Objektes.","robots":{"index":"index","follow":"follow","max-snippet":"max-snippet:-1","max-image-preview":"max-image-preview:large","max-video-preview":"max-video-preview:-1"},"canonical":"https:\/\/yrab.ch\/de\/dienstleistungen\/architektur\/","og_locale":"de_DE","og_type":"article","og_title":"Architektur - DE | Yvan R\u00fcedi Architektur und Bauleitung GmbH","og_description":"ch m\u00f6chte mit Ihnen zusammen Ihren Traum vom Wohnen & Leben erf\u00fcllen, sei dies bei einem Neubau, Anbau, Umbau, oder der Sanierung eines Objektes.","og_url":"https:\/\/yrab.ch\/de\/dienstleistungen\/architektur\/","og_site_name":"DE | Yvan R\u00fcedi Architektur und Bauleitung GmbH","article_modified_time":"2019-06-07T08:16:06+00:00","twitter_card":"summary_large_image","twitter_misc":{"Gesch\u00e4tzte Lesezeit":"1\u00a0Minute"},"schema":{"@context":"https:\/\/schema.org","@graph":[{"@type":"WebPage","@id":"https:\/\/yrab.ch\/dienstleistungen\/architektur\/","url":"https:\/\/yrab.ch\/dienstleistungen\/architektur\/","name":"Architektur - DE | Yvan R\u00fcedi Architektur und Bauleitung GmbH","isPartOf":{"@id":"https:\/\/yrab.ch\/#website"},"datePublished":"2019-04-17T19:17:19+00:00","dateModified":"2019-06-07T08:16:06+00:00","description":"ch m\u00f6chte mit Ihnen zusammen Ihren Traum vom Wohnen & Leben erf\u00fcllen, sei dies bei einem Neubau, Anbau, Umbau, oder der Sanierung eines Objektes.","breadcrumb":{"@id":"https:\/\/yrab.ch\/dienstleistungen\/architektur\/#breadcrumb"},"inLanguage":"de","potentialAction":[{"@type":"ReadAction","target":["https:\/\/yrab.ch\/dienstleistungen\/architektur\/"]}]},{"@type":"BreadcrumbList","@id":"https:\/\/yrab.ch\/dienstleistungen\/architektur\/#breadcrumb","itemListElement":[{"@type":"ListItem","position":1,"name":"Dienstleistungen","item":"https:\/\/yrab.ch\/dienstleistungen\/"},{"@type":"ListItem","position":2,"name":"Architektur"}]},{"@type":"WebSite","@id":"https:\/\/yrab.ch\/#website","url":"https:\/\/yrab.ch\/","name":"Yvan R\u00fcedi Architektur und Bauleitung GmbH","description":"Architekturb\u00fcro und Architekt in Pr\u00e4ttigau, Graub\u00fcnden","potentialAction":[{"@type":"SearchAction","target":{"@type":"EntryPoint","urlTemplate":"https:\/\/yrab.ch\/?s={search_term_string}"},"query-input":{"@type":"PropertyValueSpecification","valueRequired":true,"valueName":"search_term_string"}}],"inLanguage":"de"}]}},"_links":{"self":[{"href":"https:\/\/yrab.ch\/de\/wp-json\/wp\/v2\/pages\/137","targetHints":{"allow":["GET"]}}],"collection":[{"href":"https:\/\/yrab.ch\/de\/wp-json\/wp\/v2\/pages"}],"about":[{"href":"https:\/\/yrab.ch\/de\/wp-json\/wp\/v2\/types\/page"}],"author":[{"embeddable":true,"href":"https:\/\/yrab.ch\/de\/wp-json\/wp\/v2\/users\/1"}],"replies":[{"embeddable":true,"href":"https:\/\/yrab.ch\/de\/wp-json\/wp\/v2\/comments?post=137"}],"version-history":[{"count":14,"href":"https:\/\/yrab.ch\/de\/wp-json\/wp\/v2\/pages\/137\/revisions"}],"predecessor-version":[{"id":524,"href":"https:\/\/yrab.ch\/de\/wp-json\/wp\/v2\/pages\/137\/revisions\/524"}],"up":[{"embeddable":true,"href":"https:\/\/yrab.ch\/de\/wp-json\/wp\/v2\/pages\/115"}],"wp:attachment":[{"href":"https:\/\/yrab.ch\/de\/wp-json\/wp\/v2\/media?parent=137"}],"curies":[{"name":"wp","href":"https:\/\/api.w.org\/{rel}","templated":true}]}}