{"id":195,"date":"2019-04-17T20:07:50","date_gmt":"2019-04-17T20:07:50","guid":{"rendered":"https:\/\/yrab.ch\/?page_id=195"},"modified":"2019-06-07T08:20:23","modified_gmt":"2019-06-07T08:20:23","slug":"bauleitung","status":"publish","type":"page","link":"https:\/\/yrab.ch\/de\/dienstleistungen\/bauleitung\/","title":{"rendered":"Bauleitung"},"content":{"rendered":"\t\t<div data-elementor-type=\"wp-post\" data-elementor-id=\"195\" class=\"elementor elementor-195\" data-elementor-post-type=\"page\">\n\t\t\t\t\t\t<section class=\"elementor-section elementor-top-section elementor-element elementor-element-4b505f51 elementor-section-boxed elementor-section-height-default elementor-section-height-default\" data-id=\"4b505f51\" data-element_type=\"section\" data-e-type=\"section\" data-settings=\"{&quot;background_background&quot;:&quot;classic&quot;}\">\n\t\t\t\t\t\t<div class=\"elementor-container elementor-column-gap-default\">\n\t\t\t\t\t<div class=\"elementor-column elementor-col-100 elementor-top-column elementor-element elementor-element-45a1458d\" data-id=\"45a1458d\" data-element_type=\"column\" data-e-type=\"column\">\n\t\t\t<div class=\"elementor-widget-wrap elementor-element-populated\">\n\t\t\t\t\t\t<div class=\"elementor-element elementor-element-20e8c337 elementor-widget__width-auto elementor-view-default elementor-widget elementor-widget-icon\" data-id=\"20e8c337\" data-element_type=\"widget\" data-e-type=\"widget\" data-widget_type=\"icon.default\">\n\t\t\t\t<div class=\"elementor-widget-container\">\n\t\t\t\t\t\t\t<div class=\"elementor-icon-wrapper\">\n\t\t\t<div class=\"elementor-icon\">\n\t\t\t\t\t\t\t<i class=\"fa fa-home\" aria-hidden=\"true\"><\/i>\n\t\t\t\t\t\t<\/div>\n\t\t<\/div>\n\t\t\t\t\t\t<\/div>\n\t\t\t\t<\/div>\n\t\t\t\t<div class=\"elementor-element elementor-element-61294189 elementor-widget__width-initial elementor-widget-mobile__width-initial elementor-widget elementor-widget-breadcrumbs\" data-id=\"61294189\" data-element_type=\"widget\" data-e-type=\"widget\" data-widget_type=\"breadcrumbs.default\">\n\t\t\t\t<div class=\"elementor-widget-container\">\n\t\t\t\t\t<p id=\"breadcrumbs\"><\/p>\t\t\t\t<\/div>\n\t\t\t\t<\/div>\n\t\t\t\t\t<\/div>\n\t\t<\/div>\n\t\t\t\t\t<\/div>\n\t\t<\/section>\n\t\t\t\t<section class=\"elementor-section elementor-top-section elementor-element elementor-element-4a0eede9 elementor-section-content-middle elementor-section-boxed elementor-section-height-default elementor-section-height-default\" data-id=\"4a0eede9\" data-element_type=\"section\" data-e-type=\"section\" data-settings=\"{&quot;background_background&quot;:&quot;classic&quot;}\">\n\t\t\t\t\t\t<div class=\"elementor-container elementor-column-gap-default\">\n\t\t\t\t\t<div class=\"elementor-column elementor-col-100 elementor-top-column elementor-element elementor-element-ca41cad\" data-id=\"ca41cad\" data-element_type=\"column\" data-e-type=\"column\" data-settings=\"{&quot;background_background&quot;:&quot;gradient&quot;}\">\n\t\t\t<div class=\"elementor-widget-wrap elementor-element-populated\">\n\t\t\t\t\t<div class=\"elementor-background-overlay\"><\/div>\n\t\t\t\t\t\t<div class=\"elementor-element elementor-element-498cd329 elementor-widget elementor-widget-heading\" data-id=\"498cd329\" data-element_type=\"widget\" data-e-type=\"widget\" data-widget_type=\"heading.default\">\n\t\t\t\t<div class=\"elementor-widget-container\">\n\t\t\t\t\t<h2 class=\"elementor-heading-title elementor-size-default\">Bauleitung<\/h2>\t\t\t\t<\/div>\n\t\t\t\t<\/div>\n\t\t\t\t<div class=\"elementor-element elementor-element-7c51b596 elementor-widget-divider--view-line elementor-widget elementor-widget-divider\" data-id=\"7c51b596\" data-element_type=\"widget\" data-e-type=\"widget\" data-widget_type=\"divider.default\">\n\t\t\t\t<div class=\"elementor-widget-container\">\n\t\t\t\t\t\t\t<div class=\"elementor-divider\">\n\t\t\t<span class=\"elementor-divider-separator\">\n\t\t\t\t\t\t<\/span>\n\t\t<\/div>\n\t\t\t\t\t\t<\/div>\n\t\t\t\t<\/div>\n\t\t\t\t<div class=\"elementor-element elementor-element-40853516 elementor-widget elementor-widget-text-editor\" data-id=\"40853516\" data-element_type=\"widget\" data-e-type=\"widget\" data-widget_type=\"text-editor.default\">\n\t\t\t\t<div class=\"elementor-widget-container\">\n\t\t\t\t\t\t\t\t\t<p>Eine Definition des Bauleiters und was Sie erwarten k\u00f6nnen, wenn Sie mich anstellen:<\/p><p>Der gute Bauleiter \u00fcberpr\u00fcft in einem ersten Schritt, ob die Vorgaben \u00fcberhaupt umsetzbar, die notwendigen Vorabkl\u00e4rungen durchgef\u00fchrt und das Bauprogramm realistisch sind. Er achtet auf eine gute Zusammenarbeit mit den Planern und Handwerkern welches zugunsten der Bauherrschaft auf ein m\u00f6glichst gutes Resultat hinarbeiten soll. Der Bauleiter und niemand anders ist der Chef w\u00e4hrend der Bauausf\u00fchrung. Ohne sein Wissen und seinem Einverst\u00e4ndnis darf nichts ge\u00e4ndert werden, weder vom Projektmanager, noch von den Planern, noch von den Handwerkern. Der gute Bauleiter ist auf der Baustelle, wenn man ihn braucht und nicht dann, wann es ihm am besten passt, denn die Abl\u00e4ufe und Termine sind massgebend. Die Handwerker verlassen sich darauf, dass sie ihn fragen k\u00f6nnen, wenn etwas unklar ist. Mit der Bauherrschaft oder dem Architekten pflegt der Bauleiter eine st\u00e4ndige offene Kommunikation, wobei diese heute vielfach per Mail erfolgt. Dies stets im Wissen darum, dass es sich bei einem Bauvorhaben, insbesondere bei Sanierungen und Erneuerungen um ein Werk handelt, welches von Hand zum ersten Mal in dieser Form hergestellt wird. Kein Bau ist gleich wie der Andere. Ein guter Bauleiter kostet Geld. Er spart aber auch Geld. Ein guter Bauleiter erwartet von der Bauherrschaft, dass die Finanzierung sichergestellt ist, die Entscheidungen rechtzeitig getroffen und die Rechnungen am Schluss fristgerecht bezahlt werden. Die Bauherrschaft erh\u00e4lt daf\u00fcr das, was sie sich vorgestellt hat, zu dem Termin und dem Preis, den sie sich vorgestellt hat.<\/p>\t\t\t\t\t\t\t\t<\/div>\n\t\t\t\t<\/div>\n\t\t\t\t\t<\/div>\n\t\t<\/div>\n\t\t\t\t\t<\/div>\n\t\t<\/section>\n\t\t\t\t<\/div>\n\t\t","protected":false},"excerpt":{"rendered":"<p>Bauleitung Eine Definition des Bauleiters und was Sie erwarten k\u00f6nnen, wenn Sie mich anstellen: Der gute Bauleiter \u00fcberpr\u00fcft in einem ersten Schritt, ob die Vorgaben \u00fcberhaupt umsetzbar, die notwendigen Vorabkl\u00e4rungen durchgef\u00fchrt und das Bauprogramm realistisch sind. Er achtet auf eine gute Zusammenarbeit mit den Planern und Handwerkern welches zugunsten der Bauherrschaft auf ein m\u00f6glichst gutes &#8230; <a title=\"Bauleitung\" class=\"read-more\" href=\"https:\/\/yrab.ch\/de\/dienstleistungen\/bauleitung\/\" aria-label=\"Mehr Informationen \u00fcber Bauleitung\">Weiterlesen<\/a><\/p>\n","protected":false},"author":1,"featured_media":0,"parent":115,"menu_order":0,"comment_status":"closed","ping_status":"closed","template":"elementor_header_footer","meta":{"footnotes":""},"class_list":["post-195","page","type-page","status-publish"],"yoast_head":"<!-- This site is optimized with the Yoast SEO plugin v27.4 - https:\/\/yoast.com\/product\/yoast-seo-wordpress\/ -->\n<title>Bauleitung - DE | Yvan R\u00fcedi Architektur und Bauleitung GmbH<\/title>\n<meta name=\"description\" content=\"Nutzen Sie meine Erfahrung. Sparen Sie sich \u00c4rger &amp; profitieren Sie von professioneller Kontrolle welche sich nicht zuletzt in Qualit\u00e4t ausbezahlt.\" \/>\n<meta name=\"robots\" content=\"index, follow, max-snippet:-1, max-image-preview:large, max-video-preview:-1\" \/>\n<link rel=\"canonical\" href=\"https:\/\/yrab.ch\/de\/dienstleistungen\/bauleitung\/\" \/>\n<meta property=\"og:locale\" content=\"de_DE\" \/>\n<meta property=\"og:type\" content=\"article\" \/>\n<meta property=\"og:title\" content=\"Bauleitung - DE | Yvan R\u00fcedi Architektur und Bauleitung GmbH\" \/>\n<meta property=\"og:description\" content=\"Nutzen Sie meine Erfahrung. Sparen Sie sich \u00c4rger &amp; profitieren Sie von professioneller Kontrolle welche sich nicht zuletzt in Qualit\u00e4t ausbezahlt.\" \/>\n<meta property=\"og:url\" content=\"https:\/\/yrab.ch\/de\/dienstleistungen\/bauleitung\/\" \/>\n<meta property=\"og:site_name\" content=\"DE | Yvan R\u00fcedi Architektur und Bauleitung GmbH\" \/>\n<meta property=\"article:modified_time\" content=\"2019-06-07T08:20:23+00:00\" \/>\n<meta name=\"twitter:card\" content=\"summary_large_image\" \/>\n<meta name=\"twitter:label1\" content=\"Gesch\u00e4tzte Lesezeit\" \/>\n\t<meta name=\"twitter:data1\" content=\"1\u00a0Minute\" \/>\n<script type=\"application\/ld+json\" class=\"yoast-schema-graph\">{\"@context\":\"https:\\\/\\\/schema.org\",\"@graph\":[{\"@type\":\"WebPage\",\"@id\":\"https:\\\/\\\/yrab.ch\\\/dienstleistungen\\\/bauleitung\\\/\",\"url\":\"https:\\\/\\\/yrab.ch\\\/dienstleistungen\\\/bauleitung\\\/\",\"name\":\"Bauleitung - DE | Yvan R\u00fcedi Architektur und Bauleitung GmbH\",\"isPartOf\":{\"@id\":\"https:\\\/\\\/yrab.ch\\\/#website\"},\"datePublished\":\"2019-04-17T20:07:50+00:00\",\"dateModified\":\"2019-06-07T08:20:23+00:00\",\"description\":\"Nutzen Sie meine Erfahrung. Sparen Sie sich \u00c4rger & profitieren Sie von professioneller Kontrolle welche sich nicht zuletzt in Qualit\u00e4t ausbezahlt.\",\"breadcrumb\":{\"@id\":\"https:\\\/\\\/yrab.ch\\\/dienstleistungen\\\/bauleitung\\\/#breadcrumb\"},\"inLanguage\":\"de\",\"potentialAction\":[{\"@type\":\"ReadAction\",\"target\":[\"https:\\\/\\\/yrab.ch\\\/dienstleistungen\\\/bauleitung\\\/\"]}]},{\"@type\":\"BreadcrumbList\",\"@id\":\"https:\\\/\\\/yrab.ch\\\/dienstleistungen\\\/bauleitung\\\/#breadcrumb\",\"itemListElement\":[{\"@type\":\"ListItem\",\"position\":1,\"name\":\"Dienstleistungen\",\"item\":\"https:\\\/\\\/yrab.ch\\\/dienstleistungen\\\/\"},{\"@type\":\"ListItem\",\"position\":2,\"name\":\"Bauleitung\"}]},{\"@type\":\"WebSite\",\"@id\":\"https:\\\/\\\/yrab.ch\\\/#website\",\"url\":\"https:\\\/\\\/yrab.ch\\\/\",\"name\":\"Yvan R\u00fcedi Architektur und Bauleitung GmbH\",\"description\":\"Architekturb\u00fcro und Architekt in Pr\u00e4ttigau, Graub\u00fcnden\",\"potentialAction\":[{\"@type\":\"SearchAction\",\"target\":{\"@type\":\"EntryPoint\",\"urlTemplate\":\"https:\\\/\\\/yrab.ch\\\/?s={search_term_string}\"},\"query-input\":{\"@type\":\"PropertyValueSpecification\",\"valueRequired\":true,\"valueName\":\"search_term_string\"}}],\"inLanguage\":\"de\"}]}<\/script>\n<!-- \/ Yoast SEO plugin. -->","yoast_head_json":{"title":"Bauleitung - DE | Yvan R\u00fcedi Architektur und Bauleitung GmbH","description":"Nutzen Sie meine Erfahrung. Sparen Sie sich \u00c4rger & profitieren Sie von professioneller Kontrolle welche sich nicht zuletzt in Qualit\u00e4t ausbezahlt.","robots":{"index":"index","follow":"follow","max-snippet":"max-snippet:-1","max-image-preview":"max-image-preview:large","max-video-preview":"max-video-preview:-1"},"canonical":"https:\/\/yrab.ch\/de\/dienstleistungen\/bauleitung\/","og_locale":"de_DE","og_type":"article","og_title":"Bauleitung - DE | Yvan R\u00fcedi Architektur und Bauleitung GmbH","og_description":"Nutzen Sie meine Erfahrung. Sparen Sie sich \u00c4rger & profitieren Sie von professioneller Kontrolle welche sich nicht zuletzt in Qualit\u00e4t ausbezahlt.","og_url":"https:\/\/yrab.ch\/de\/dienstleistungen\/bauleitung\/","og_site_name":"DE | Yvan R\u00fcedi Architektur und Bauleitung GmbH","article_modified_time":"2019-06-07T08:20:23+00:00","twitter_card":"summary_large_image","twitter_misc":{"Gesch\u00e4tzte Lesezeit":"1\u00a0Minute"},"schema":{"@context":"https:\/\/schema.org","@graph":[{"@type":"WebPage","@id":"https:\/\/yrab.ch\/dienstleistungen\/bauleitung\/","url":"https:\/\/yrab.ch\/dienstleistungen\/bauleitung\/","name":"Bauleitung - DE | Yvan R\u00fcedi Architektur und Bauleitung GmbH","isPartOf":{"@id":"https:\/\/yrab.ch\/#website"},"datePublished":"2019-04-17T20:07:50+00:00","dateModified":"2019-06-07T08:20:23+00:00","description":"Nutzen Sie meine Erfahrung. Sparen Sie sich \u00c4rger & profitieren Sie von professioneller Kontrolle welche sich nicht zuletzt in Qualit\u00e4t ausbezahlt.","breadcrumb":{"@id":"https:\/\/yrab.ch\/dienstleistungen\/bauleitung\/#breadcrumb"},"inLanguage":"de","potentialAction":[{"@type":"ReadAction","target":["https:\/\/yrab.ch\/dienstleistungen\/bauleitung\/"]}]},{"@type":"BreadcrumbList","@id":"https:\/\/yrab.ch\/dienstleistungen\/bauleitung\/#breadcrumb","itemListElement":[{"@type":"ListItem","position":1,"name":"Dienstleistungen","item":"https:\/\/yrab.ch\/dienstleistungen\/"},{"@type":"ListItem","position":2,"name":"Bauleitung"}]},{"@type":"WebSite","@id":"https:\/\/yrab.ch\/#website","url":"https:\/\/yrab.ch\/","name":"Yvan R\u00fcedi Architektur und Bauleitung GmbH","description":"Architekturb\u00fcro und Architekt in Pr\u00e4ttigau, Graub\u00fcnden","potentialAction":[{"@type":"SearchAction","target":{"@type":"EntryPoint","urlTemplate":"https:\/\/yrab.ch\/?s={search_term_string}"},"query-input":{"@type":"PropertyValueSpecification","valueRequired":true,"valueName":"search_term_string"}}],"inLanguage":"de"}]}},"_links":{"self":[{"href":"https:\/\/yrab.ch\/de\/wp-json\/wp\/v2\/pages\/195","targetHints":{"allow":["GET"]}}],"collection":[{"href":"https:\/\/yrab.ch\/de\/wp-json\/wp\/v2\/pages"}],"about":[{"href":"https:\/\/yrab.ch\/de\/wp-json\/wp\/v2\/types\/page"}],"author":[{"embeddable":true,"href":"https:\/\/yrab.ch\/de\/wp-json\/wp\/v2\/users\/1"}],"replies":[{"embeddable":true,"href":"https:\/\/yrab.ch\/de\/wp-json\/wp\/v2\/comments?post=195"}],"version-history":[{"count":4,"href":"https:\/\/yrab.ch\/de\/wp-json\/wp\/v2\/pages\/195\/revisions"}],"predecessor-version":[{"id":228,"href":"https:\/\/yrab.ch\/de\/wp-json\/wp\/v2\/pages\/195\/revisions\/228"}],"up":[{"embeddable":true,"href":"https:\/\/yrab.ch\/de\/wp-json\/wp\/v2\/pages\/115"}],"wp:attachment":[{"href":"https:\/\/yrab.ch\/de\/wp-json\/wp\/v2\/media?parent=195"}],"curies":[{"name":"wp","href":"https:\/\/api.w.org\/{rel}","templated":true}]}}