{"id":200,"date":"2019-04-17T20:09:43","date_gmt":"2019-04-17T20:09:43","guid":{"rendered":"https:\/\/yrab.ch\/?page_id=200"},"modified":"2020-02-07T12:07:48","modified_gmt":"2020-02-07T12:07:48","slug":"bauberatung","status":"publish","type":"page","link":"https:\/\/yrab.ch\/de\/dienstleistungen\/bauberatung\/","title":{"rendered":"Bauberatung"},"content":{"rendered":"\t\t<div data-elementor-type=\"wp-post\" data-elementor-id=\"200\" class=\"elementor elementor-200\" data-elementor-post-type=\"page\">\n\t\t\t\t\t\t<section class=\"elementor-section elementor-top-section elementor-element elementor-element-2d624cca elementor-section-boxed elementor-section-height-default elementor-section-height-default\" data-id=\"2d624cca\" data-element_type=\"section\" data-e-type=\"section\" data-settings=\"{&quot;background_background&quot;:&quot;classic&quot;}\">\n\t\t\t\t\t\t<div class=\"elementor-container elementor-column-gap-default\">\n\t\t\t\t\t<div class=\"elementor-column elementor-col-100 elementor-top-column elementor-element elementor-element-d39179\" data-id=\"d39179\" data-element_type=\"column\" data-e-type=\"column\">\n\t\t\t<div class=\"elementor-widget-wrap elementor-element-populated\">\n\t\t\t\t\t\t<div class=\"elementor-element elementor-element-5b49be elementor-widget__width-auto elementor-view-default elementor-widget elementor-widget-icon\" data-id=\"5b49be\" data-element_type=\"widget\" data-e-type=\"widget\" data-widget_type=\"icon.default\">\n\t\t\t\t<div class=\"elementor-widget-container\">\n\t\t\t\t\t\t\t<div class=\"elementor-icon-wrapper\">\n\t\t\t<div class=\"elementor-icon\">\n\t\t\t\t\t\t\t<i class=\"fa fa-home\" aria-hidden=\"true\"><\/i>\n\t\t\t\t\t\t<\/div>\n\t\t<\/div>\n\t\t\t\t\t\t<\/div>\n\t\t\t\t<\/div>\n\t\t\t\t<div class=\"elementor-element elementor-element-53cc3115 elementor-widget__width-initial elementor-widget-mobile__width-initial elementor-widget elementor-widget-breadcrumbs\" data-id=\"53cc3115\" data-element_type=\"widget\" data-e-type=\"widget\" data-widget_type=\"breadcrumbs.default\">\n\t\t\t\t<div class=\"elementor-widget-container\">\n\t\t\t\t\t<p id=\"breadcrumbs\"><\/p>\t\t\t\t<\/div>\n\t\t\t\t<\/div>\n\t\t\t\t\t<\/div>\n\t\t<\/div>\n\t\t\t\t\t<\/div>\n\t\t<\/section>\n\t\t\t\t<section class=\"elementor-section elementor-top-section elementor-element elementor-element-6f0bf70 elementor-section-content-middle elementor-section-boxed elementor-section-height-default elementor-section-height-default\" data-id=\"6f0bf70\" data-element_type=\"section\" data-e-type=\"section\" data-settings=\"{&quot;background_background&quot;:&quot;classic&quot;}\">\n\t\t\t\t\t\t<div class=\"elementor-container elementor-column-gap-default\">\n\t\t\t\t\t<div class=\"elementor-column elementor-col-100 elementor-top-column elementor-element elementor-element-29c50f6d\" data-id=\"29c50f6d\" data-element_type=\"column\" data-e-type=\"column\" data-settings=\"{&quot;background_background&quot;:&quot;gradient&quot;}\">\n\t\t\t<div class=\"elementor-widget-wrap elementor-element-populated\">\n\t\t\t\t\t<div class=\"elementor-background-overlay\"><\/div>\n\t\t\t\t\t\t<div class=\"elementor-element elementor-element-41931e4f elementor-widget elementor-widget-heading\" data-id=\"41931e4f\" data-element_type=\"widget\" data-e-type=\"widget\" data-widget_type=\"heading.default\">\n\t\t\t\t<div class=\"elementor-widget-container\">\n\t\t\t\t\t<h2 class=\"elementor-heading-title elementor-size-default\">Bauberatung<\/h2>\t\t\t\t<\/div>\n\t\t\t\t<\/div>\n\t\t\t\t<div class=\"elementor-element elementor-element-19e81ab1 elementor-widget-divider--view-line elementor-widget elementor-widget-divider\" data-id=\"19e81ab1\" data-element_type=\"widget\" data-e-type=\"widget\" data-widget_type=\"divider.default\">\n\t\t\t\t<div class=\"elementor-widget-container\">\n\t\t\t\t\t\t\t<div class=\"elementor-divider\">\n\t\t\t<span class=\"elementor-divider-separator\">\n\t\t\t\t\t\t<\/span>\n\t\t<\/div>\n\t\t\t\t\t\t<\/div>\n\t\t\t\t<\/div>\n\t\t\t\t<div class=\"elementor-element elementor-element-4cba3604 elementor-widget elementor-widget-text-editor\" data-id=\"4cba3604\" data-element_type=\"widget\" data-e-type=\"widget\" data-widget_type=\"text-editor.default\">\n\t\t\t\t<div class=\"elementor-widget-container\">\n\t\t\t\t\t\t\t\t\t<p>Wollen Sie bauen aber wissen nicht:<\/p><ul><li>Wie?<\/li><li>Wie viel kostet das?<\/li><li>Ist das \u00fcberhaupt erlaubt?<\/li><li>Was f\u00fcr Gesuche brauche ich daf\u00fcr?<\/li><li>Bekomme ich F\u00f6rdergelder f\u00fcr ein solches Vorhaben, oder sind spezielle Vorgaben zu erf\u00fcllen?<\/li><li>usw.<\/li><\/ul><p>Neu: <strong>Radon Messung<\/strong> und Beratung, wir f\u00fchren in ihrer Liegenschaft Radonmessungen durch und beraten sie bei allf\u00e4lligen Grenzwert\u00fcberschreitungen.<\/p><p>Ich helfe Ihnen gerne und unterst\u00fctze Sie dabei.<\/p>\t\t\t\t\t\t\t\t<\/div>\n\t\t\t\t<\/div>\n\t\t\t\t\t<\/div>\n\t\t<\/div>\n\t\t\t\t\t<\/div>\n\t\t<\/section>\n\t\t\t\t<\/div>\n\t\t","protected":false},"excerpt":{"rendered":"<p>Bauberatung Wollen Sie bauen aber wissen nicht: Wie? Wie viel kostet das? Ist das \u00fcberhaupt erlaubt? Was f\u00fcr Gesuche brauche ich daf\u00fcr? Bekomme ich F\u00f6rdergelder f\u00fcr ein solches Vorhaben, oder sind spezielle Vorgaben zu erf\u00fcllen? usw. Neu: Radon Messung und Beratung, wir f\u00fchren in ihrer Liegenschaft Radonmessungen durch und beraten sie bei allf\u00e4lligen Grenzwert\u00fcberschreitungen. Ich &#8230; <a title=\"Bauberatung\" class=\"read-more\" href=\"https:\/\/yrab.ch\/de\/dienstleistungen\/bauberatung\/\" aria-label=\"Mehr Informationen \u00fcber Bauberatung\">Weiterlesen<\/a><\/p>\n","protected":false},"author":1,"featured_media":0,"parent":115,"menu_order":0,"comment_status":"closed","ping_status":"closed","template":"elementor_header_footer","meta":{"footnotes":""},"class_list":["post-200","page","type-page","status-publish"],"yoast_head":"<!-- This site is optimized with the Yoast SEO plugin v27.3 - https:\/\/yoast.com\/product\/yoast-seo-wordpress\/ -->\n<title>Bauberatung - DE | Yvan R\u00fcedi Architektur und Bauleitung GmbH<\/title>\n<meta name=\"description\" content=\"Gerne beraten wir Sie. Nutzen Sie unsere Expertise. Unsere Bauberatung kl\u00e4rt Ihre Fragen, zeigt gute Wege auf und vereinfacht das weitere Vorgehen.\" \/>\n<meta name=\"robots\" content=\"index, follow, max-snippet:-1, max-image-preview:large, max-video-preview:-1\" \/>\n<link rel=\"canonical\" href=\"https:\/\/yrab.ch\/de\/dienstleistungen\/bauberatung\/\" \/>\n<meta property=\"og:locale\" content=\"de_DE\" \/>\n<meta property=\"og:type\" content=\"article\" \/>\n<meta property=\"og:title\" content=\"Bauberatung - DE | Yvan R\u00fcedi Architektur und Bauleitung GmbH\" \/>\n<meta property=\"og:description\" content=\"Gerne beraten wir Sie. Nutzen Sie unsere Expertise. Unsere Bauberatung kl\u00e4rt Ihre Fragen, zeigt gute Wege auf und vereinfacht das weitere Vorgehen.\" \/>\n<meta property=\"og:url\" content=\"https:\/\/yrab.ch\/de\/dienstleistungen\/bauberatung\/\" \/>\n<meta property=\"og:site_name\" content=\"DE | Yvan R\u00fcedi Architektur und Bauleitung GmbH\" \/>\n<meta property=\"article:modified_time\" content=\"2020-02-07T12:07:48+00:00\" \/>\n<meta name=\"twitter:card\" content=\"summary_large_image\" \/>\n<script type=\"application\/ld+json\" class=\"yoast-schema-graph\">{\"@context\":\"https:\\\/\\\/schema.org\",\"@graph\":[{\"@type\":\"WebPage\",\"@id\":\"https:\\\/\\\/yrab.ch\\\/dienstleistungen\\\/bauberatung\\\/\",\"url\":\"https:\\\/\\\/yrab.ch\\\/dienstleistungen\\\/bauberatung\\\/\",\"name\":\"Bauberatung - DE | Yvan R\u00fcedi Architektur und Bauleitung GmbH\",\"isPartOf\":{\"@id\":\"https:\\\/\\\/yrab.ch\\\/#website\"},\"datePublished\":\"2019-04-17T20:09:43+00:00\",\"dateModified\":\"2020-02-07T12:07:48+00:00\",\"description\":\"Gerne beraten wir Sie. Nutzen Sie unsere Expertise. Unsere Bauberatung kl\u00e4rt Ihre Fragen, zeigt gute Wege auf und vereinfacht das weitere Vorgehen.\",\"breadcrumb\":{\"@id\":\"https:\\\/\\\/yrab.ch\\\/dienstleistungen\\\/bauberatung\\\/#breadcrumb\"},\"inLanguage\":\"de\",\"potentialAction\":[{\"@type\":\"ReadAction\",\"target\":[\"https:\\\/\\\/yrab.ch\\\/dienstleistungen\\\/bauberatung\\\/\"]}]},{\"@type\":\"BreadcrumbList\",\"@id\":\"https:\\\/\\\/yrab.ch\\\/dienstleistungen\\\/bauberatung\\\/#breadcrumb\",\"itemListElement\":[{\"@type\":\"ListItem\",\"position\":1,\"name\":\"Dienstleistungen\",\"item\":\"https:\\\/\\\/yrab.ch\\\/dienstleistungen\\\/\"},{\"@type\":\"ListItem\",\"position\":2,\"name\":\"Bauberatung\"}]},{\"@type\":\"WebSite\",\"@id\":\"https:\\\/\\\/yrab.ch\\\/#website\",\"url\":\"https:\\\/\\\/yrab.ch\\\/\",\"name\":\"Yvan R\u00fcedi Architektur und Bauleitung GmbH\",\"description\":\"Architekturb\u00fcro und Architekt in Pr\u00e4ttigau, Graub\u00fcnden\",\"potentialAction\":[{\"@type\":\"SearchAction\",\"target\":{\"@type\":\"EntryPoint\",\"urlTemplate\":\"https:\\\/\\\/yrab.ch\\\/?s={search_term_string}\"},\"query-input\":{\"@type\":\"PropertyValueSpecification\",\"valueRequired\":true,\"valueName\":\"search_term_string\"}}],\"inLanguage\":\"de\"}]}<\/script>\n<!-- \/ Yoast SEO plugin. -->","yoast_head_json":{"title":"Bauberatung - DE | Yvan R\u00fcedi Architektur und Bauleitung GmbH","description":"Gerne beraten wir Sie. Nutzen Sie unsere Expertise. Unsere Bauberatung kl\u00e4rt Ihre Fragen, zeigt gute Wege auf und vereinfacht das weitere Vorgehen.","robots":{"index":"index","follow":"follow","max-snippet":"max-snippet:-1","max-image-preview":"max-image-preview:large","max-video-preview":"max-video-preview:-1"},"canonical":"https:\/\/yrab.ch\/de\/dienstleistungen\/bauberatung\/","og_locale":"de_DE","og_type":"article","og_title":"Bauberatung - DE | Yvan R\u00fcedi Architektur und Bauleitung GmbH","og_description":"Gerne beraten wir Sie. Nutzen Sie unsere Expertise. Unsere Bauberatung kl\u00e4rt Ihre Fragen, zeigt gute Wege auf und vereinfacht das weitere Vorgehen.","og_url":"https:\/\/yrab.ch\/de\/dienstleistungen\/bauberatung\/","og_site_name":"DE | Yvan R\u00fcedi Architektur und Bauleitung GmbH","article_modified_time":"2020-02-07T12:07:48+00:00","twitter_card":"summary_large_image","schema":{"@context":"https:\/\/schema.org","@graph":[{"@type":"WebPage","@id":"https:\/\/yrab.ch\/dienstleistungen\/bauberatung\/","url":"https:\/\/yrab.ch\/dienstleistungen\/bauberatung\/","name":"Bauberatung - DE | Yvan R\u00fcedi Architektur und Bauleitung GmbH","isPartOf":{"@id":"https:\/\/yrab.ch\/#website"},"datePublished":"2019-04-17T20:09:43+00:00","dateModified":"2020-02-07T12:07:48+00:00","description":"Gerne beraten wir Sie. Nutzen Sie unsere Expertise. Unsere Bauberatung kl\u00e4rt Ihre Fragen, zeigt gute Wege auf und vereinfacht das weitere Vorgehen.","breadcrumb":{"@id":"https:\/\/yrab.ch\/dienstleistungen\/bauberatung\/#breadcrumb"},"inLanguage":"de","potentialAction":[{"@type":"ReadAction","target":["https:\/\/yrab.ch\/dienstleistungen\/bauberatung\/"]}]},{"@type":"BreadcrumbList","@id":"https:\/\/yrab.ch\/dienstleistungen\/bauberatung\/#breadcrumb","itemListElement":[{"@type":"ListItem","position":1,"name":"Dienstleistungen","item":"https:\/\/yrab.ch\/dienstleistungen\/"},{"@type":"ListItem","position":2,"name":"Bauberatung"}]},{"@type":"WebSite","@id":"https:\/\/yrab.ch\/#website","url":"https:\/\/yrab.ch\/","name":"Yvan R\u00fcedi Architektur und Bauleitung GmbH","description":"Architekturb\u00fcro und Architekt in Pr\u00e4ttigau, Graub\u00fcnden","potentialAction":[{"@type":"SearchAction","target":{"@type":"EntryPoint","urlTemplate":"https:\/\/yrab.ch\/?s={search_term_string}"},"query-input":{"@type":"PropertyValueSpecification","valueRequired":true,"valueName":"search_term_string"}}],"inLanguage":"de"}]}},"_links":{"self":[{"href":"https:\/\/yrab.ch\/de\/wp-json\/wp\/v2\/pages\/200","targetHints":{"allow":["GET"]}}],"collection":[{"href":"https:\/\/yrab.ch\/de\/wp-json\/wp\/v2\/pages"}],"about":[{"href":"https:\/\/yrab.ch\/de\/wp-json\/wp\/v2\/types\/page"}],"author":[{"embeddable":true,"href":"https:\/\/yrab.ch\/de\/wp-json\/wp\/v2\/users\/1"}],"replies":[{"embeddable":true,"href":"https:\/\/yrab.ch\/de\/wp-json\/wp\/v2\/comments?post=200"}],"version-history":[{"count":6,"href":"https:\/\/yrab.ch\/de\/wp-json\/wp\/v2\/pages\/200\/revisions"}],"predecessor-version":[{"id":677,"href":"https:\/\/yrab.ch\/de\/wp-json\/wp\/v2\/pages\/200\/revisions\/677"}],"up":[{"embeddable":true,"href":"https:\/\/yrab.ch\/de\/wp-json\/wp\/v2\/pages\/115"}],"wp:attachment":[{"href":"https:\/\/yrab.ch\/de\/wp-json\/wp\/v2\/media?parent=200"}],"curies":[{"name":"wp","href":"https:\/\/api.w.org\/{rel}","templated":true}]}}