{"id":206,"date":"2019-04-17T20:12:39","date_gmt":"2019-04-17T20:12:39","guid":{"rendered":"https:\/\/yrab.ch\/?page_id=206"},"modified":"2022-06-09T07:04:05","modified_gmt":"2022-06-09T07:04:05","slug":"digitalisieren","status":"publish","type":"page","link":"https:\/\/yrab.ch\/de\/dienstleistungen\/digitalisieren\/","title":{"rendered":"Digitalisieren"},"content":{"rendered":"\t\t<div data-elementor-type=\"wp-post\" data-elementor-id=\"206\" class=\"elementor elementor-206\" data-elementor-post-type=\"page\">\n\t\t\t\t\t\t<section class=\"elementor-section elementor-top-section elementor-element elementor-element-327864fb elementor-section-boxed elementor-section-height-default elementor-section-height-default\" data-id=\"327864fb\" data-element_type=\"section\" data-e-type=\"section\" data-settings=\"{&quot;background_background&quot;:&quot;classic&quot;}\">\n\t\t\t\t\t\t<div class=\"elementor-container elementor-column-gap-default\">\n\t\t\t\t\t<div class=\"elementor-column elementor-col-100 elementor-top-column elementor-element elementor-element-220c1dfe\" data-id=\"220c1dfe\" data-element_type=\"column\" data-e-type=\"column\">\n\t\t\t<div class=\"elementor-widget-wrap elementor-element-populated\">\n\t\t\t\t\t\t<div class=\"elementor-element elementor-element-1a32b197 elementor-widget__width-auto elementor-view-default elementor-widget elementor-widget-icon\" data-id=\"1a32b197\" data-element_type=\"widget\" data-e-type=\"widget\" data-widget_type=\"icon.default\">\n\t\t\t\t<div class=\"elementor-widget-container\">\n\t\t\t\t\t\t\t<div class=\"elementor-icon-wrapper\">\n\t\t\t<div class=\"elementor-icon\">\n\t\t\t\t\t\t\t<i class=\"fa fa-home\" aria-hidden=\"true\"><\/i>\n\t\t\t\t\t\t<\/div>\n\t\t<\/div>\n\t\t\t\t\t\t<\/div>\n\t\t\t\t<\/div>\n\t\t\t\t<div class=\"elementor-element elementor-element-4b79a165 elementor-widget__width-initial elementor-widget-mobile__width-initial elementor-widget elementor-widget-breadcrumbs\" data-id=\"4b79a165\" data-element_type=\"widget\" data-e-type=\"widget\" data-widget_type=\"breadcrumbs.default\">\n\t\t\t\t<div class=\"elementor-widget-container\">\n\t\t\t\t\t<p id=\"breadcrumbs\"><\/p>\t\t\t\t<\/div>\n\t\t\t\t<\/div>\n\t\t\t\t\t<\/div>\n\t\t<\/div>\n\t\t\t\t\t<\/div>\n\t\t<\/section>\n\t\t\t\t<section class=\"elementor-section elementor-top-section elementor-element elementor-element-19301f01 elementor-section-content-middle elementor-section-boxed elementor-section-height-default elementor-section-height-default\" data-id=\"19301f01\" data-element_type=\"section\" data-e-type=\"section\" data-settings=\"{&quot;background_background&quot;:&quot;classic&quot;}\">\n\t\t\t\t\t\t<div class=\"elementor-container elementor-column-gap-default\">\n\t\t\t\t\t<div class=\"elementor-column elementor-col-100 elementor-top-column elementor-element elementor-element-59663\" data-id=\"59663\" data-element_type=\"column\" data-e-type=\"column\" data-settings=\"{&quot;background_background&quot;:&quot;gradient&quot;}\">\n\t\t\t<div class=\"elementor-widget-wrap elementor-element-populated\">\n\t\t\t\t\t<div class=\"elementor-background-overlay\"><\/div>\n\t\t\t\t\t\t<div class=\"elementor-element elementor-element-416b784f elementor-widget elementor-widget-heading\" data-id=\"416b784f\" data-element_type=\"widget\" data-e-type=\"widget\" data-widget_type=\"heading.default\">\n\t\t\t\t<div class=\"elementor-widget-container\">\n\t\t\t\t\t<h2 class=\"elementor-heading-title elementor-size-default\">3D Scannen \/ Drohnenaufnamen \/ 3D Rundg\u00e4nge \/ Digitalisieren<\/h2>\t\t\t\t<\/div>\n\t\t\t\t<\/div>\n\t\t\t\t<div class=\"elementor-element elementor-element-43d11521 elementor-widget-divider--view-line elementor-widget elementor-widget-divider\" data-id=\"43d11521\" data-element_type=\"widget\" data-e-type=\"widget\" data-widget_type=\"divider.default\">\n\t\t\t\t<div class=\"elementor-widget-container\">\n\t\t\t\t\t\t\t<div class=\"elementor-divider\">\n\t\t\t<span class=\"elementor-divider-separator\">\n\t\t\t\t\t\t<\/span>\n\t\t<\/div>\n\t\t\t\t\t\t<\/div>\n\t\t\t\t<\/div>\n\t\t\t\t<div class=\"elementor-element elementor-element-4db9075 elementor-widget elementor-widget-text-editor\" data-id=\"4db9075\" data-element_type=\"widget\" data-e-type=\"widget\" data-widget_type=\"text-editor.default\">\n\t\t\t\t<div class=\"elementor-widget-container\">\n\t\t\t\t\t\t\t\t\t<p>Haben Sie ein \u00e4lteres Bauwerk von dem es keine oder nur unvollst\u00e4ndige Planunterlagen gibt? Kein Problem, ich erstelle ihnen gerne digitale Pl\u00e4ne nach Ihren speziellen Anforderungen mit modernster CAD Technik und auf Wunsch in 3D damit sie Ihr Bauwerk auch am Heim PC oder Tablet bestaunen k\u00f6nnen. Ausgabe dieser Pl\u00e4ne k\u00f6nnen in allen g\u00e4ngigen Formaten sowie als gedruckte Versionen sein. Auch per 3D App, um ihr Bauwerk an Ihrem Tablet zu Hause zu betrachten, ist problemlos m\u00f6glich.<\/p><p>Wir Scann ihr Geb\u00e4ude, Gel\u00e4nde usw. innen und aussen ja nach Anforderungen mit unseren 3D Scannern und Drohnen.<\/p><p>Daraus erstrellen wir ihnen Punkewolken zur Ansicht und weiterverarbeitung oder generieren wir Geb\u00e4udemodelle und Pl\u00e4ne nach ihren Anfroderungen. Dies mit einer sehr hohen Genauigkeit und Georeferenziert.<\/p><p>\u00a0<\/p>\t\t\t\t\t\t\t\t<\/div>\n\t\t\t\t<\/div>\n\t\t\t\t\t<\/div>\n\t\t<\/div>\n\t\t\t\t\t<\/div>\n\t\t<\/section>\n\t\t\t\t<\/div>\n\t\t","protected":false},"excerpt":{"rendered":"<p>3D Scannen \/ Drohnenaufnamen \/ 3D Rundg\u00e4nge \/ Digitalisieren Haben Sie ein \u00e4lteres Bauwerk von dem es keine oder nur unvollst\u00e4ndige Planunterlagen gibt? Kein Problem, ich erstelle ihnen gerne digitale Pl\u00e4ne nach Ihren speziellen Anforderungen mit modernster CAD Technik und auf Wunsch in 3D damit sie Ihr Bauwerk auch am Heim PC oder Tablet bestaunen &#8230; <a title=\"Digitalisieren\" class=\"read-more\" href=\"https:\/\/yrab.ch\/de\/dienstleistungen\/digitalisieren\/\" aria-label=\"Mehr Informationen \u00fcber Digitalisieren\">Weiterlesen<\/a><\/p>\n","protected":false},"author":1,"featured_media":0,"parent":115,"menu_order":0,"comment_status":"closed","ping_status":"closed","template":"elementor_header_footer","meta":{"footnotes":""},"class_list":["post-206","page","type-page","status-publish"],"yoast_head":"<!-- This site is optimized with the Yoast SEO plugin v27.3 - https:\/\/yoast.com\/product\/yoast-seo-wordpress\/ -->\n<title>Digitalisieren - DE | Yvan R\u00fcedi Architektur und Bauleitung GmbH<\/title>\n<meta name=\"description\" content=\"M\u00f6chten Sie ein bestehendes \u00e4lteres Bauwerk digitalisieren. Kein Problem, wir erstellen Ihnen alle Pl\u00e4ne, auf Wunsch auch in 3D visualisiert.\" \/>\n<meta name=\"robots\" content=\"index, follow, max-snippet:-1, max-image-preview:large, max-video-preview:-1\" \/>\n<link rel=\"canonical\" href=\"https:\/\/yrab.ch\/de\/dienstleistungen\/digitalisieren\/\" \/>\n<meta property=\"og:locale\" content=\"de_DE\" \/>\n<meta property=\"og:type\" content=\"article\" \/>\n<meta property=\"og:title\" content=\"Digitalisieren - DE | Yvan R\u00fcedi Architektur und Bauleitung GmbH\" \/>\n<meta property=\"og:description\" content=\"M\u00f6chten Sie ein bestehendes \u00e4lteres Bauwerk digitalisieren. Kein Problem, wir erstellen Ihnen alle Pl\u00e4ne, auf Wunsch auch in 3D visualisiert.\" \/>\n<meta property=\"og:url\" content=\"https:\/\/yrab.ch\/de\/dienstleistungen\/digitalisieren\/\" \/>\n<meta property=\"og:site_name\" content=\"DE | Yvan R\u00fcedi Architektur und Bauleitung GmbH\" \/>\n<meta property=\"article:modified_time\" content=\"2022-06-09T07:04:05+00:00\" \/>\n<meta name=\"twitter:card\" content=\"summary_large_image\" \/>\n<meta name=\"twitter:label1\" content=\"Gesch\u00e4tzte Lesezeit\" \/>\n\t<meta name=\"twitter:data1\" content=\"1\u00a0Minute\" \/>\n<script type=\"application\/ld+json\" class=\"yoast-schema-graph\">{\"@context\":\"https:\\\/\\\/schema.org\",\"@graph\":[{\"@type\":\"WebPage\",\"@id\":\"https:\\\/\\\/yrab.ch\\\/dienstleistungen\\\/digitalisieren\\\/\",\"url\":\"https:\\\/\\\/yrab.ch\\\/dienstleistungen\\\/digitalisieren\\\/\",\"name\":\"Digitalisieren - DE | Yvan R\u00fcedi Architektur und Bauleitung GmbH\",\"isPartOf\":{\"@id\":\"https:\\\/\\\/yrab.ch\\\/#website\"},\"datePublished\":\"2019-04-17T20:12:39+00:00\",\"dateModified\":\"2022-06-09T07:04:05+00:00\",\"description\":\"M\u00f6chten Sie ein bestehendes \u00e4lteres Bauwerk digitalisieren. Kein Problem, wir erstellen Ihnen alle Pl\u00e4ne, auf Wunsch auch in 3D visualisiert.\",\"breadcrumb\":{\"@id\":\"https:\\\/\\\/yrab.ch\\\/dienstleistungen\\\/digitalisieren\\\/#breadcrumb\"},\"inLanguage\":\"de\",\"potentialAction\":[{\"@type\":\"ReadAction\",\"target\":[\"https:\\\/\\\/yrab.ch\\\/dienstleistungen\\\/digitalisieren\\\/\"]}]},{\"@type\":\"BreadcrumbList\",\"@id\":\"https:\\\/\\\/yrab.ch\\\/dienstleistungen\\\/digitalisieren\\\/#breadcrumb\",\"itemListElement\":[{\"@type\":\"ListItem\",\"position\":1,\"name\":\"Dienstleistungen\",\"item\":\"https:\\\/\\\/yrab.ch\\\/dienstleistungen\\\/\"},{\"@type\":\"ListItem\",\"position\":2,\"name\":\"Digitalisieren\"}]},{\"@type\":\"WebSite\",\"@id\":\"https:\\\/\\\/yrab.ch\\\/#website\",\"url\":\"https:\\\/\\\/yrab.ch\\\/\",\"name\":\"Yvan R\u00fcedi Architektur und Bauleitung GmbH\",\"description\":\"Architekturb\u00fcro und Architekt in Pr\u00e4ttigau, Graub\u00fcnden\",\"potentialAction\":[{\"@type\":\"SearchAction\",\"target\":{\"@type\":\"EntryPoint\",\"urlTemplate\":\"https:\\\/\\\/yrab.ch\\\/?s={search_term_string}\"},\"query-input\":{\"@type\":\"PropertyValueSpecification\",\"valueRequired\":true,\"valueName\":\"search_term_string\"}}],\"inLanguage\":\"de\"}]}<\/script>\n<!-- \/ Yoast SEO plugin. -->","yoast_head_json":{"title":"Digitalisieren - DE | Yvan R\u00fcedi Architektur und Bauleitung GmbH","description":"M\u00f6chten Sie ein bestehendes \u00e4lteres Bauwerk digitalisieren. Kein Problem, wir erstellen Ihnen alle Pl\u00e4ne, auf Wunsch auch in 3D visualisiert.","robots":{"index":"index","follow":"follow","max-snippet":"max-snippet:-1","max-image-preview":"max-image-preview:large","max-video-preview":"max-video-preview:-1"},"canonical":"https:\/\/yrab.ch\/de\/dienstleistungen\/digitalisieren\/","og_locale":"de_DE","og_type":"article","og_title":"Digitalisieren - DE | Yvan R\u00fcedi Architektur und Bauleitung GmbH","og_description":"M\u00f6chten Sie ein bestehendes \u00e4lteres Bauwerk digitalisieren. Kein Problem, wir erstellen Ihnen alle Pl\u00e4ne, auf Wunsch auch in 3D visualisiert.","og_url":"https:\/\/yrab.ch\/de\/dienstleistungen\/digitalisieren\/","og_site_name":"DE | Yvan R\u00fcedi Architektur und Bauleitung GmbH","article_modified_time":"2022-06-09T07:04:05+00:00","twitter_card":"summary_large_image","twitter_misc":{"Gesch\u00e4tzte Lesezeit":"1\u00a0Minute"},"schema":{"@context":"https:\/\/schema.org","@graph":[{"@type":"WebPage","@id":"https:\/\/yrab.ch\/dienstleistungen\/digitalisieren\/","url":"https:\/\/yrab.ch\/dienstleistungen\/digitalisieren\/","name":"Digitalisieren - DE | Yvan R\u00fcedi Architektur und Bauleitung GmbH","isPartOf":{"@id":"https:\/\/yrab.ch\/#website"},"datePublished":"2019-04-17T20:12:39+00:00","dateModified":"2022-06-09T07:04:05+00:00","description":"M\u00f6chten Sie ein bestehendes \u00e4lteres Bauwerk digitalisieren. Kein Problem, wir erstellen Ihnen alle Pl\u00e4ne, auf Wunsch auch in 3D visualisiert.","breadcrumb":{"@id":"https:\/\/yrab.ch\/dienstleistungen\/digitalisieren\/#breadcrumb"},"inLanguage":"de","potentialAction":[{"@type":"ReadAction","target":["https:\/\/yrab.ch\/dienstleistungen\/digitalisieren\/"]}]},{"@type":"BreadcrumbList","@id":"https:\/\/yrab.ch\/dienstleistungen\/digitalisieren\/#breadcrumb","itemListElement":[{"@type":"ListItem","position":1,"name":"Dienstleistungen","item":"https:\/\/yrab.ch\/dienstleistungen\/"},{"@type":"ListItem","position":2,"name":"Digitalisieren"}]},{"@type":"WebSite","@id":"https:\/\/yrab.ch\/#website","url":"https:\/\/yrab.ch\/","name":"Yvan R\u00fcedi Architektur und Bauleitung GmbH","description":"Architekturb\u00fcro und Architekt in Pr\u00e4ttigau, Graub\u00fcnden","potentialAction":[{"@type":"SearchAction","target":{"@type":"EntryPoint","urlTemplate":"https:\/\/yrab.ch\/?s={search_term_string}"},"query-input":{"@type":"PropertyValueSpecification","valueRequired":true,"valueName":"search_term_string"}}],"inLanguage":"de"}]}},"_links":{"self":[{"href":"https:\/\/yrab.ch\/de\/wp-json\/wp\/v2\/pages\/206","targetHints":{"allow":["GET"]}}],"collection":[{"href":"https:\/\/yrab.ch\/de\/wp-json\/wp\/v2\/pages"}],"about":[{"href":"https:\/\/yrab.ch\/de\/wp-json\/wp\/v2\/types\/page"}],"author":[{"embeddable":true,"href":"https:\/\/yrab.ch\/de\/wp-json\/wp\/v2\/users\/1"}],"replies":[{"embeddable":true,"href":"https:\/\/yrab.ch\/de\/wp-json\/wp\/v2\/comments?post=206"}],"version-history":[{"count":10,"href":"https:\/\/yrab.ch\/de\/wp-json\/wp\/v2\/pages\/206\/revisions"}],"predecessor-version":[{"id":794,"href":"https:\/\/yrab.ch\/de\/wp-json\/wp\/v2\/pages\/206\/revisions\/794"}],"up":[{"embeddable":true,"href":"https:\/\/yrab.ch\/de\/wp-json\/wp\/v2\/pages\/115"}],"wp:attachment":[{"href":"https:\/\/yrab.ch\/de\/wp-json\/wp\/v2\/media?parent=206"}],"curies":[{"name":"wp","href":"https:\/\/api.w.org\/{rel}","templated":true}]}}