{"id":211,"date":"2019-04-17T20:13:52","date_gmt":"2019-04-17T20:13:52","guid":{"rendered":"https:\/\/yrab.ch\/?page_id=211"},"modified":"2019-06-07T08:29:01","modified_gmt":"2019-06-07T08:29:01","slug":"gesuche","status":"publish","type":"page","link":"https:\/\/yrab.ch\/de\/dienstleistungen\/gesuche\/","title":{"rendered":"Gesuche"},"content":{"rendered":"\t\t<div data-elementor-type=\"wp-post\" data-elementor-id=\"211\" class=\"elementor elementor-211\" data-elementor-post-type=\"page\">\n\t\t\t\t\t\t<section class=\"elementor-section elementor-top-section elementor-element elementor-element-1b12ac6a elementor-section-boxed elementor-section-height-default elementor-section-height-default\" data-id=\"1b12ac6a\" data-element_type=\"section\" data-e-type=\"section\" data-settings=\"{&quot;background_background&quot;:&quot;classic&quot;}\">\n\t\t\t\t\t\t<div class=\"elementor-container elementor-column-gap-default\">\n\t\t\t\t\t<div class=\"elementor-column elementor-col-100 elementor-top-column elementor-element elementor-element-3cda013\" data-id=\"3cda013\" data-element_type=\"column\" data-e-type=\"column\">\n\t\t\t<div class=\"elementor-widget-wrap elementor-element-populated\">\n\t\t\t\t\t\t<div class=\"elementor-element elementor-element-31a92bb4 elementor-widget__width-auto elementor-view-default elementor-widget elementor-widget-icon\" data-id=\"31a92bb4\" data-element_type=\"widget\" data-e-type=\"widget\" data-widget_type=\"icon.default\">\n\t\t\t\t<div class=\"elementor-widget-container\">\n\t\t\t\t\t\t\t<div class=\"elementor-icon-wrapper\">\n\t\t\t<div class=\"elementor-icon\">\n\t\t\t\t\t\t\t<i class=\"fa fa-home\" aria-hidden=\"true\"><\/i>\n\t\t\t\t\t\t<\/div>\n\t\t<\/div>\n\t\t\t\t\t\t<\/div>\n\t\t\t\t<\/div>\n\t\t\t\t<div class=\"elementor-element elementor-element-44299e96 elementor-widget__width-initial elementor-widget-mobile__width-initial elementor-widget elementor-widget-breadcrumbs\" data-id=\"44299e96\" data-element_type=\"widget\" data-e-type=\"widget\" data-widget_type=\"breadcrumbs.default\">\n\t\t\t\t<div class=\"elementor-widget-container\">\n\t\t\t\t\t<p id=\"breadcrumbs\"><\/p>\t\t\t\t<\/div>\n\t\t\t\t<\/div>\n\t\t\t\t\t<\/div>\n\t\t<\/div>\n\t\t\t\t\t<\/div>\n\t\t<\/section>\n\t\t\t\t<section class=\"elementor-section elementor-top-section elementor-element elementor-element-5e01588a elementor-section-content-middle elementor-section-boxed elementor-section-height-default elementor-section-height-default\" data-id=\"5e01588a\" data-element_type=\"section\" data-e-type=\"section\" data-settings=\"{&quot;background_background&quot;:&quot;classic&quot;}\">\n\t\t\t\t\t\t<div class=\"elementor-container elementor-column-gap-default\">\n\t\t\t\t\t<div class=\"elementor-column elementor-col-100 elementor-top-column elementor-element elementor-element-1cd8d72\" data-id=\"1cd8d72\" data-element_type=\"column\" data-e-type=\"column\" data-settings=\"{&quot;background_background&quot;:&quot;gradient&quot;}\">\n\t\t\t<div class=\"elementor-widget-wrap elementor-element-populated\">\n\t\t\t\t\t<div class=\"elementor-background-overlay\"><\/div>\n\t\t\t\t\t\t<div class=\"elementor-element elementor-element-5e77c2ac elementor-widget elementor-widget-heading\" data-id=\"5e77c2ac\" data-element_type=\"widget\" data-e-type=\"widget\" data-widget_type=\"heading.default\">\n\t\t\t\t<div class=\"elementor-widget-container\">\n\t\t\t\t\t<h2 class=\"elementor-heading-title elementor-size-default\">Gesuche<\/h2>\t\t\t\t<\/div>\n\t\t\t\t<\/div>\n\t\t\t\t<div class=\"elementor-element elementor-element-b41b515 elementor-widget-divider--view-line elementor-widget elementor-widget-divider\" data-id=\"b41b515\" data-element_type=\"widget\" data-e-type=\"widget\" data-widget_type=\"divider.default\">\n\t\t\t\t<div class=\"elementor-widget-container\">\n\t\t\t\t\t\t\t<div class=\"elementor-divider\">\n\t\t\t<span class=\"elementor-divider-separator\">\n\t\t\t\t\t\t<\/span>\n\t\t<\/div>\n\t\t\t\t\t\t<\/div>\n\t\t\t\t<\/div>\n\t\t\t\t<div class=\"elementor-element elementor-element-954712c elementor-widget elementor-widget-text-editor\" data-id=\"954712c\" data-element_type=\"widget\" data-e-type=\"widget\" data-widget_type=\"text-editor.default\">\n\t\t\t\t<div class=\"elementor-widget-container\">\n\t\t\t\t\t\t\t\t\t<p>In der heutigen Zeit brauchen Sie f\u00fcr ein Bauvorhaben diverse Dokumente, um Gesuche und Eingaben zu erstellen. Ich erstelle Ihnen diese gerne.<\/p><p>Hier ist eine Auswahl der g\u00e4ngigsten Gesuche:<\/p><ul><li>Baugesuche<\/li><li>Meldeverfahren<\/li><li>Energienachweise<\/li><li>F\u00f6rdergelder Geb\u00e4udeprogramm<\/li><li>BAB Gesuche<\/li><li>und viele mehr<\/li><li><a href=\"http:\/\/www.dasgebaudeprogramm.ch\/index.php\/de\/gesuche-stellen-kt-gr\">http:\/\/www.dasgebaudeprogramm.ch\/index.php\/de\/gesuche-stellen-kt-gr<\/a><\/li><\/ul>\t\t\t\t\t\t\t\t<\/div>\n\t\t\t\t<\/div>\n\t\t\t\t\t<\/div>\n\t\t<\/div>\n\t\t\t\t\t<\/div>\n\t\t<\/section>\n\t\t\t\t<\/div>\n\t\t","protected":false},"excerpt":{"rendered":"<p>Gesuche In der heutigen Zeit brauchen Sie f\u00fcr ein Bauvorhaben diverse Dokumente, um Gesuche und Eingaben zu erstellen. Ich erstelle Ihnen diese gerne. Hier ist eine Auswahl der g\u00e4ngigsten Gesuche: Baugesuche Meldeverfahren Energienachweise F\u00f6rdergelder Geb\u00e4udeprogramm BAB Gesuche und viele mehr http:\/\/www.dasgebaudeprogramm.ch\/index.php\/de\/gesuche-stellen-kt-gr<\/p>\n","protected":false},"author":1,"featured_media":0,"parent":115,"menu_order":0,"comment_status":"closed","ping_status":"closed","template":"elementor_header_footer","meta":{"footnotes":""},"class_list":["post-211","page","type-page","status-publish"],"yoast_head":"<!-- This site is optimized with the Yoast SEO plugin v27.3 - https:\/\/yoast.com\/product\/yoast-seo-wordpress\/ -->\n<title>Gesuche - DE | Yvan R\u00fcedi Architektur und Bauleitung GmbH<\/title>\n<meta name=\"description\" content=\"Wir unterst\u00fctzen Sie bei s\u00e4mtlichen Gesuchen wie Baugesuche, Meldeverfahren, Energienachweise, F\u00f6rdergelder, BAB Gesuche und vieles mehr.\" \/>\n<meta name=\"robots\" content=\"index, follow, max-snippet:-1, max-image-preview:large, max-video-preview:-1\" \/>\n<link rel=\"canonical\" href=\"https:\/\/yrab.ch\/de\/dienstleistungen\/gesuche\/\" \/>\n<meta property=\"og:locale\" content=\"de_DE\" \/>\n<meta property=\"og:type\" content=\"article\" \/>\n<meta property=\"og:title\" content=\"Gesuche - DE | Yvan R\u00fcedi Architektur und Bauleitung GmbH\" \/>\n<meta property=\"og:description\" content=\"Wir unterst\u00fctzen Sie bei s\u00e4mtlichen Gesuchen wie Baugesuche, Meldeverfahren, Energienachweise, F\u00f6rdergelder, BAB Gesuche und vieles mehr.\" \/>\n<meta property=\"og:url\" content=\"https:\/\/yrab.ch\/de\/dienstleistungen\/gesuche\/\" \/>\n<meta property=\"og:site_name\" content=\"DE | Yvan R\u00fcedi Architektur und Bauleitung GmbH\" \/>\n<meta property=\"article:modified_time\" content=\"2019-06-07T08:29:01+00:00\" \/>\n<meta name=\"twitter:card\" content=\"summary_large_image\" \/>\n<script type=\"application\/ld+json\" class=\"yoast-schema-graph\">{\"@context\":\"https:\\\/\\\/schema.org\",\"@graph\":[{\"@type\":\"WebPage\",\"@id\":\"https:\\\/\\\/yrab.ch\\\/dienstleistungen\\\/gesuche\\\/\",\"url\":\"https:\\\/\\\/yrab.ch\\\/dienstleistungen\\\/gesuche\\\/\",\"name\":\"Gesuche - DE | Yvan R\u00fcedi Architektur und Bauleitung GmbH\",\"isPartOf\":{\"@id\":\"https:\\\/\\\/yrab.ch\\\/#website\"},\"datePublished\":\"2019-04-17T20:13:52+00:00\",\"dateModified\":\"2019-06-07T08:29:01+00:00\",\"description\":\"Wir unterst\u00fctzen Sie bei s\u00e4mtlichen Gesuchen wie Baugesuche, Meldeverfahren, Energienachweise, F\u00f6rdergelder, BAB Gesuche und vieles mehr.\",\"breadcrumb\":{\"@id\":\"https:\\\/\\\/yrab.ch\\\/dienstleistungen\\\/gesuche\\\/#breadcrumb\"},\"inLanguage\":\"de\",\"potentialAction\":[{\"@type\":\"ReadAction\",\"target\":[\"https:\\\/\\\/yrab.ch\\\/dienstleistungen\\\/gesuche\\\/\"]}]},{\"@type\":\"BreadcrumbList\",\"@id\":\"https:\\\/\\\/yrab.ch\\\/dienstleistungen\\\/gesuche\\\/#breadcrumb\",\"itemListElement\":[{\"@type\":\"ListItem\",\"position\":1,\"name\":\"Dienstleistungen\",\"item\":\"https:\\\/\\\/yrab.ch\\\/dienstleistungen\\\/\"},{\"@type\":\"ListItem\",\"position\":2,\"name\":\"Gesuche\"}]},{\"@type\":\"WebSite\",\"@id\":\"https:\\\/\\\/yrab.ch\\\/#website\",\"url\":\"https:\\\/\\\/yrab.ch\\\/\",\"name\":\"Yvan R\u00fcedi Architektur und Bauleitung GmbH\",\"description\":\"Architekturb\u00fcro und Architekt in Pr\u00e4ttigau, Graub\u00fcnden\",\"potentialAction\":[{\"@type\":\"SearchAction\",\"target\":{\"@type\":\"EntryPoint\",\"urlTemplate\":\"https:\\\/\\\/yrab.ch\\\/?s={search_term_string}\"},\"query-input\":{\"@type\":\"PropertyValueSpecification\",\"valueRequired\":true,\"valueName\":\"search_term_string\"}}],\"inLanguage\":\"de\"}]}<\/script>\n<!-- \/ Yoast SEO plugin. -->","yoast_head_json":{"title":"Gesuche - DE | Yvan R\u00fcedi Architektur und Bauleitung GmbH","description":"Wir unterst\u00fctzen Sie bei s\u00e4mtlichen Gesuchen wie Baugesuche, Meldeverfahren, Energienachweise, F\u00f6rdergelder, BAB Gesuche und vieles mehr.","robots":{"index":"index","follow":"follow","max-snippet":"max-snippet:-1","max-image-preview":"max-image-preview:large","max-video-preview":"max-video-preview:-1"},"canonical":"https:\/\/yrab.ch\/de\/dienstleistungen\/gesuche\/","og_locale":"de_DE","og_type":"article","og_title":"Gesuche - DE | Yvan R\u00fcedi Architektur und Bauleitung GmbH","og_description":"Wir unterst\u00fctzen Sie bei s\u00e4mtlichen Gesuchen wie Baugesuche, Meldeverfahren, Energienachweise, F\u00f6rdergelder, BAB Gesuche und vieles mehr.","og_url":"https:\/\/yrab.ch\/de\/dienstleistungen\/gesuche\/","og_site_name":"DE | Yvan R\u00fcedi Architektur und Bauleitung GmbH","article_modified_time":"2019-06-07T08:29:01+00:00","twitter_card":"summary_large_image","schema":{"@context":"https:\/\/schema.org","@graph":[{"@type":"WebPage","@id":"https:\/\/yrab.ch\/dienstleistungen\/gesuche\/","url":"https:\/\/yrab.ch\/dienstleistungen\/gesuche\/","name":"Gesuche - DE | Yvan R\u00fcedi Architektur und Bauleitung GmbH","isPartOf":{"@id":"https:\/\/yrab.ch\/#website"},"datePublished":"2019-04-17T20:13:52+00:00","dateModified":"2019-06-07T08:29:01+00:00","description":"Wir unterst\u00fctzen Sie bei s\u00e4mtlichen Gesuchen wie Baugesuche, Meldeverfahren, Energienachweise, F\u00f6rdergelder, BAB Gesuche und vieles mehr.","breadcrumb":{"@id":"https:\/\/yrab.ch\/dienstleistungen\/gesuche\/#breadcrumb"},"inLanguage":"de","potentialAction":[{"@type":"ReadAction","target":["https:\/\/yrab.ch\/dienstleistungen\/gesuche\/"]}]},{"@type":"BreadcrumbList","@id":"https:\/\/yrab.ch\/dienstleistungen\/gesuche\/#breadcrumb","itemListElement":[{"@type":"ListItem","position":1,"name":"Dienstleistungen","item":"https:\/\/yrab.ch\/dienstleistungen\/"},{"@type":"ListItem","position":2,"name":"Gesuche"}]},{"@type":"WebSite","@id":"https:\/\/yrab.ch\/#website","url":"https:\/\/yrab.ch\/","name":"Yvan R\u00fcedi Architektur und Bauleitung GmbH","description":"Architekturb\u00fcro und Architekt in Pr\u00e4ttigau, Graub\u00fcnden","potentialAction":[{"@type":"SearchAction","target":{"@type":"EntryPoint","urlTemplate":"https:\/\/yrab.ch\/?s={search_term_string}"},"query-input":{"@type":"PropertyValueSpecification","valueRequired":true,"valueName":"search_term_string"}}],"inLanguage":"de"}]}},"_links":{"self":[{"href":"https:\/\/yrab.ch\/de\/wp-json\/wp\/v2\/pages\/211","targetHints":{"allow":["GET"]}}],"collection":[{"href":"https:\/\/yrab.ch\/de\/wp-json\/wp\/v2\/pages"}],"about":[{"href":"https:\/\/yrab.ch\/de\/wp-json\/wp\/v2\/types\/page"}],"author":[{"embeddable":true,"href":"https:\/\/yrab.ch\/de\/wp-json\/wp\/v2\/users\/1"}],"replies":[{"embeddable":true,"href":"https:\/\/yrab.ch\/de\/wp-json\/wp\/v2\/comments?post=211"}],"version-history":[{"count":4,"href":"https:\/\/yrab.ch\/de\/wp-json\/wp\/v2\/pages\/211\/revisions"}],"predecessor-version":[{"id":231,"href":"https:\/\/yrab.ch\/de\/wp-json\/wp\/v2\/pages\/211\/revisions\/231"}],"up":[{"embeddable":true,"href":"https:\/\/yrab.ch\/de\/wp-json\/wp\/v2\/pages\/115"}],"wp:attachment":[{"href":"https:\/\/yrab.ch\/de\/wp-json\/wp\/v2\/media?parent=211"}],"curies":[{"name":"wp","href":"https:\/\/api.w.org\/{rel}","templated":true}]}}