{"id":273,"date":"2019-05-10T12:24:31","date_gmt":"2019-05-10T12:24:31","guid":{"rendered":"https:\/\/yrab.ch\/?page_id=273"},"modified":"2025-09-24T08:56:12","modified_gmt":"2025-09-24T08:56:12","slug":"immobilien-bauland","status":"publish","type":"page","link":"https:\/\/yrab.ch\/de\/immobilien-bauland\/","title":{"rendered":"Immobilien | Bauland"},"content":{"rendered":"\t\t<div data-elementor-type=\"wp-post\" data-elementor-id=\"273\" class=\"elementor elementor-273\" data-elementor-post-type=\"page\">\n\t\t\t\t\t\t<section class=\"elementor-section elementor-top-section elementor-element elementor-element-2ed0b01 elementor-section-boxed elementor-section-height-default elementor-section-height-default\" data-id=\"2ed0b01\" data-element_type=\"section\" data-e-type=\"section\">\n\t\t\t\t\t\t<div class=\"elementor-container elementor-column-gap-default\">\n\t\t\t\t\t<div class=\"elementor-column elementor-col-100 elementor-top-column elementor-element elementor-element-7d9cc83\" data-id=\"7d9cc83\" data-element_type=\"column\" data-e-type=\"column\">\n\t\t\t<div class=\"elementor-widget-wrap elementor-element-populated\">\n\t\t\t\t\t\t<div class=\"elementor-element elementor-element-a451171 elementor-widget elementor-widget-heading\" data-id=\"a451171\" data-element_type=\"widget\" data-e-type=\"widget\" data-widget_type=\"heading.default\">\n\t\t\t\t<div class=\"elementor-widget-container\">\n\t\t\t\t\t<h2 class=\"elementor-heading-title elementor-size-default\"><a href=\"https:\/\/mfh-brunneli.aculoom.ch\/\">Neubau MFH Br\u00fcnneli - im Zentrum von Saas Attraktive 2.5 bis 4.5 Zimmer Erstwohnungen<\/a><\/h2>\t\t\t\t<\/div>\n\t\t\t\t<\/div>\n\t\t\t\t\t<\/div>\n\t\t<\/div>\n\t\t\t\t\t<\/div>\n\t\t<\/section>\n\t\t\t\t<section class=\"elementor-section elementor-top-section elementor-element elementor-element-d4e97f6 elementor-section-boxed elementor-section-height-default elementor-section-height-default\" data-id=\"d4e97f6\" data-element_type=\"section\" data-e-type=\"section\">\n\t\t\t\t\t\t<div class=\"elementor-container elementor-column-gap-default\">\n\t\t\t\t\t<div class=\"elementor-column elementor-col-100 elementor-top-column elementor-element elementor-element-b7f7c03\" data-id=\"b7f7c03\" data-element_type=\"column\" data-e-type=\"column\">\n\t\t\t<div class=\"elementor-widget-wrap elementor-element-populated\">\n\t\t\t\t\t\t<div class=\"elementor-element elementor-element-f65ee08 elementor-widget elementor-widget-image\" data-id=\"f65ee08\" data-element_type=\"widget\" data-e-type=\"widget\" data-widget_type=\"image.default\">\n\t\t\t\t<div class=\"elementor-widget-container\">\n\t\t\t\t\t\t\t\t\t\t\t\t<figure class=\"wp-caption\">\n\t\t\t\t\t\t\t\t\t\t\t<a href=\"https:\/\/mfh-brunneli.aculoom.ch\/\" target=\"_blank\">\n\t\t\t\t\t\t\t<img fetchpriority=\"high\" decoding=\"async\" width=\"768\" height=\"575\" src=\"https:\/\/yrab.ch\/wp-content\/uploads\/2025\/09\/Lage-Aerial-3-1024x767.jpg\" class=\"attachment-large size-large wp-image-1114\" alt=\"\" srcset=\"https:\/\/yrab.ch\/wp-content\/uploads\/2025\/09\/Lage-Aerial-3-1024x767.jpg 1024w, https:\/\/yrab.ch\/wp-content\/uploads\/2025\/09\/Lage-Aerial-3-300x225.jpg 300w, https:\/\/yrab.ch\/wp-content\/uploads\/2025\/09\/Lage-Aerial-3-768x575.jpg 768w, https:\/\/yrab.ch\/wp-content\/uploads\/2025\/09\/Lage-Aerial-3-1536x1151.jpg 1536w, https:\/\/yrab.ch\/wp-content\/uploads\/2025\/09\/Lage-Aerial-3-2048x1534.jpg 2048w, https:\/\/yrab.ch\/wp-content\/uploads\/2025\/09\/Lage-Aerial-3-16x12.jpg 16w, https:\/\/yrab.ch\/wp-content\/uploads\/2025\/09\/Lage-Aerial-3-scaled.jpg 1025w\" sizes=\"(max-width: 768px) 100vw, 768px\" \/>\t\t\t\t\t\t\t\t<\/a>\n\t\t\t\t\t\t\t\t\t\t\t<figcaption class=\"widget-image-caption wp-caption-text\"><\/figcaption>\n\t\t\t\t\t\t\t\t\t\t<\/figure>\n\t\t\t\t\t\t\t\t\t<\/div>\n\t\t\t\t<\/div>\n\t\t\t\t\t<\/div>\n\t\t<\/div>\n\t\t\t\t\t<\/div>\n\t\t<\/section>\n\t\t\t\t<section class=\"elementor-section elementor-top-section elementor-element elementor-element-77240daa elementor-section-boxed elementor-section-height-default elementor-section-height-default\" data-id=\"77240daa\" data-element_type=\"section\" data-e-type=\"section\" data-settings=\"{&quot;background_background&quot;:&quot;classic&quot;}\">\n\t\t\t\t\t\t<div class=\"elementor-container elementor-column-gap-default\">\n\t\t\t\t\t<div class=\"elementor-column elementor-col-100 elementor-top-column elementor-element elementor-element-41a4783a\" data-id=\"41a4783a\" data-element_type=\"column\" data-e-type=\"column\">\n\t\t\t<div class=\"elementor-widget-wrap elementor-element-populated\">\n\t\t\t\t\t\t<div class=\"elementor-element elementor-element-7e2dc2df elementor-widget__width-auto elementor-view-default elementor-widget elementor-widget-icon\" data-id=\"7e2dc2df\" data-element_type=\"widget\" data-e-type=\"widget\" data-widget_type=\"icon.default\">\n\t\t\t\t<div class=\"elementor-widget-container\">\n\t\t\t\t\t\t\t<div class=\"elementor-icon-wrapper\">\n\t\t\t<div class=\"elementor-icon\">\n\t\t\t\t\t\t\t<i class=\"fa fa-home\" aria-hidden=\"true\"><\/i>\n\t\t\t\t\t\t<\/div>\n\t\t<\/div>\n\t\t\t\t\t\t<\/div>\n\t\t\t\t<\/div>\n\t\t\t\t<div class=\"elementor-element elementor-element-290f0752 elementor-widget__width-initial elementor-widget-mobile__width-initial elementor-widget elementor-widget-breadcrumbs\" data-id=\"290f0752\" data-element_type=\"widget\" data-e-type=\"widget\" data-widget_type=\"breadcrumbs.default\">\n\t\t\t\t<div class=\"elementor-widget-container\">\n\t\t\t\t\t<p id=\"breadcrumbs\"><\/p>\t\t\t\t<\/div>\n\t\t\t\t<\/div>\n\t\t\t\t\t<\/div>\n\t\t<\/div>\n\t\t\t\t\t<\/div>\n\t\t<\/section>\n\t\t\t\t<section class=\"elementor-section elementor-top-section elementor-element elementor-element-f1cffd4 elementor-section-boxed elementor-section-height-default elementor-section-height-default\" data-id=\"f1cffd4\" data-element_type=\"section\" data-e-type=\"section\">\n\t\t\t\t\t\t<div class=\"elementor-container elementor-column-gap-default\">\n\t\t\t\t\t<div class=\"elementor-column elementor-col-100 elementor-top-column elementor-element elementor-element-f790711\" data-id=\"f790711\" data-element_type=\"column\" data-e-type=\"column\" data-settings=\"{&quot;background_background&quot;:&quot;classic&quot;}\">\n\t\t\t<div class=\"elementor-widget-wrap elementor-element-populated\">\n\t\t\t\t\t\t<div class=\"elementor-element elementor-element-6b6d733 elementor-widget elementor-widget-heading\" data-id=\"6b6d733\" data-element_type=\"widget\" data-e-type=\"widget\" data-widget_type=\"heading.default\">\n\t\t\t\t<div class=\"elementor-widget-container\">\n\t\t\t\t\t<h2 class=\"elementor-heading-title elementor-size-default\">Neubau MFH Mark\u00e4 Huus - Wohnen im Zentrum von K\u00fcblis\u200b<\/h2>\t\t\t\t<\/div>\n\t\t\t\t<\/div>\n\t\t\t\t<div class=\"elementor-element elementor-element-4a23f29 elementor-widget elementor-widget-heading\" data-id=\"4a23f29\" data-element_type=\"widget\" data-e-type=\"widget\" data-widget_type=\"heading.default\">\n\t\t\t\t<div class=\"elementor-widget-container\">\n\t\t\t\t\t<h2 class=\"elementor-heading-title elementor-size-default\">Bauland - Projekte - Immobilien:<\/h2>\t\t\t\t<\/div>\n\t\t\t\t<\/div>\n\t\t\t\t<div class=\"elementor-element elementor-element-a82f2d2 elementor-widget elementor-widget-text-editor\" data-id=\"a82f2d2\" data-element_type=\"widget\" data-e-type=\"widget\" data-widget_type=\"text-editor.default\">\n\t\t\t\t<div class=\"elementor-widget-container\">\n\t\t\t\t\t\t\t\t\t<p style=\"text-align: center;\"><strong><span style=\"color: #ffffff;\">Im Zentrum von K\u00fcblis entsteht ein Mehrfamilienhaus mit insgesamt 8 Wohnungen. von 3.5 Zimmer bis 5.5. Zimmer grosse Wohnungen ideal f\u00fcr Familien.<\/span><\/strong><\/p><p style=\"text-align: center;\"><strong><span style=\"color: #ffffff;\">Letzte beide Erdgeschosswohnungen 4.5 und 5.5 Zimmer noch verf\u00fcgbar<\/span><\/strong><\/p><p style=\"text-align: center;\">Der Verkauf l\u00e4uft \u00fcber Kara Immobilien Landquart.<\/p><p><blockquote class=\"wp-embedded-content\" data-secret=\"iEmBjjBtxf\"><a href=\"https:\/\/mfh-dorfstrasse.aculoom.ch\/\">Projekt<\/a><\/blockquote><iframe class=\"wp-embedded-content\" sandbox=\"allow-scripts\" security=\"restricted\" style=\"position: absolute; visibility: hidden;\" title=\"&#8220;Projekt&#8221; &#8212; MFH Dorfstrasse\" src=\"https:\/\/mfh-dorfstrasse.aculoom.ch\/embed\/#?secret=2p2WyqSMs7#?secret=iEmBjjBtxf\" data-secret=\"iEmBjjBtxf\" width=\"600\" height=\"338\" frameborder=\"0\" marginwidth=\"0\" marginheight=\"0\" scrolling=\"no\"><\/iframe><\/p><p style=\"text-align: center;\">\u00a0<\/p>\t\t\t\t\t\t\t\t<\/div>\n\t\t\t\t<\/div>\n\t\t\t\t<div class=\"elementor-element elementor-element-2da3d16 elementor-skin-coverflow elementor-arrows-yes elementor-pagination-type-bullets elementor-pagination-position-outside elementor-widget elementor-widget-media-carousel\" data-id=\"2da3d16\" data-element_type=\"widget\" data-e-type=\"widget\" data-settings=\"{&quot;skin&quot;:&quot;coverflow&quot;,&quot;show_arrows&quot;:&quot;yes&quot;,&quot;pagination&quot;:&quot;bullets&quot;,&quot;speed&quot;:500,&quot;autoplay&quot;:&quot;yes&quot;,&quot;autoplay_speed&quot;:5000,&quot;loop&quot;:&quot;yes&quot;,&quot;pause_on_hover&quot;:&quot;yes&quot;,&quot;pause_on_interaction&quot;:&quot;yes&quot;,&quot;space_between&quot;:{&quot;unit&quot;:&quot;px&quot;,&quot;size&quot;:10,&quot;sizes&quot;:[]},&quot;space_between_tablet&quot;:{&quot;unit&quot;:&quot;px&quot;,&quot;size&quot;:10,&quot;sizes&quot;:[]},&quot;space_between_mobile&quot;:{&quot;unit&quot;:&quot;px&quot;,&quot;size&quot;:10,&quot;sizes&quot;:[]}}\" data-widget_type=\"media-carousel.default\">\n\t\t\t\t<div class=\"elementor-widget-container\">\n\t\t\t\t\t\t\t\t\t<div class=\"elementor-swiper\">\n\t\t\t\t\t<div class=\"elementor-main-swiper swiper\" role=\"region\" aria-roledescription=\"carousel\" aria-label=\"Slider\">\n\t\t\t\t<div class=\"swiper-wrapper\">\n\t\t\t\t\t\t\t\t\t\t\t<div class=\"swiper-slide\" role=\"group\" aria-roledescription=\"slide\">\n\t\t\t\t\t\t\t\t\t<div class=\"elementor-carousel-image\" role=\"img\" aria-label=\"Exterior 1\" style=\"background-image: url(&#039;https:\/\/yrab.ch\/wp-content\/uploads\/2023\/06\/Exterior-1-scaled.jpg&#039;)\">\n\n\t\t\t\n\t\t\t\t\t<\/div>\n\t\t\t\t\t\t\t\t<\/div>\n\t\t\t\t\t\t\t\t\t<\/div>\n\t\t\t\t\t\t\t<\/div>\n\t\t\t\t<\/div>\n\t\t\t\t\t\t\t\t<\/div>\n\t\t\t\t<\/div>\n\t\t\t\t\t<\/div>\n\t\t<\/div>\n\t\t\t\t\t<\/div>\n\t\t<\/section>\n\t\t\t\t<section class=\"elementor-section elementor-top-section elementor-element elementor-element-771ec3d1 elementor-section-content-middle elementor-section-boxed elementor-section-height-default elementor-section-height-default\" data-id=\"771ec3d1\" data-element_type=\"section\" data-e-type=\"section\" data-settings=\"{&quot;background_background&quot;:&quot;classic&quot;}\">\n\t\t\t\t\t\t<div class=\"elementor-container elementor-column-gap-default\">\n\t\t\t\t\t<div class=\"elementor-column elementor-col-100 elementor-top-column elementor-element elementor-element-13cc59e2\" data-id=\"13cc59e2\" data-element_type=\"column\" data-e-type=\"column\" data-settings=\"{&quot;background_background&quot;:&quot;gradient&quot;}\">\n\t\t\t<div class=\"elementor-widget-wrap elementor-element-populated\">\n\t\t\t\t\t<div class=\"elementor-background-overlay\"><\/div>\n\t\t\t\t\t\t<div class=\"elementor-element elementor-element-754c12bb elementor-widget elementor-widget-heading\" data-id=\"754c12bb\" data-element_type=\"widget\" data-e-type=\"widget\" data-widget_type=\"heading.default\">\n\t\t\t\t<div class=\"elementor-widget-container\">\n\t\t\t\t\t<h2 class=\"elementor-heading-title elementor-size-default\">Bauland - Projekte - Immobilien:<\/h2>\t\t\t\t<\/div>\n\t\t\t\t<\/div>\n\t\t\t\t<div class=\"elementor-element elementor-element-f197eea elementor-widget-divider--view-line elementor-widget elementor-widget-divider\" data-id=\"f197eea\" data-element_type=\"widget\" data-e-type=\"widget\" data-widget_type=\"divider.default\">\n\t\t\t\t<div class=\"elementor-widget-container\">\n\t\t\t\t\t\t\t<div class=\"elementor-divider\">\n\t\t\t<span class=\"elementor-divider-separator\">\n\t\t\t\t\t\t<\/span>\n\t\t<\/div>\n\t\t\t\t\t\t<\/div>\n\t\t\t\t<\/div>\n\t\t\t\t<div class=\"elementor-element elementor-element-93ba677 elementor-widget elementor-widget-text-editor\" data-id=\"93ba677\" data-element_type=\"widget\" data-e-type=\"widget\" data-widget_type=\"text-editor.default\">\n\t\t\t\t<div class=\"elementor-widget-container\">\n\t\t\t\t\t\t\t\t\t<p><span style=\"color: #ffffff;\"><strong>Wir Suchen Klosters-Serneus nach Bauland<\/strong> f\u00fcr Einheimsche Familien, kennt ihr jemanden der eine Parzelle zu normalen Konditionen zu verkaufen hat, dann meldet euch bei uns.<br><\/span><\/p>\t\t\t\t\t\t\t\t<\/div>\n\t\t\t\t<\/div>\n\t\t\t\t\t<\/div>\n\t\t<\/div>\n\t\t\t\t\t<\/div>\n\t\t<\/section>\n\t\t\t\t<\/div>\n\t\t","protected":false},"excerpt":{"rendered":"<p>Neubau MFH Br\u00fcnneli &#8211; im Zentrum von Saas Attraktive 2.5 bis 4.5 Zimmer Erstwohnungen Neubau MFH Mark\u00e4 Huus &#8211; Wohnen im Zentrum von K\u00fcblis\u200b Bauland &#8211; Projekte &#8211; Immobilien: Im Zentrum von K\u00fcblis entsteht ein Mehrfamilienhaus mit insgesamt 8 Wohnungen. von 3.5 Zimmer bis 5.5. Zimmer grosse Wohnungen ideal f\u00fcr Familien. Letzte beide Erdgeschosswohnungen 4.5 &#8230; <a title=\"Immobilien | Bauland\" class=\"read-more\" href=\"https:\/\/yrab.ch\/de\/immobilien-bauland\/\" aria-label=\"Mehr Informationen \u00fcber Immobilien | Bauland\">Weiterlesen<\/a><\/p>\n","protected":false},"author":1,"featured_media":0,"parent":0,"menu_order":0,"comment_status":"closed","ping_status":"closed","template":"elementor_header_footer","meta":{"footnotes":""},"class_list":["post-273","page","type-page","status-publish"],"yoast_head":"<!-- This site is optimized with the Yoast SEO plugin v27.3 - https:\/\/yoast.com\/product\/yoast-seo-wordpress\/ -->\n<title>Immobilien | Bauland - DE | Yvan R\u00fcedi Architektur und Bauleitung GmbH<\/title>\n<meta name=\"description\" content=\"Suchanfragen so wie Angebote f\u00fcr Immobilien und Bauland. In dieser Rubrick finden Sie bestehende Anfragen oder laufende Projekte | Angebote.\" \/>\n<meta name=\"robots\" content=\"index, follow, max-snippet:-1, max-image-preview:large, max-video-preview:-1\" \/>\n<link rel=\"canonical\" href=\"https:\/\/yrab.ch\/de\/immobilien-bauland\/\" \/>\n<meta property=\"og:locale\" content=\"de_DE\" \/>\n<meta property=\"og:type\" content=\"article\" \/>\n<meta property=\"og:title\" content=\"Immobilien | Bauland - DE | Yvan R\u00fcedi Architektur und Bauleitung GmbH\" \/>\n<meta property=\"og:description\" content=\"Suchanfragen so wie Angebote f\u00fcr Immobilien und Bauland. In dieser Rubrick finden Sie bestehende Anfragen oder laufende Projekte | Angebote.\" \/>\n<meta property=\"og:url\" content=\"https:\/\/yrab.ch\/de\/immobilien-bauland\/\" \/>\n<meta property=\"og:site_name\" content=\"DE | Yvan R\u00fcedi Architektur und Bauleitung GmbH\" \/>\n<meta property=\"article:modified_time\" content=\"2025-09-24T08:56:12+00:00\" \/>\n<meta property=\"og:image\" content=\"https:\/\/yrab.ch\/wp-content\/uploads\/2025\/09\/Lage-Aerial-3-scaled.jpg\" \/>\n\t<meta property=\"og:image:width\" content=\"1025\" \/>\n\t<meta property=\"og:image:height\" content=\"768\" \/>\n\t<meta property=\"og:image:type\" content=\"image\/jpeg\" \/>\n<meta name=\"twitter:card\" content=\"summary_large_image\" \/>\n<meta name=\"twitter:label1\" content=\"Gesch\u00e4tzte Lesezeit\" \/>\n\t<meta name=\"twitter:data1\" content=\"1\u00a0Minute\" \/>\n<script type=\"application\/ld+json\" class=\"yoast-schema-graph\">{\"@context\":\"https:\\\/\\\/schema.org\",\"@graph\":[{\"@type\":\"WebPage\",\"@id\":\"https:\\\/\\\/yrab.ch\\\/immobilien-bauland\\\/\",\"url\":\"https:\\\/\\\/yrab.ch\\\/immobilien-bauland\\\/\",\"name\":\"Immobilien | Bauland - DE | Yvan R\u00fcedi Architektur und Bauleitung GmbH\",\"isPartOf\":{\"@id\":\"https:\\\/\\\/yrab.ch\\\/#website\"},\"primaryImageOfPage\":{\"@id\":\"https:\\\/\\\/yrab.ch\\\/immobilien-bauland\\\/#primaryimage\"},\"image\":{\"@id\":\"https:\\\/\\\/yrab.ch\\\/immobilien-bauland\\\/#primaryimage\"},\"thumbnailUrl\":\"https:\\\/\\\/yrab.ch\\\/wp-content\\\/uploads\\\/2025\\\/09\\\/Lage-Aerial-3-1024x767.jpg\",\"datePublished\":\"2019-05-10T12:24:31+00:00\",\"dateModified\":\"2025-09-24T08:56:12+00:00\",\"description\":\"Suchanfragen so wie Angebote f\u00fcr Immobilien und Bauland. In dieser Rubrick finden Sie bestehende Anfragen oder laufende Projekte | Angebote.\",\"inLanguage\":\"de\",\"potentialAction\":[{\"@type\":\"ReadAction\",\"target\":[\"https:\\\/\\\/yrab.ch\\\/immobilien-bauland\\\/\"]}]},{\"@type\":\"ImageObject\",\"inLanguage\":\"de\",\"@id\":\"https:\\\/\\\/yrab.ch\\\/immobilien-bauland\\\/#primaryimage\",\"url\":\"https:\\\/\\\/yrab.ch\\\/wp-content\\\/uploads\\\/2025\\\/09\\\/Lage-Aerial-3-1024x767.jpg\",\"contentUrl\":\"https:\\\/\\\/yrab.ch\\\/wp-content\\\/uploads\\\/2025\\\/09\\\/Lage-Aerial-3-1024x767.jpg\"},{\"@type\":\"WebSite\",\"@id\":\"https:\\\/\\\/yrab.ch\\\/#website\",\"url\":\"https:\\\/\\\/yrab.ch\\\/\",\"name\":\"Yvan R\u00fcedi Architektur und Bauleitung GmbH\",\"description\":\"Architekturb\u00fcro und Architekt in Pr\u00e4ttigau, Graub\u00fcnden\",\"potentialAction\":[{\"@type\":\"SearchAction\",\"target\":{\"@type\":\"EntryPoint\",\"urlTemplate\":\"https:\\\/\\\/yrab.ch\\\/?s={search_term_string}\"},\"query-input\":{\"@type\":\"PropertyValueSpecification\",\"valueRequired\":true,\"valueName\":\"search_term_string\"}}],\"inLanguage\":\"de\"}]}<\/script>\n<!-- \/ Yoast SEO plugin. -->","yoast_head_json":{"title":"Immobilien | Bauland - DE | Yvan R\u00fcedi Architektur und Bauleitung GmbH","description":"Suchanfragen so wie Angebote f\u00fcr Immobilien und Bauland. In dieser Rubrick finden Sie bestehende Anfragen oder laufende Projekte | Angebote.","robots":{"index":"index","follow":"follow","max-snippet":"max-snippet:-1","max-image-preview":"max-image-preview:large","max-video-preview":"max-video-preview:-1"},"canonical":"https:\/\/yrab.ch\/de\/immobilien-bauland\/","og_locale":"de_DE","og_type":"article","og_title":"Immobilien | Bauland - DE | Yvan R\u00fcedi Architektur und Bauleitung GmbH","og_description":"Suchanfragen so wie Angebote f\u00fcr Immobilien und Bauland. In dieser Rubrick finden Sie bestehende Anfragen oder laufende Projekte | Angebote.","og_url":"https:\/\/yrab.ch\/de\/immobilien-bauland\/","og_site_name":"DE | Yvan R\u00fcedi Architektur und Bauleitung GmbH","article_modified_time":"2025-09-24T08:56:12+00:00","og_image":[{"width":1025,"height":768,"url":"https:\/\/yrab.ch\/wp-content\/uploads\/2025\/09\/Lage-Aerial-3-scaled.jpg","type":"image\/jpeg"}],"twitter_card":"summary_large_image","twitter_misc":{"Gesch\u00e4tzte Lesezeit":"1\u00a0Minute"},"schema":{"@context":"https:\/\/schema.org","@graph":[{"@type":"WebPage","@id":"https:\/\/yrab.ch\/immobilien-bauland\/","url":"https:\/\/yrab.ch\/immobilien-bauland\/","name":"Immobilien | Bauland - DE | Yvan R\u00fcedi Architektur und Bauleitung GmbH","isPartOf":{"@id":"https:\/\/yrab.ch\/#website"},"primaryImageOfPage":{"@id":"https:\/\/yrab.ch\/immobilien-bauland\/#primaryimage"},"image":{"@id":"https:\/\/yrab.ch\/immobilien-bauland\/#primaryimage"},"thumbnailUrl":"https:\/\/yrab.ch\/wp-content\/uploads\/2025\/09\/Lage-Aerial-3-1024x767.jpg","datePublished":"2019-05-10T12:24:31+00:00","dateModified":"2025-09-24T08:56:12+00:00","description":"Suchanfragen so wie Angebote f\u00fcr Immobilien und Bauland. In dieser Rubrick finden Sie bestehende Anfragen oder laufende Projekte | Angebote.","inLanguage":"de","potentialAction":[{"@type":"ReadAction","target":["https:\/\/yrab.ch\/immobilien-bauland\/"]}]},{"@type":"ImageObject","inLanguage":"de","@id":"https:\/\/yrab.ch\/immobilien-bauland\/#primaryimage","url":"https:\/\/yrab.ch\/wp-content\/uploads\/2025\/09\/Lage-Aerial-3-1024x767.jpg","contentUrl":"https:\/\/yrab.ch\/wp-content\/uploads\/2025\/09\/Lage-Aerial-3-1024x767.jpg"},{"@type":"WebSite","@id":"https:\/\/yrab.ch\/#website","url":"https:\/\/yrab.ch\/","name":"Yvan R\u00fcedi Architektur und Bauleitung GmbH","description":"Architekturb\u00fcro und Architekt in Pr\u00e4ttigau, Graub\u00fcnden","potentialAction":[{"@type":"SearchAction","target":{"@type":"EntryPoint","urlTemplate":"https:\/\/yrab.ch\/?s={search_term_string}"},"query-input":{"@type":"PropertyValueSpecification","valueRequired":true,"valueName":"search_term_string"}}],"inLanguage":"de"}]}},"_links":{"self":[{"href":"https:\/\/yrab.ch\/de\/wp-json\/wp\/v2\/pages\/273","targetHints":{"allow":["GET"]}}],"collection":[{"href":"https:\/\/yrab.ch\/de\/wp-json\/wp\/v2\/pages"}],"about":[{"href":"https:\/\/yrab.ch\/de\/wp-json\/wp\/v2\/types\/page"}],"author":[{"embeddable":true,"href":"https:\/\/yrab.ch\/de\/wp-json\/wp\/v2\/users\/1"}],"replies":[{"embeddable":true,"href":"https:\/\/yrab.ch\/de\/wp-json\/wp\/v2\/comments?post=273"}],"version-history":[{"count":132,"href":"https:\/\/yrab.ch\/de\/wp-json\/wp\/v2\/pages\/273\/revisions"}],"predecessor-version":[{"id":1120,"href":"https:\/\/yrab.ch\/de\/wp-json\/wp\/v2\/pages\/273\/revisions\/1120"}],"wp:attachment":[{"href":"https:\/\/yrab.ch\/de\/wp-json\/wp\/v2\/media?parent=273"}],"curies":[{"name":"wp","href":"https:\/\/api.w.org\/{rel}","templated":true}]}}