{"id":302,"date":"2019-05-10T12:54:14","date_gmt":"2019-05-10T12:54:14","guid":{"rendered":"https:\/\/yrab.ch\/?page_id=302"},"modified":"2023-08-25T12:49:13","modified_gmt":"2023-08-25T12:49:13","slug":"kontakt","status":"publish","type":"page","link":"https:\/\/yrab.ch\/de\/kontakt\/","title":{"rendered":"Kontakt"},"content":{"rendered":"\t\t<div data-elementor-type=\"wp-post\" data-elementor-id=\"302\" class=\"elementor elementor-302\" data-elementor-post-type=\"page\">\n\t\t\t\t\t\t<section class=\"elementor-section elementor-top-section elementor-element elementor-element-2492c425 elementor-section-boxed elementor-section-height-default elementor-section-height-default\" data-id=\"2492c425\" data-element_type=\"section\" data-e-type=\"section\" data-settings=\"{&quot;background_background&quot;:&quot;classic&quot;}\">\n\t\t\t\t\t\t<div class=\"elementor-container elementor-column-gap-default\">\n\t\t\t\t\t<div class=\"elementor-column elementor-col-100 elementor-top-column elementor-element elementor-element-3c8ae465\" data-id=\"3c8ae465\" data-element_type=\"column\" data-e-type=\"column\">\n\t\t\t<div class=\"elementor-widget-wrap elementor-element-populated\">\n\t\t\t\t\t\t<div class=\"elementor-element elementor-element-47eb8ab1 elementor-widget__width-auto elementor-view-default elementor-widget elementor-widget-icon\" data-id=\"47eb8ab1\" data-element_type=\"widget\" data-e-type=\"widget\" data-widget_type=\"icon.default\">\n\t\t\t\t<div class=\"elementor-widget-container\">\n\t\t\t\t\t\t\t<div class=\"elementor-icon-wrapper\">\n\t\t\t<div class=\"elementor-icon\">\n\t\t\t\t\t\t\t<i class=\"fa fa-home\" aria-hidden=\"true\"><\/i>\n\t\t\t\t\t\t<\/div>\n\t\t<\/div>\n\t\t\t\t\t\t<\/div>\n\t\t\t\t<\/div>\n\t\t\t\t<div class=\"elementor-element elementor-element-1b5d1f95 elementor-widget__width-initial elementor-widget elementor-widget-breadcrumbs\" data-id=\"1b5d1f95\" data-element_type=\"widget\" data-e-type=\"widget\" data-widget_type=\"breadcrumbs.default\">\n\t\t\t\t<div class=\"elementor-widget-container\">\n\t\t\t\t\t<p id=\"breadcrumbs\"><\/p>\t\t\t\t<\/div>\n\t\t\t\t<\/div>\n\t\t\t\t\t<\/div>\n\t\t<\/div>\n\t\t\t\t\t<\/div>\n\t\t<\/section>\n\t\t\t\t<section class=\"elementor-section elementor-top-section elementor-element elementor-element-2cc64de3 elementor-section-content-middle elementor-section-boxed elementor-section-height-default elementor-section-height-default\" data-id=\"2cc64de3\" data-element_type=\"section\" data-e-type=\"section\" data-settings=\"{&quot;background_background&quot;:&quot;classic&quot;}\">\n\t\t\t\t\t\t<div class=\"elementor-container elementor-column-gap-no\">\n\t\t\t\t\t<div class=\"elementor-column elementor-col-50 elementor-top-column elementor-element elementor-element-408cf161\" data-id=\"408cf161\" data-element_type=\"column\" data-e-type=\"column\" data-settings=\"{&quot;background_background&quot;:&quot;gradient&quot;}\">\n\t\t\t<div class=\"elementor-widget-wrap elementor-element-populated\">\n\t\t\t\t\t<div class=\"elementor-background-overlay\"><\/div>\n\t\t\t\t\t\t<div class=\"elementor-element elementor-element-7ac27d33 elementor-widget elementor-widget-heading\" data-id=\"7ac27d33\" data-element_type=\"widget\" data-e-type=\"widget\" data-widget_type=\"heading.default\">\n\t\t\t\t<div class=\"elementor-widget-container\">\n\t\t\t\t\t<h2 class=\"elementor-heading-title elementor-size-default\">Kontakt<\/h2>\t\t\t\t<\/div>\n\t\t\t\t<\/div>\n\t\t\t\t<div class=\"elementor-element elementor-element-230ac8c7 elementor-widget-divider--view-line elementor-widget elementor-widget-divider\" data-id=\"230ac8c7\" data-element_type=\"widget\" data-e-type=\"widget\" data-widget_type=\"divider.default\">\n\t\t\t\t<div class=\"elementor-widget-container\">\n\t\t\t\t\t\t\t<div class=\"elementor-divider\">\n\t\t\t<span class=\"elementor-divider-separator\">\n\t\t\t\t\t\t<\/span>\n\t\t<\/div>\n\t\t\t\t\t\t<\/div>\n\t\t\t\t<\/div>\n\t\t\t\t<div class=\"elementor-element elementor-element-26dde4c9 elementor-widget elementor-widget-text-editor\" data-id=\"26dde4c9\" data-element_type=\"widget\" data-e-type=\"widget\" data-widget_type=\"text-editor.default\">\n\t\t\t\t<div class=\"elementor-widget-container\">\n\t\t\t\t\t\t\t\t\t<p><strong>Yvan R\u00fcedi Architektur und Bauleitung GmbH<\/strong><\/p><p>Mezzaselvaweg 2<br \/>CH &#8211; 7249 Serneus<\/p><p>Tel: <a href=\"tel:+41814042002\">081 404 20 02<\/a><br \/>Mobil:\u00a0<a style=\"background-color: #000000;\" href=\"tel:+41792062742\">079 206 27 42<\/a><\/p><p><a href=\"mailto:info@yrab.ch\">info@yrab.ch<\/a><\/p>\t\t\t\t\t\t\t\t<\/div>\n\t\t\t\t<\/div>\n\t\t\t\t<div class=\"elementor-element elementor-element-20064eb elementor-button-align-stretch elementor-widget elementor-widget-form\" data-id=\"20064eb\" data-element_type=\"widget\" data-e-type=\"widget\" data-settings=\"{&quot;step_next_label&quot;:&quot;N\\u00e4chster&quot;,&quot;step_previous_label&quot;:&quot;Voriger&quot;,&quot;button_width&quot;:&quot;100&quot;,&quot;step_type&quot;:&quot;number_text&quot;,&quot;step_icon_shape&quot;:&quot;circle&quot;}\" data-widget_type=\"form.default\">\n\t\t\t\t<div class=\"elementor-widget-container\">\n\t\t\t\t\t\t\t<form class=\"elementor-form\" method=\"post\" name=\"Neues Formular\" aria-label=\"Neues Formular\">\n\t\t\t<input type=\"hidden\" name=\"post_id\" value=\"302\"\/>\n\t\t\t<input type=\"hidden\" name=\"form_id\" value=\"20064eb\"\/>\n\t\t\t<input type=\"hidden\" name=\"referer_title\" value=\"Kontakt - DE | Yvan R\u00fcedi Architektur und Bauleitung GmbH\" \/>\n\n\t\t\t\t\t\t\t<input type=\"hidden\" name=\"queried_id\" value=\"302\"\/>\n\t\t\t\n\t\t\t<div class=\"elementor-form-fields-wrapper elementor-labels-above\">\n\t\t\t\t\t\t\t\t<div class=\"elementor-field-type-select elementor-field-group elementor-column elementor-field-group-name elementor-col-100 elementor-field-required\">\n\t\t\t\t\t\t\t\t\t\t\t\t<label for=\"form-field-name\" class=\"elementor-field-label\">\n\t\t\t\t\t\t\t\tAnrede\t\t\t\t\t\t\t<\/label>\n\t\t\t\t\t\t\t\t<div class=\"elementor-field elementor-select-wrapper remove-before \">\n\t\t\t<div class=\"select-caret-down-wrapper\">\n\t\t\t\t<i aria-hidden=\"true\" class=\"eicon-caret-down\"><\/i>\t\t\t<\/div>\n\t\t\t<select name=\"form_fields[name]\" id=\"form-field-name\" class=\"elementor-field-textual elementor-size-sm\" required=\"required\">\n\t\t\t\t\t\t\t\t\t<option value=\"Bitte w\u00e4hlen\">Bitte w\u00e4hlen<\/option>\n\t\t\t\t\t\t\t\t\t<option value=\"Frau\">Frau<\/option>\n\t\t\t\t\t\t\t\t\t<option value=\"Herr\">Herr<\/option>\n\t\t\t\t\t\t\t<\/select>\n\t\t<\/div>\n\t\t\t\t\t\t<\/div>\n\t\t\t\t\t\t\t\t<div class=\"elementor-field-type-text elementor-field-group elementor-column elementor-field-group-field_66d02e9 elementor-col-100\">\n\t\t\t\t\t\t\t\t\t\t\t\t<label for=\"form-field-field_66d02e9\" class=\"elementor-field-label\">\n\t\t\t\t\t\t\t\tName\t\t\t\t\t\t\t<\/label>\n\t\t\t\t\t\t\t\t\t\t\t\t\t\t<input size=\"1\" type=\"text\" name=\"form_fields[field_66d02e9]\" id=\"form-field-field_66d02e9\" class=\"elementor-field elementor-size-sm  elementor-field-textual\" placeholder=\"Name\">\n\t\t\t\t\t\t\t\t\t\t\t<\/div>\n\t\t\t\t\t\t\t\t<div class=\"elementor-field-type-email elementor-field-group elementor-column elementor-field-group-email elementor-col-100 elementor-field-required\">\n\t\t\t\t\t\t\t\t\t\t\t\t<label for=\"form-field-email\" class=\"elementor-field-label\">\n\t\t\t\t\t\t\t\tE-Mail\t\t\t\t\t\t\t<\/label>\n\t\t\t\t\t\t\t\t\t\t\t\t\t\t<input size=\"1\" type=\"email\" name=\"form_fields[email]\" id=\"form-field-email\" class=\"elementor-field elementor-size-sm  elementor-field-textual\" placeholder=\"E-Mail\" required=\"required\">\n\t\t\t\t\t\t\t\t\t\t\t<\/div>\n\t\t\t\t\t\t\t\t<div class=\"elementor-field-type-textarea elementor-field-group elementor-column elementor-field-group-message elementor-col-100\">\n\t\t\t\t\t\t\t\t\t\t\t\t<label for=\"form-field-message\" class=\"elementor-field-label\">\n\t\t\t\t\t\t\t\tNachricht\t\t\t\t\t\t\t<\/label>\n\t\t\t\t\t\t<textarea class=\"elementor-field-textual elementor-field  elementor-size-sm\" name=\"form_fields[message]\" id=\"form-field-message\" rows=\"4\" placeholder=\"Nachricht\"><\/textarea>\t\t\t\t<\/div>\n\t\t\t\t\t\t\t\t<div class=\"elementor-field-type-recaptcha_v3 elementor-field-group elementor-column elementor-field-group-field_0862fad elementor-col-100 recaptcha_v3-bottomright\">\n\t\t\t\t\t<div class=\"elementor-field\" id=\"form-field-field_0862fad\"><div class=\"elementor-g-recaptcha\" data-sitekey=\"6Lc5zVodAAAAABR5koMy_iSzM-g6FggruqRqJeHX\" data-type=\"v3\" data-action=\"Form\" data-badge=\"bottomright\" data-size=\"invisible\"><\/div><\/div>\t\t\t\t<\/div>\n\t\t\t\t\t\t\t\t<div class=\"elementor-field-type-radio elementor-field-group elementor-column elementor-field-group-field_000e0d0 elementor-col-100\">\n\t\t\t\t\t\t\t\t\t\t\t\t<label for=\"form-field-field_000e0d0\" class=\"elementor-field-label\">\n\t\t\t\t\t\t\t\tDatenschutz\t\t\t\t\t\t\t<\/label>\n\t\t\t\t\t\t<div class=\"elementor-field-subgroup  \"><span class=\"elementor-field-option\"><input type=\"radio\" value=\"Hiermit erkl&auml;re ich die Datenschutzerkl&auml;rung &lt;a title=&quot;anschauen&quot; href=&quot;https:\/\/yrab.ch\/datenschutz-impressum\/&quot; target=&quot;_blank&quot;&gt;hier&lt;\/a&gt; gelesen zu haben und ich bin damit einverstanden.\" id=\"form-field-field_000e0d0-0\" name=\"form_fields[field_000e0d0]\"> <label for=\"form-field-field_000e0d0-0\">Hiermit erkl&auml;re ich die Datenschutzerkl&auml;rung <a title=\"anschauen\" href=\"https:\/\/yrab.ch\/datenschutz-impressum\/\" target=\"_blank\">hier<\/a> gelesen zu haben und ich bin damit einverstanden.<\/label><\/span><\/div>\t\t\t\t<\/div>\n\t\t\t\t\t\t\t\t<div class=\"elementor-field-group elementor-column elementor-field-type-submit elementor-col-100 e-form__buttons\">\n\t\t\t\t\t<button class=\"elementor-button elementor-size-sm\" type=\"submit\">\n\t\t\t\t\t\t<span class=\"elementor-button-content-wrapper\">\n\t\t\t\t\t\t\t\t\t\t\t\t\t\t\t\t\t\t\t\t\t\t<span class=\"elementor-button-text\">Senden<\/span>\n\t\t\t\t\t\t\t\t\t\t\t\t\t<\/span>\n\t\t\t\t\t<\/button>\n\t\t\t\t<\/div>\n\t\t\t<\/div>\n\t\t<\/form>\n\t\t\t\t\t\t<\/div>\n\t\t\t\t<\/div>\n\t\t\t\t\t<\/div>\n\t\t<\/div>\n\t\t\t\t<div class=\"elementor-column elementor-col-50 elementor-top-column elementor-element elementor-element-11068787\" data-id=\"11068787\" data-element_type=\"column\" data-e-type=\"column\" data-settings=\"{&quot;background_background&quot;:&quot;gradient&quot;}\">\n\t\t\t<div class=\"elementor-widget-wrap elementor-element-populated\">\n\t\t\t\t\t<div class=\"elementor-background-overlay\"><\/div>\n\t\t\t\t\t\t<div class=\"elementor-element elementor-element-67c4a493 elementor-widget elementor-widget-heading\" data-id=\"67c4a493\" data-element_type=\"widget\" data-e-type=\"widget\" data-widget_type=\"heading.default\">\n\t\t\t\t<div class=\"elementor-widget-container\">\n\t\t\t\t\t<h2 class=\"elementor-heading-title elementor-size-default\">Unser Standort<\/h2>\t\t\t\t<\/div>\n\t\t\t\t<\/div>\n\t\t\t\t<div class=\"elementor-element elementor-element-8cf3cab elementor-widget-divider--view-line elementor-widget elementor-widget-divider\" data-id=\"8cf3cab\" data-element_type=\"widget\" data-e-type=\"widget\" data-widget_type=\"divider.default\">\n\t\t\t\t<div class=\"elementor-widget-container\">\n\t\t\t\t\t\t\t<div class=\"elementor-divider\">\n\t\t\t<span class=\"elementor-divider-separator\">\n\t\t\t\t\t\t<\/span>\n\t\t<\/div>\n\t\t\t\t\t\t<\/div>\n\t\t\t\t<\/div>\n\t\t\t\t<div class=\"elementor-element elementor-element-0ef3a29 elementor-widget elementor-widget-google_maps\" data-id=\"0ef3a29\" data-element_type=\"widget\" data-e-type=\"widget\" data-widget_type=\"google_maps.default\">\n\t\t\t\t<div class=\"elementor-widget-container\">\n\t\t\t\t\t\t\t<div class=\"elementor-custom-embed\">\n\t\t\t<iframe loading=\"lazy\"\n\t\t\t\t\tsrc=\"https:\/\/maps.google.com\/maps?q=Mezzaselvaweg%202CH%20-%207249%20Serneus&#038;t=m&#038;z=13&#038;output=embed&#038;iwloc=near\"\n\t\t\t\t\ttitle=\"Mezzaselvaweg 2CH - 7249 Serneus\"\n\t\t\t\t\taria-label=\"Mezzaselvaweg 2CH - 7249 Serneus\"\n\t\t\t><\/iframe>\n\t\t<\/div>\n\t\t\t\t\t\t<\/div>\n\t\t\t\t<\/div>\n\t\t\t\t\t<\/div>\n\t\t<\/div>\n\t\t\t\t\t<\/div>\n\t\t<\/section>\n\t\t\t\t<\/div>\n\t\t","protected":false},"excerpt":{"rendered":"<p>Kontakt Yvan R\u00fcedi Architektur und Bauleitung GmbH Mezzaselvaweg 2CH &#8211; 7249 Serneus Tel: 081 404 20 02Mobil:\u00a0079 206 27 42 info@yrab.ch Unser Standort<\/p>\n","protected":false},"author":1,"featured_media":0,"parent":0,"menu_order":0,"comment_status":"closed","ping_status":"closed","template":"elementor_header_footer","meta":{"footnotes":""},"class_list":["post-302","page","type-page","status-publish"],"yoast_head":"<!-- This site is optimized with the Yoast SEO plugin v27.3 - https:\/\/yoast.com\/product\/yoast-seo-wordpress\/ -->\n<title>Kontakt - DE | Yvan R\u00fcedi Architektur und Bauleitung GmbH<\/title>\n<meta name=\"description\" content=\"Nutzen Sie unsere langj\u00e4hrige Erfahrung. Gerne beraten wir Sie. Nehmen Sie Kontakt mit uns auf. Wir freuen uns auf Ihre Anfrage.\" \/>\n<meta name=\"robots\" content=\"index, follow, max-snippet:-1, max-image-preview:large, max-video-preview:-1\" \/>\n<link rel=\"canonical\" href=\"https:\/\/yrab.ch\/de\/kontakt\/\" \/>\n<meta property=\"og:locale\" content=\"de_DE\" \/>\n<meta property=\"og:type\" content=\"article\" \/>\n<meta property=\"og:title\" content=\"Kontakt - DE | Yvan R\u00fcedi Architektur und Bauleitung GmbH\" \/>\n<meta property=\"og:description\" content=\"Nutzen Sie unsere langj\u00e4hrige Erfahrung. Gerne beraten wir Sie. Nehmen Sie Kontakt mit uns auf. Wir freuen uns auf Ihre Anfrage.\" \/>\n<meta property=\"og:url\" content=\"https:\/\/yrab.ch\/de\/kontakt\/\" \/>\n<meta property=\"og:site_name\" content=\"DE | Yvan R\u00fcedi Architektur und Bauleitung GmbH\" \/>\n<meta property=\"article:modified_time\" content=\"2023-08-25T12:49:13+00:00\" \/>\n<meta name=\"twitter:card\" content=\"summary_large_image\" \/>\n<meta name=\"twitter:label1\" content=\"Gesch\u00e4tzte Lesezeit\" \/>\n\t<meta name=\"twitter:data1\" content=\"1\u00a0Minute\" \/>\n<script type=\"application\/ld+json\" class=\"yoast-schema-graph\">{\"@context\":\"https:\\\/\\\/schema.org\",\"@graph\":[{\"@type\":\"WebPage\",\"@id\":\"https:\\\/\\\/yrab.ch\\\/kontakt\\\/\",\"url\":\"https:\\\/\\\/yrab.ch\\\/kontakt\\\/\",\"name\":\"Kontakt - DE | Yvan R\u00fcedi Architektur und Bauleitung GmbH\",\"isPartOf\":{\"@id\":\"https:\\\/\\\/yrab.ch\\\/#website\"},\"datePublished\":\"2019-05-10T12:54:14+00:00\",\"dateModified\":\"2023-08-25T12:49:13+00:00\",\"description\":\"Nutzen Sie unsere langj\u00e4hrige Erfahrung. Gerne beraten wir Sie. Nehmen Sie Kontakt mit uns auf. Wir freuen uns auf Ihre Anfrage.\",\"inLanguage\":\"de\",\"potentialAction\":[{\"@type\":\"ReadAction\",\"target\":[\"https:\\\/\\\/yrab.ch\\\/kontakt\\\/\"]}]},{\"@type\":\"WebSite\",\"@id\":\"https:\\\/\\\/yrab.ch\\\/#website\",\"url\":\"https:\\\/\\\/yrab.ch\\\/\",\"name\":\"Yvan R\u00fcedi Architektur und Bauleitung GmbH\",\"description\":\"Architekturb\u00fcro und Architekt in Pr\u00e4ttigau, Graub\u00fcnden\",\"potentialAction\":[{\"@type\":\"SearchAction\",\"target\":{\"@type\":\"EntryPoint\",\"urlTemplate\":\"https:\\\/\\\/yrab.ch\\\/?s={search_term_string}\"},\"query-input\":{\"@type\":\"PropertyValueSpecification\",\"valueRequired\":true,\"valueName\":\"search_term_string\"}}],\"inLanguage\":\"de\"}]}<\/script>\n<!-- \/ Yoast SEO plugin. -->","yoast_head_json":{"title":"Kontakt - DE | Yvan R\u00fcedi Architektur und Bauleitung GmbH","description":"Nutzen Sie unsere langj\u00e4hrige Erfahrung. Gerne beraten wir Sie. Nehmen Sie Kontakt mit uns auf. Wir freuen uns auf Ihre Anfrage.","robots":{"index":"index","follow":"follow","max-snippet":"max-snippet:-1","max-image-preview":"max-image-preview:large","max-video-preview":"max-video-preview:-1"},"canonical":"https:\/\/yrab.ch\/de\/kontakt\/","og_locale":"de_DE","og_type":"article","og_title":"Kontakt - DE | Yvan R\u00fcedi Architektur und Bauleitung GmbH","og_description":"Nutzen Sie unsere langj\u00e4hrige Erfahrung. Gerne beraten wir Sie. Nehmen Sie Kontakt mit uns auf. Wir freuen uns auf Ihre Anfrage.","og_url":"https:\/\/yrab.ch\/de\/kontakt\/","og_site_name":"DE | Yvan R\u00fcedi Architektur und Bauleitung GmbH","article_modified_time":"2023-08-25T12:49:13+00:00","twitter_card":"summary_large_image","twitter_misc":{"Gesch\u00e4tzte Lesezeit":"1\u00a0Minute"},"schema":{"@context":"https:\/\/schema.org","@graph":[{"@type":"WebPage","@id":"https:\/\/yrab.ch\/kontakt\/","url":"https:\/\/yrab.ch\/kontakt\/","name":"Kontakt - DE | Yvan R\u00fcedi Architektur und Bauleitung GmbH","isPartOf":{"@id":"https:\/\/yrab.ch\/#website"},"datePublished":"2019-05-10T12:54:14+00:00","dateModified":"2023-08-25T12:49:13+00:00","description":"Nutzen Sie unsere langj\u00e4hrige Erfahrung. Gerne beraten wir Sie. Nehmen Sie Kontakt mit uns auf. Wir freuen uns auf Ihre Anfrage.","inLanguage":"de","potentialAction":[{"@type":"ReadAction","target":["https:\/\/yrab.ch\/kontakt\/"]}]},{"@type":"WebSite","@id":"https:\/\/yrab.ch\/#website","url":"https:\/\/yrab.ch\/","name":"Yvan R\u00fcedi Architektur und Bauleitung GmbH","description":"Architekturb\u00fcro und Architekt in Pr\u00e4ttigau, Graub\u00fcnden","potentialAction":[{"@type":"SearchAction","target":{"@type":"EntryPoint","urlTemplate":"https:\/\/yrab.ch\/?s={search_term_string}"},"query-input":{"@type":"PropertyValueSpecification","valueRequired":true,"valueName":"search_term_string"}}],"inLanguage":"de"}]}},"_links":{"self":[{"href":"https:\/\/yrab.ch\/de\/wp-json\/wp\/v2\/pages\/302","targetHints":{"allow":["GET"]}}],"collection":[{"href":"https:\/\/yrab.ch\/de\/wp-json\/wp\/v2\/pages"}],"about":[{"href":"https:\/\/yrab.ch\/de\/wp-json\/wp\/v2\/types\/page"}],"author":[{"embeddable":true,"href":"https:\/\/yrab.ch\/de\/wp-json\/wp\/v2\/users\/1"}],"replies":[{"embeddable":true,"href":"https:\/\/yrab.ch\/de\/wp-json\/wp\/v2\/comments?post=302"}],"version-history":[{"count":23,"href":"https:\/\/yrab.ch\/de\/wp-json\/wp\/v2\/pages\/302\/revisions"}],"predecessor-version":[{"id":922,"href":"https:\/\/yrab.ch\/de\/wp-json\/wp\/v2\/pages\/302\/revisions\/922"}],"wp:attachment":[{"href":"https:\/\/yrab.ch\/de\/wp-json\/wp\/v2\/media?parent=302"}],"curies":[{"name":"wp","href":"https:\/\/api.w.org\/{rel}","templated":true}]}}