{"id":36,"date":"2019-04-11T09:46:21","date_gmt":"2019-04-11T09:46:21","guid":{"rendered":"https:\/\/yrab.ch\/?page_id=36"},"modified":"2025-09-15T07:18:14","modified_gmt":"2025-09-15T07:18:14","slug":"home","status":"publish","type":"page","link":"https:\/\/yrab.ch\/de\/","title":{"rendered":"Home"},"content":{"rendered":"\t\t<div data-elementor-type=\"wp-page\" data-elementor-id=\"36\" class=\"elementor elementor-36\" data-elementor-post-type=\"page\">\n\t\t\t\t\t\t<section class=\"elementor-section elementor-top-section elementor-element elementor-element-ca8e0b7 elementor-section-boxed elementor-section-height-default elementor-section-height-default\" data-id=\"ca8e0b7\" data-element_type=\"section\" data-e-type=\"section\">\n\t\t\t\t\t\t<div class=\"elementor-container elementor-column-gap-default\">\n\t\t\t\t\t<div class=\"elementor-column elementor-col-100 elementor-top-column elementor-element elementor-element-57ec93c\" data-id=\"57ec93c\" data-element_type=\"column\" data-e-type=\"column\">\n\t\t\t<div class=\"elementor-widget-wrap elementor-element-populated\">\n\t\t\t\t\t\t<div class=\"elementor-element elementor-element-5675c9b elementor-widget elementor-widget-heading\" data-id=\"5675c9b\" data-element_type=\"widget\" data-e-type=\"widget\" data-widget_type=\"heading.default\">\n\t\t\t\t<div class=\"elementor-widget-container\">\n\t\t\t\t\t<h2 class=\"elementor-heading-title elementor-size-default\">Wir bauen nach Ihren W\u00fcnschen und erf\u00fcllen Ihre Tr\u00e4ume<\/h2>\t\t\t\t<\/div>\n\t\t\t\t<\/div>\n\t\t\t\t\t<\/div>\n\t\t<\/div>\n\t\t\t\t\t<\/div>\n\t\t<\/section>\n\t\t\t\t<section class=\"elementor-section elementor-top-section elementor-element elementor-element-7757613 elementor-section-boxed elementor-section-height-default elementor-section-height-default\" data-id=\"7757613\" data-element_type=\"section\" data-e-type=\"section\">\n\t\t\t\t\t\t<div class=\"elementor-container elementor-column-gap-default\">\n\t\t\t\t\t<div class=\"elementor-column elementor-col-100 elementor-top-column elementor-element elementor-element-caac783\" data-id=\"caac783\" data-element_type=\"column\" data-e-type=\"column\">\n\t\t\t<div class=\"elementor-widget-wrap elementor-element-populated\">\n\t\t\t\t\t\t<div class=\"elementor-element elementor-element-d2fef36 elementor-widget elementor-widget-image\" data-id=\"d2fef36\" data-element_type=\"widget\" data-e-type=\"widget\" data-widget_type=\"image.default\">\n\t\t\t\t<div class=\"elementor-widget-container\">\n\t\t\t\t\t\t\t\t\t\t\t\t\t\t\t<img fetchpriority=\"high\" decoding=\"async\" width=\"768\" height=\"576\" src=\"https:\/\/yrab.ch\/wp-content\/uploads\/2024\/12\/IMG_2944-1024x768.jpg\" class=\"attachment-large size-large wp-image-984\" alt=\"\" srcset=\"https:\/\/yrab.ch\/wp-content\/uploads\/2024\/12\/IMG_2944-1024x768.jpg 1024w, https:\/\/yrab.ch\/wp-content\/uploads\/2024\/12\/IMG_2944-300x225.jpg 300w, https:\/\/yrab.ch\/wp-content\/uploads\/2024\/12\/IMG_2944-768x576.jpg 768w, https:\/\/yrab.ch\/wp-content\/uploads\/2024\/12\/IMG_2944-1536x1152.jpg 1536w, https:\/\/yrab.ch\/wp-content\/uploads\/2024\/12\/IMG_2944-2048x1536.jpg 2048w, https:\/\/yrab.ch\/wp-content\/uploads\/2024\/12\/IMG_2944-16x12.jpg 16w, https:\/\/yrab.ch\/wp-content\/uploads\/2024\/12\/IMG_2944-scaled.jpg 1025w\" sizes=\"(max-width: 768px) 100vw, 768px\" \/>\t\t\t\t\t\t\t\t\t\t\t\t\t\t\t<\/div>\n\t\t\t\t<\/div>\n\t\t\t\t\t<\/div>\n\t\t<\/div>\n\t\t\t\t\t<\/div>\n\t\t<\/section>\n\t\t\t\t<section class=\"elementor-section elementor-top-section elementor-element elementor-element-7ec6eec elementor-section-boxed elementor-section-height-default elementor-section-height-default\" data-id=\"7ec6eec\" data-element_type=\"section\" data-e-type=\"section\">\n\t\t\t\t\t\t<div class=\"elementor-container elementor-column-gap-default\">\n\t\t\t\t\t<div class=\"elementor-column elementor-col-33 elementor-top-column elementor-element elementor-element-eced38c\" data-id=\"eced38c\" data-element_type=\"column\" data-e-type=\"column\">\n\t\t\t<div class=\"elementor-widget-wrap elementor-element-populated\">\n\t\t\t\t\t\t<div class=\"elementor-element elementor-element-9949ec8 elementor-widget elementor-widget-image\" data-id=\"9949ec8\" data-element_type=\"widget\" data-e-type=\"widget\" data-widget_type=\"image.default\">\n\t\t\t\t<div class=\"elementor-widget-container\">\n\t\t\t\t\t\t\t\t\t\t\t\t\t\t\t<img decoding=\"async\" width=\"768\" height=\"576\" src=\"https:\/\/yrab.ch\/wp-content\/uploads\/2024\/12\/IMG_7744-1024x768.jpg\" class=\"attachment-large size-large wp-image-983\" alt=\"\" srcset=\"https:\/\/yrab.ch\/wp-content\/uploads\/2024\/12\/IMG_7744-1024x768.jpg 1024w, https:\/\/yrab.ch\/wp-content\/uploads\/2024\/12\/IMG_7744-300x225.jpg 300w, https:\/\/yrab.ch\/wp-content\/uploads\/2024\/12\/IMG_7744-768x576.jpg 768w, https:\/\/yrab.ch\/wp-content\/uploads\/2024\/12\/IMG_7744-1536x1152.jpg 1536w, https:\/\/yrab.ch\/wp-content\/uploads\/2024\/12\/IMG_7744-2048x1536.jpg 2048w, https:\/\/yrab.ch\/wp-content\/uploads\/2024\/12\/IMG_7744-16x12.jpg 16w, https:\/\/yrab.ch\/wp-content\/uploads\/2024\/12\/IMG_7744-scaled.jpg 1025w\" sizes=\"(max-width: 768px) 100vw, 768px\" \/>\t\t\t\t\t\t\t\t\t\t\t\t\t\t\t<\/div>\n\t\t\t\t<\/div>\n\t\t\t\t<div class=\"elementor-element elementor-element-40e722a elementor-widget elementor-widget-image\" data-id=\"40e722a\" data-element_type=\"widget\" data-e-type=\"widget\" data-widget_type=\"image.default\">\n\t\t\t\t<div class=\"elementor-widget-container\">\n\t\t\t\t\t\t\t\t\t\t\t\t\t\t\t<img decoding=\"async\" width=\"768\" height=\"1024\" src=\"https:\/\/yrab.ch\/wp-content\/uploads\/2024\/12\/IMG_3004-768x1024.jpg\" class=\"attachment-large size-large wp-image-982\" alt=\"\" srcset=\"https:\/\/yrab.ch\/wp-content\/uploads\/2024\/12\/IMG_3004-768x1024.jpg 768w, https:\/\/yrab.ch\/wp-content\/uploads\/2024\/12\/IMG_3004-225x300.jpg 225w, https:\/\/yrab.ch\/wp-content\/uploads\/2024\/12\/IMG_3004-1152x1536.jpg 1152w, https:\/\/yrab.ch\/wp-content\/uploads\/2024\/12\/IMG_3004-1536x2048.jpg 1536w, https:\/\/yrab.ch\/wp-content\/uploads\/2024\/12\/IMG_3004-9x12.jpg 9w, https:\/\/yrab.ch\/wp-content\/uploads\/2024\/12\/IMG_3004-scaled.jpg 769w\" sizes=\"(max-width: 768px) 100vw, 768px\" \/>\t\t\t\t\t\t\t\t\t\t\t\t\t\t\t<\/div>\n\t\t\t\t<\/div>\n\t\t\t\t<div class=\"elementor-element elementor-element-9009a42 elementor-widget elementor-widget-image\" data-id=\"9009a42\" data-element_type=\"widget\" data-e-type=\"widget\" data-widget_type=\"image.default\">\n\t\t\t\t<div class=\"elementor-widget-container\">\n\t\t\t\t\t\t\t\t\t\t\t\t\t\t\t<img loading=\"lazy\" decoding=\"async\" width=\"768\" height=\"575\" src=\"https:\/\/yrab.ch\/wp-content\/uploads\/2024\/12\/DJI_0674-Kopie-1024x767.jpg\" class=\"attachment-large size-large wp-image-977\" alt=\"\" srcset=\"https:\/\/yrab.ch\/wp-content\/uploads\/2024\/12\/DJI_0674-Kopie-1024x767.jpg 1024w, https:\/\/yrab.ch\/wp-content\/uploads\/2024\/12\/DJI_0674-Kopie-300x225.jpg 300w, https:\/\/yrab.ch\/wp-content\/uploads\/2024\/12\/DJI_0674-Kopie-768x575.jpg 768w, https:\/\/yrab.ch\/wp-content\/uploads\/2024\/12\/DJI_0674-Kopie-1536x1151.jpg 1536w, https:\/\/yrab.ch\/wp-content\/uploads\/2024\/12\/DJI_0674-Kopie-2048x1534.jpg 2048w, https:\/\/yrab.ch\/wp-content\/uploads\/2024\/12\/DJI_0674-Kopie-16x12.jpg 16w, https:\/\/yrab.ch\/wp-content\/uploads\/2024\/12\/DJI_0674-Kopie-scaled.jpg 1025w\" sizes=\"(max-width: 768px) 100vw, 768px\" \/>\t\t\t\t\t\t\t\t\t\t\t\t\t\t\t<\/div>\n\t\t\t\t<\/div>\n\t\t\t\t<div class=\"elementor-element elementor-element-71a0f58 elementor-widget elementor-widget-image\" data-id=\"71a0f58\" data-element_type=\"widget\" data-e-type=\"widget\" data-widget_type=\"image.default\">\n\t\t\t\t<div class=\"elementor-widget-container\">\n\t\t\t\t\t\t\t\t\t\t\t\t\t\t\t<img loading=\"lazy\" decoding=\"async\" width=\"768\" height=\"576\" src=\"https:\/\/yrab.ch\/wp-content\/uploads\/2021\/09\/13-1024x768.jpeg\" class=\"attachment-large size-large wp-image-721\" alt=\"\" srcset=\"https:\/\/yrab.ch\/wp-content\/uploads\/2021\/09\/13-1024x768.jpeg 1024w, https:\/\/yrab.ch\/wp-content\/uploads\/2021\/09\/13-300x225.jpeg 300w, https:\/\/yrab.ch\/wp-content\/uploads\/2021\/09\/13-768x576.jpeg 768w, https:\/\/yrab.ch\/wp-content\/uploads\/2021\/09\/13-1536x1152.jpeg 1536w, https:\/\/yrab.ch\/wp-content\/uploads\/2021\/09\/13-2048x1536.jpeg 2048w, https:\/\/yrab.ch\/wp-content\/uploads\/2021\/09\/13-scaled.jpeg 1025w\" sizes=\"(max-width: 768px) 100vw, 768px\" \/>\t\t\t\t\t\t\t\t\t\t\t\t\t\t\t<\/div>\n\t\t\t\t<\/div>\n\t\t\t\t\t<\/div>\n\t\t<\/div>\n\t\t\t\t<div class=\"elementor-column elementor-col-33 elementor-top-column elementor-element elementor-element-819a4ea\" data-id=\"819a4ea\" data-element_type=\"column\" data-e-type=\"column\">\n\t\t\t<div class=\"elementor-widget-wrap elementor-element-populated\">\n\t\t\t\t\t\t<div class=\"elementor-element elementor-element-cb31d8e elementor-widget elementor-widget-image\" data-id=\"cb31d8e\" data-element_type=\"widget\" data-e-type=\"widget\" data-widget_type=\"image.default\">\n\t\t\t\t<div class=\"elementor-widget-container\">\n\t\t\t\t\t\t\t\t\t\t\t\t\t\t\t<img loading=\"lazy\" decoding=\"async\" width=\"768\" height=\"576\" src=\"https:\/\/yrab.ch\/wp-content\/uploads\/2024\/12\/IMG_8507-1024x768.jpeg\" class=\"attachment-large size-large wp-image-986\" alt=\"\" srcset=\"https:\/\/yrab.ch\/wp-content\/uploads\/2024\/12\/IMG_8507-1024x768.jpeg 1024w, https:\/\/yrab.ch\/wp-content\/uploads\/2024\/12\/IMG_8507-300x225.jpeg 300w, https:\/\/yrab.ch\/wp-content\/uploads\/2024\/12\/IMG_8507-768x576.jpeg 768w, https:\/\/yrab.ch\/wp-content\/uploads\/2024\/12\/IMG_8507-1536x1152.jpeg 1536w, https:\/\/yrab.ch\/wp-content\/uploads\/2024\/12\/IMG_8507-2048x1536.jpeg 2048w, https:\/\/yrab.ch\/wp-content\/uploads\/2024\/12\/IMG_8507-16x12.jpeg 16w, https:\/\/yrab.ch\/wp-content\/uploads\/2024\/12\/IMG_8507-scaled.jpeg 1025w\" sizes=\"(max-width: 768px) 100vw, 768px\" \/>\t\t\t\t\t\t\t\t\t\t\t\t\t\t\t<\/div>\n\t\t\t\t<\/div>\n\t\t\t\t<div class=\"elementor-element elementor-element-baa9be9 elementor-widget elementor-widget-image\" data-id=\"baa9be9\" data-element_type=\"widget\" data-e-type=\"widget\" data-widget_type=\"image.default\">\n\t\t\t\t<div class=\"elementor-widget-container\">\n\t\t\t\t\t\t\t\t\t\t\t\t\t\t\t<img loading=\"lazy\" decoding=\"async\" width=\"768\" height=\"576\" src=\"https:\/\/yrab.ch\/wp-content\/uploads\/2024\/12\/IMG_8444-1024x768.jpeg\" class=\"attachment-large size-large wp-image-985\" alt=\"\" srcset=\"https:\/\/yrab.ch\/wp-content\/uploads\/2024\/12\/IMG_8444-1024x768.jpeg 1024w, https:\/\/yrab.ch\/wp-content\/uploads\/2024\/12\/IMG_8444-300x225.jpeg 300w, https:\/\/yrab.ch\/wp-content\/uploads\/2024\/12\/IMG_8444-768x576.jpeg 768w, https:\/\/yrab.ch\/wp-content\/uploads\/2024\/12\/IMG_8444-1536x1152.jpeg 1536w, https:\/\/yrab.ch\/wp-content\/uploads\/2024\/12\/IMG_8444-2048x1536.jpeg 2048w, https:\/\/yrab.ch\/wp-content\/uploads\/2024\/12\/IMG_8444-16x12.jpeg 16w, https:\/\/yrab.ch\/wp-content\/uploads\/2024\/12\/IMG_8444-scaled.jpeg 1025w\" sizes=\"(max-width: 768px) 100vw, 768px\" \/>\t\t\t\t\t\t\t\t\t\t\t\t\t\t\t<\/div>\n\t\t\t\t<\/div>\n\t\t\t\t<div class=\"elementor-element elementor-element-bed6f1f elementor-widget elementor-widget-image\" data-id=\"bed6f1f\" data-element_type=\"widget\" data-e-type=\"widget\" data-widget_type=\"image.default\">\n\t\t\t\t<div class=\"elementor-widget-container\">\n\t\t\t\t\t\t\t\t\t\t\t\t\t\t\t<img loading=\"lazy\" decoding=\"async\" width=\"768\" height=\"512\" src=\"https:\/\/yrab.ch\/wp-content\/uploads\/2019\/05\/IMG_3144-1024x683.jpg\" class=\"attachment-large size-large wp-image-494\" alt=\"\" srcset=\"https:\/\/yrab.ch\/wp-content\/uploads\/2019\/05\/IMG_3144-1024x683.jpg 1024w, https:\/\/yrab.ch\/wp-content\/uploads\/2019\/05\/IMG_3144-300x200.jpg 300w, https:\/\/yrab.ch\/wp-content\/uploads\/2019\/05\/IMG_3144-768x512.jpg 768w, https:\/\/yrab.ch\/wp-content\/uploads\/2019\/05\/IMG_3144.jpg 1025w\" sizes=\"(max-width: 768px) 100vw, 768px\" \/>\t\t\t\t\t\t\t\t\t\t\t\t\t\t\t<\/div>\n\t\t\t\t<\/div>\n\t\t\t\t\t<\/div>\n\t\t<\/div>\n\t\t\t\t<div class=\"elementor-column elementor-col-33 elementor-top-column elementor-element elementor-element-c2ff51a\" data-id=\"c2ff51a\" data-element_type=\"column\" data-e-type=\"column\">\n\t\t\t<div class=\"elementor-widget-wrap elementor-element-populated\">\n\t\t\t\t\t\t<div class=\"elementor-element elementor-element-900ece4 elementor-widget elementor-widget-image\" data-id=\"900ece4\" data-element_type=\"widget\" data-e-type=\"widget\" data-widget_type=\"image.default\">\n\t\t\t\t<div class=\"elementor-widget-container\">\n\t\t\t\t\t\t\t\t\t\t\t\t\t\t\t<img loading=\"lazy\" decoding=\"async\" width=\"768\" height=\"1024\" src=\"https:\/\/yrab.ch\/wp-content\/uploads\/2019\/05\/fluetsch_3-e1557924206462-768x1024.jpg\" class=\"attachment-large size-large wp-image-371\" alt=\"\" srcset=\"https:\/\/yrab.ch\/wp-content\/uploads\/2019\/05\/fluetsch_3-e1557924206462-768x1024.jpg 768w, https:\/\/yrab.ch\/wp-content\/uploads\/2019\/05\/fluetsch_3-e1557924206462-225x300.jpg 225w, https:\/\/yrab.ch\/wp-content\/uploads\/2019\/05\/fluetsch_3-e1557924206462.jpg 769w\" sizes=\"(max-width: 768px) 100vw, 768px\" \/>\t\t\t\t\t\t\t\t\t\t\t\t\t\t\t<\/div>\n\t\t\t\t<\/div>\n\t\t\t\t\t<\/div>\n\t\t<\/div>\n\t\t\t\t\t<\/div>\n\t\t<\/section>\n\t\t\t\t<section class=\"elementor-section elementor-top-section elementor-element elementor-element-9b6177c elementor-section-boxed elementor-section-height-default elementor-section-height-default\" data-id=\"9b6177c\" data-element_type=\"section\" data-e-type=\"section\">\n\t\t\t\t\t\t<div class=\"elementor-container elementor-column-gap-default\">\n\t\t\t\t\t<div class=\"elementor-column elementor-col-100 elementor-top-column elementor-element elementor-element-4b1216a\" data-id=\"4b1216a\" data-element_type=\"column\" data-e-type=\"column\">\n\t\t\t<div class=\"elementor-widget-wrap elementor-element-populated\">\n\t\t\t\t\t\t<div class=\"elementor-element elementor-element-900ee9a elementor-button-align-stretch elementor-widget elementor-widget-form\" data-id=\"900ee9a\" data-element_type=\"widget\" data-e-type=\"widget\" data-settings=\"{&quot;step_next_label&quot;:&quot;N\\u00e4chster&quot;,&quot;step_previous_label&quot;:&quot;Voriger&quot;,&quot;button_width&quot;:&quot;100&quot;,&quot;step_type&quot;:&quot;number_text&quot;,&quot;step_icon_shape&quot;:&quot;circle&quot;}\" data-widget_type=\"form.default\">\n\t\t\t\t<div class=\"elementor-widget-container\">\n\t\t\t\t\t\t\t<form class=\"elementor-form\" method=\"post\" name=\"Neues Formular\" aria-label=\"Neues Formular\">\n\t\t\t<input type=\"hidden\" name=\"post_id\" value=\"36\"\/>\n\t\t\t<input type=\"hidden\" name=\"form_id\" value=\"900ee9a\"\/>\n\t\t\t<input type=\"hidden\" name=\"referer_title\" value=\"Home - DE | Yvan R\u00fcedi Architektur und Bauleitung GmbH\" \/>\n\n\t\t\t\t\t\t\t<input type=\"hidden\" name=\"queried_id\" value=\"36\"\/>\n\t\t\t\n\t\t\t<div class=\"elementor-form-fields-wrapper elementor-labels-above\">\n\t\t\t\t\t\t\t\t<div class=\"elementor-field-type-upload elementor-field-group elementor-column elementor-field-group-field_3a30038 elementor-col-100\">\n\t\t\t\t\t\t\t<input type=\"file\" name=\"form_fields[field_3a30038]\" id=\"form-field-field_3a30038\" class=\"elementor-field elementor-size-sm  elementor-upload-field\">\n\n\t\t\t\t\t\t<\/div>\n\t\t\t\t\t\t\t\t<div class=\"elementor-field-group elementor-column elementor-field-type-submit elementor-col-100 e-form__buttons\">\n\t\t\t\t\t<button class=\"elementor-button elementor-size-sm\" type=\"submit\">\n\t\t\t\t\t\t<span class=\"elementor-button-content-wrapper\">\n\t\t\t\t\t\t\t\t\t\t\t\t\t\t\t\t\t\t\t\t\t\t<span class=\"elementor-button-text\">Senden<\/span>\n\t\t\t\t\t\t\t\t\t\t\t\t\t<\/span>\n\t\t\t\t\t<\/button>\n\t\t\t\t<\/div>\n\t\t\t<\/div>\n\t\t<\/form>\n\t\t\t\t\t\t<\/div>\n\t\t\t\t<\/div>\n\t\t\t\t\t<\/div>\n\t\t<\/div>\n\t\t\t\t\t<\/div>\n\t\t<\/section>\n\t\t\t\t<\/div>\n\t\t","protected":false},"excerpt":{"rendered":"<p>Wir bauen nach Ihren W\u00fcnschen und erf\u00fcllen Ihre Tr\u00e4ume<\/p>\n","protected":false},"author":1,"featured_media":0,"parent":0,"menu_order":0,"comment_status":"closed","ping_status":"closed","template":"elementor_header_footer","meta":{"footnotes":""},"class_list":["post-36","page","type-page","status-publish"],"yoast_head":"<!-- This site is optimized with the Yoast SEO plugin v27.4 - https:\/\/yoast.com\/product\/yoast-seo-wordpress\/ -->\n<title>Home - DE | Yvan R\u00fcedi Architektur und Bauleitung GmbH<\/title>\n<meta name=\"description\" content=\"Bauen nach Ihren W\u00fcnschen, wir bieten s\u00e4mtliche Architektur Leistungen an, so wie auch Bauleitung, Bauberatung, Digitalisierung, Gesuche &amp; Visualisierungen.\" \/>\n<meta name=\"robots\" content=\"index, follow, max-snippet:-1, max-image-preview:large, max-video-preview:-1\" \/>\n<link rel=\"canonical\" href=\"https:\/\/yrab.ch\/de\/\" \/>\n<meta property=\"og:locale\" content=\"de_DE\" \/>\n<meta property=\"og:type\" content=\"article\" \/>\n<meta property=\"og:title\" content=\"Home - DE | Yvan R\u00fcedi Architektur und Bauleitung GmbH\" \/>\n<meta property=\"og:description\" content=\"Bauen nach Ihren W\u00fcnschen, wir bieten s\u00e4mtliche Architektur Leistungen an, so wie auch Bauleitung, Bauberatung, Digitalisierung, Gesuche &amp; Visualisierungen.\" \/>\n<meta property=\"og:url\" content=\"https:\/\/yrab.ch\/de\/\" \/>\n<meta property=\"og:site_name\" content=\"DE | Yvan R\u00fcedi Architektur und Bauleitung GmbH\" \/>\n<meta property=\"article:modified_time\" content=\"2025-09-15T07:18:14+00:00\" \/>\n<meta property=\"og:image\" content=\"https:\/\/yrab.ch\/wp-content\/uploads\/2024\/12\/IMG_2944-scaled.jpg\" \/>\n\t<meta property=\"og:image:width\" content=\"1025\" \/>\n\t<meta property=\"og:image:height\" content=\"769\" \/>\n\t<meta property=\"og:image:type\" content=\"image\/jpeg\" \/>\n<meta name=\"twitter:card\" content=\"summary_large_image\" \/>\n<meta name=\"twitter:label1\" content=\"Gesch\u00e4tzte Lesezeit\" \/>\n\t<meta name=\"twitter:data1\" content=\"2\u00a0Minuten\" \/>\n<script type=\"application\/ld+json\" class=\"yoast-schema-graph\">{\"@context\":\"https:\\\/\\\/schema.org\",\"@graph\":[{\"@type\":\"WebPage\",\"@id\":\"https:\\\/\\\/yrab.ch\\\/de\\\/\",\"url\":\"https:\\\/\\\/yrab.ch\\\/de\\\/\",\"name\":\"Home - DE | Yvan R\u00fcedi Architektur und Bauleitung GmbH\",\"isPartOf\":{\"@id\":\"https:\\\/\\\/yrab.ch\\\/#website\"},\"primaryImageOfPage\":{\"@id\":\"https:\\\/\\\/yrab.ch\\\/de\\\/#primaryimage\"},\"image\":{\"@id\":\"https:\\\/\\\/yrab.ch\\\/de\\\/#primaryimage\"},\"thumbnailUrl\":\"https:\\\/\\\/yrab.ch\\\/wp-content\\\/uploads\\\/2024\\\/12\\\/IMG_2944-1024x768.jpg\",\"datePublished\":\"2019-04-11T09:46:21+00:00\",\"dateModified\":\"2025-09-15T07:18:14+00:00\",\"description\":\"Bauen nach Ihren W\u00fcnschen, wir bieten s\u00e4mtliche Architektur Leistungen an, so wie auch Bauleitung, Bauberatung, Digitalisierung, Gesuche & Visualisierungen.\",\"inLanguage\":\"de\",\"potentialAction\":[{\"@type\":\"ReadAction\",\"target\":[\"https:\\\/\\\/yrab.ch\\\/de\\\/\"]}]},{\"@type\":\"ImageObject\",\"inLanguage\":\"de\",\"@id\":\"https:\\\/\\\/yrab.ch\\\/de\\\/#primaryimage\",\"url\":\"https:\\\/\\\/yrab.ch\\\/wp-content\\\/uploads\\\/2024\\\/12\\\/IMG_2944-1024x768.jpg\",\"contentUrl\":\"https:\\\/\\\/yrab.ch\\\/wp-content\\\/uploads\\\/2024\\\/12\\\/IMG_2944-1024x768.jpg\"},{\"@type\":\"WebSite\",\"@id\":\"https:\\\/\\\/yrab.ch\\\/#website\",\"url\":\"https:\\\/\\\/yrab.ch\\\/\",\"name\":\"Yvan R\u00fcedi Architektur und Bauleitung GmbH\",\"description\":\"Architekturb\u00fcro und Architekt in Pr\u00e4ttigau, Graub\u00fcnden\",\"potentialAction\":[{\"@type\":\"SearchAction\",\"target\":{\"@type\":\"EntryPoint\",\"urlTemplate\":\"https:\\\/\\\/yrab.ch\\\/?s={search_term_string}\"},\"query-input\":{\"@type\":\"PropertyValueSpecification\",\"valueRequired\":true,\"valueName\":\"search_term_string\"}}],\"inLanguage\":\"de\"}]}<\/script>\n<!-- \/ Yoast SEO plugin. -->","yoast_head_json":{"title":"Home - DE | Yvan R\u00fcedi Architektur und Bauleitung GmbH","description":"Bauen nach Ihren W\u00fcnschen, wir bieten s\u00e4mtliche Architektur Leistungen an, so wie auch Bauleitung, Bauberatung, Digitalisierung, Gesuche & Visualisierungen.","robots":{"index":"index","follow":"follow","max-snippet":"max-snippet:-1","max-image-preview":"max-image-preview:large","max-video-preview":"max-video-preview:-1"},"canonical":"https:\/\/yrab.ch\/de\/","og_locale":"de_DE","og_type":"article","og_title":"Home - DE | Yvan R\u00fcedi Architektur und Bauleitung GmbH","og_description":"Bauen nach Ihren W\u00fcnschen, wir bieten s\u00e4mtliche Architektur Leistungen an, so wie auch Bauleitung, Bauberatung, Digitalisierung, Gesuche & Visualisierungen.","og_url":"https:\/\/yrab.ch\/de\/","og_site_name":"DE | Yvan R\u00fcedi Architektur und Bauleitung GmbH","article_modified_time":"2025-09-15T07:18:14+00:00","og_image":[{"width":1025,"height":769,"url":"https:\/\/yrab.ch\/wp-content\/uploads\/2024\/12\/IMG_2944-scaled.jpg","type":"image\/jpeg"}],"twitter_card":"summary_large_image","twitter_misc":{"Gesch\u00e4tzte Lesezeit":"2\u00a0Minuten"},"schema":{"@context":"https:\/\/schema.org","@graph":[{"@type":"WebPage","@id":"https:\/\/yrab.ch\/de\/","url":"https:\/\/yrab.ch\/de\/","name":"Home - DE | Yvan R\u00fcedi Architektur und Bauleitung GmbH","isPartOf":{"@id":"https:\/\/yrab.ch\/#website"},"primaryImageOfPage":{"@id":"https:\/\/yrab.ch\/de\/#primaryimage"},"image":{"@id":"https:\/\/yrab.ch\/de\/#primaryimage"},"thumbnailUrl":"https:\/\/yrab.ch\/wp-content\/uploads\/2024\/12\/IMG_2944-1024x768.jpg","datePublished":"2019-04-11T09:46:21+00:00","dateModified":"2025-09-15T07:18:14+00:00","description":"Bauen nach Ihren W\u00fcnschen, wir bieten s\u00e4mtliche Architektur Leistungen an, so wie auch Bauleitung, Bauberatung, Digitalisierung, Gesuche & Visualisierungen.","inLanguage":"de","potentialAction":[{"@type":"ReadAction","target":["https:\/\/yrab.ch\/de\/"]}]},{"@type":"ImageObject","inLanguage":"de","@id":"https:\/\/yrab.ch\/de\/#primaryimage","url":"https:\/\/yrab.ch\/wp-content\/uploads\/2024\/12\/IMG_2944-1024x768.jpg","contentUrl":"https:\/\/yrab.ch\/wp-content\/uploads\/2024\/12\/IMG_2944-1024x768.jpg"},{"@type":"WebSite","@id":"https:\/\/yrab.ch\/#website","url":"https:\/\/yrab.ch\/","name":"Yvan R\u00fcedi Architektur und Bauleitung GmbH","description":"Architekturb\u00fcro und Architekt in Pr\u00e4ttigau, Graub\u00fcnden","potentialAction":[{"@type":"SearchAction","target":{"@type":"EntryPoint","urlTemplate":"https:\/\/yrab.ch\/?s={search_term_string}"},"query-input":{"@type":"PropertyValueSpecification","valueRequired":true,"valueName":"search_term_string"}}],"inLanguage":"de"}]}},"_links":{"self":[{"href":"https:\/\/yrab.ch\/de\/wp-json\/wp\/v2\/pages\/36","targetHints":{"allow":["GET"]}}],"collection":[{"href":"https:\/\/yrab.ch\/de\/wp-json\/wp\/v2\/pages"}],"about":[{"href":"https:\/\/yrab.ch\/de\/wp-json\/wp\/v2\/types\/page"}],"author":[{"embeddable":true,"href":"https:\/\/yrab.ch\/de\/wp-json\/wp\/v2\/users\/1"}],"replies":[{"embeddable":true,"href":"https:\/\/yrab.ch\/de\/wp-json\/wp\/v2\/comments?post=36"}],"version-history":[{"count":156,"href":"https:\/\/yrab.ch\/de\/wp-json\/wp\/v2\/pages\/36\/revisions"}],"predecessor-version":[{"id":1107,"href":"https:\/\/yrab.ch\/de\/wp-json\/wp\/v2\/pages\/36\/revisions\/1107"}],"wp:attachment":[{"href":"https:\/\/yrab.ch\/de\/wp-json\/wp\/v2\/media?parent=36"}],"curies":[{"name":"wp","href":"https:\/\/api.w.org\/{rel}","templated":true}]}}