{"id":902,"date":"2023-08-25T12:33:49","date_gmt":"2023-08-25T12:33:49","guid":{"rendered":"https:\/\/yrab.ch\/?page_id=902"},"modified":"2023-08-25T15:18:04","modified_gmt":"2023-08-25T15:18:04","slug":"datenschutz-impressum","status":"publish","type":"page","link":"https:\/\/yrab.ch\/de\/datenschutz-impressum\/","title":{"rendered":"Datenschutz &#8211; Impressum"},"content":{"rendered":"\t\t<div data-elementor-type=\"wp-page\" data-elementor-id=\"902\" class=\"elementor elementor-902\" data-elementor-post-type=\"page\">\n\t\t\t\t\t\t<section class=\"elementor-section elementor-top-section elementor-element elementor-element-10bbc9cd elementor-section-boxed elementor-section-height-default elementor-section-height-default\" data-id=\"10bbc9cd\" data-element_type=\"section\" data-e-type=\"section\" data-settings=\"{&quot;background_background&quot;:&quot;classic&quot;}\">\n\t\t\t\t\t\t<div class=\"elementor-container elementor-column-gap-default\">\n\t\t\t\t\t<div class=\"elementor-column elementor-col-100 elementor-top-column elementor-element elementor-element-7541ecdb\" data-id=\"7541ecdb\" data-element_type=\"column\" data-e-type=\"column\">\n\t\t\t<div class=\"elementor-widget-wrap elementor-element-populated\">\n\t\t\t\t\t\t<div class=\"elementor-element elementor-element-18c7c092 elementor-widget__width-auto elementor-view-default elementor-widget elementor-widget-icon\" data-id=\"18c7c092\" data-element_type=\"widget\" data-e-type=\"widget\" data-widget_type=\"icon.default\">\n\t\t\t\t<div class=\"elementor-widget-container\">\n\t\t\t\t\t\t\t<div class=\"elementor-icon-wrapper\">\n\t\t\t<div class=\"elementor-icon\">\n\t\t\t\t\t\t\t<i class=\"fa fa-home\" aria-hidden=\"true\"><\/i>\n\t\t\t\t\t\t<\/div>\n\t\t<\/div>\n\t\t\t\t\t\t<\/div>\n\t\t\t\t<\/div>\n\t\t\t\t<div class=\"elementor-element elementor-element-f1cac6 elementor-widget__width-initial elementor-widget-mobile__width-initial elementor-widget elementor-widget-breadcrumbs\" data-id=\"f1cac6\" data-element_type=\"widget\" data-e-type=\"widget\" data-widget_type=\"breadcrumbs.default\">\n\t\t\t\t<div class=\"elementor-widget-container\">\n\t\t\t\t\t<p id=\"breadcrumbs\"><\/p>\t\t\t\t<\/div>\n\t\t\t\t<\/div>\n\t\t\t\t\t<\/div>\n\t\t<\/div>\n\t\t\t\t\t<\/div>\n\t\t<\/section>\n\t\t\t\t<section class=\"elementor-section elementor-top-section elementor-element elementor-element-1e383899 elementor-section-content-middle elementor-section-boxed elementor-section-height-default elementor-section-height-default\" data-id=\"1e383899\" data-element_type=\"section\" data-e-type=\"section\" data-settings=\"{&quot;background_background&quot;:&quot;classic&quot;}\">\n\t\t\t\t\t\t<div class=\"elementor-container elementor-column-gap-default\">\n\t\t\t\t\t<div class=\"elementor-column elementor-col-100 elementor-top-column elementor-element elementor-element-6bda3fce\" data-id=\"6bda3fce\" data-element_type=\"column\" data-e-type=\"column\" data-settings=\"{&quot;background_background&quot;:&quot;gradient&quot;}\">\n\t\t\t<div class=\"elementor-widget-wrap elementor-element-populated\">\n\t\t\t\t\t<div class=\"elementor-background-overlay\"><\/div>\n\t\t\t\t\t\t<div class=\"elementor-element elementor-element-2faf3fba elementor-widget elementor-widget-heading\" data-id=\"2faf3fba\" data-element_type=\"widget\" data-e-type=\"widget\" data-widget_type=\"heading.default\">\n\t\t\t\t<div class=\"elementor-widget-container\">\n\t\t\t\t\t<h2 class=\"elementor-heading-title elementor-size-default\">Datenschutz &#8211; Impressum<\/h2>\t\t\t\t<\/div>\n\t\t\t\t<\/div>\n\t\t\t\t<div class=\"elementor-element elementor-element-1ef05861 elementor-widget-divider--view-line elementor-widget elementor-widget-divider\" data-id=\"1ef05861\" data-element_type=\"widget\" data-e-type=\"widget\" data-widget_type=\"divider.default\">\n\t\t\t\t<div class=\"elementor-widget-container\">\n\t\t\t\t\t\t\t<div class=\"elementor-divider\">\n\t\t\t<span class=\"elementor-divider-separator\">\n\t\t\t\t\t\t<\/span>\n\t\t<\/div>\n\t\t\t\t\t\t<\/div>\n\t\t\t\t<\/div>\n\t\t\t\t<div class=\"elementor-element elementor-element-3bb9250b elementor-widget elementor-widget-text-editor\" data-id=\"3bb9250b\" data-element_type=\"widget\" data-e-type=\"widget\" data-widget_type=\"text-editor.default\">\n\t\t\t\t<div class=\"elementor-widget-container\">\n\t\t\t\t\t\t\t\t\t<p>Datenschutzerkl\u00e4rung WEB<\/p>\n<p>F\u00fcr Mitglieder, Organe, Gesch\u00e4ftspartner, Kunden und Interessenten<\/p>\n<p><strong>1. Worum geht es in dieser Datenschutzerkl\u00e4rung?<\/strong><br>Vertrauen ist wichtig, besonders wenn es um Ihre Daten geht. Aus diesem Grund erachten&nbsp;wir es als unsere Verpflichtung, nur die Daten zu erheben, welche erforderlich sind sowie&nbsp;diese Daten mit der gebotenen Sorgfalt zu verwalten und vor Missbr\u00e4uchen zu sch\u00fctzen. Der&nbsp;Y. R\u00fcedi Architektur &amp; Bauleitung GmbH h\u00e4lt sich an die datenschutzrechtlichen Vorschriften&nbsp;bei der Erhebung und Verarbeitung Ihrer Daten.<\/p>\n<p><strong>2. Wer ist verantwortlich?<\/strong><br>Die Verantwortung f\u00fcr die Datenbearbeitung nach dieser Datenschutzerkl\u00e4rung tr\u00e4gt der Y.&nbsp;R\u00fcedi Architektur &amp; Bauleitung GmbH. Bei Fragen zu dieser Datenschutzerkl\u00e4rung oder&nbsp;\u00fcber die Bearbeitung Ihrer Personendaten k\u00f6nnen Sie uns gerne jederzeit wie folgt&nbsp;kontaktieren:<\/p>\n<p>Y. R\u00fcedi Architkektur &amp; Bauleitung GmbH, Yvan R\u00fcedi, Mezzaselvaweg 2, 7249, Serneus,&nbsp;info@yrab.ch<\/p>\n<p><strong>3. Welche Personendaten bearbeiten wir?<\/strong><br>Wir erheben neben der Anrede, dem Vornamen und Namen, auch die Adresse, die Telefonnummer, die E-Mail-Adresse, die Firma, die Funktion, das Geburtsdatum und die Bankverbindung, sofern dies jeweils f\u00fcr die Mitgliedschaft, die Gesch\u00e4ftsbeziehung, die Vertragserf\u00fcllung, die Kursteilnahme oder ihr Interesse am Y. R\u00fcedi Architektur &amp; Bauleitung GmbH erforderlich ist. Wir verwenden auf unserer Webseite weder Google<br>Analytics noch andere vergleichbare Dienste. Auf unserer Webseite werden auch keine Social Plugins (\u00abPlugins\u00bb) der sozialen Netzwerke verwendet. S\u00e4mtliche Daten, welche Sie im Rahmen der Mitgliedschaft, einer Funktion als Organ, einer Bestellung in unserem Webshop oder einer Anfrage eingeben, werden von uns gespeichert.<\/p>\n<p><strong>4. Zu welchen Zwecken bearbeiten wir Personendaten?<\/strong><br>Wir erheben Ihre Personendaten, um Sie als Mitglied, Organ, Gesch\u00e4ftspartner, Kunde oder Interessenten identifizieren zu k\u00f6nnen. Dies, um die Mitgliedschaft zu verwalten, die Funktion zu administrieren, die Vertr\u00e4ge abzuschliessen und umzusetzen, die Teilnahme an&nbsp;Kursen zu organisieren, die Korrespondenz zu f\u00fchren und zum Zwecke der&nbsp; Rechnungsstellung. Wir nutzen, wenn erforderlich, nur technisch notwendige Cookies, um die Nutzung unserer Webseite zu vereinfachen. Wir verwenden jedoch keine Analyse Cookies.<\/p>\n<p><strong>5. Was sind die Rechtsgrundlagen der Datenverarbeitung?<\/strong><br>Der Y. R\u00fcedi Architektur &amp; Bauleitung GmbH verarbeitet alle Personendaten aufgrund eines impliziten oder expliziten Vertrags-verh\u00e4ltnisses oder aufgrund gesetzlicher Gr\u00fcnde.<\/p>\n<p><strong>6. Wem geben wir Ihre Personendaten weiter?<\/strong><br>Der Y. R\u00fcedi Architektur &amp; Bauleitung GmbH \u00fcbermittelt Ihre personenbezogenen Daten nicht an Dritte. Zur Arbeitsteilung wer-den bei Bedarf spezialisierte Auftrags Datenverarbeiter zugezogen, die jedoch nur in unserem Auftrag ihre Personendaten bearbeiten und uns diese nach dem Auftrag zur\u00fcckgeben oder vernichten. Die erhobenen Daten, geben wir nur an Dritte Dienstleister weiter, wenn dies zur Auftragsabwicklung zwingend notwendig ist.<\/p>\n<p><strong>7. L\u00e4nder: Werden Ihre Personendaten in ein Drittland \u00fcbermittelt?<\/strong><br>Wir \u00fcbermitteln keine Personendaten an Empf\u00e4nger in einem Drittland mit geringerem Datenschutzniveau.<\/p>\n<p><strong>8. Wird automatisierte Entscheidungsfindung oder Profiling eingesetzt?<\/strong><br>Wir setzen keine erfahren zur automatisierten Entscheidungsfindung oder zum Profiling ein.<\/p>\n<p><strong>9. Wie lange speichern wir Ihre Personendaten?<\/strong><br>Der Y. R\u00fcedi Architektur &amp; Bauleitung GmbH speichert Daten nach der Erhebung so lange, wie dies zur Erf\u00fcllung der oben genannten Zwecke, gesetzlicher Vorgaben und aufgrund berechtigter Interessen erforderlich ist.<\/p>\n<p><strong>10. Welche Rechte haben Sie im Zusammenhang mit der Bearbeitung Ihrer Personendaten?<\/strong><br>Sie haben bez\u00fcglich Ihrer Daten grunds\u00e4tzlich folgende Rechte:<\/p>\n<ul>\n<li>Das Recht auf Auskunft,<\/li>\n<li>das Recht auf \u00dcbertragung Ihrer Daten an Sie oder einen Dienstleister,<\/li>\n<li>das Recht auf Berichtigung,<\/li>\n<li>das Recht auf Einschr\u00e4nkung der Verarbeitung,<\/li>\n<li>das Recht der Verarbeitung zu widersprechen.<\/li>\n<\/ul>\n<p>Dar\u00fcber hinaus haben Sie ein Beschwerderecht bei der zust\u00e4ndigen<br>Datenschutzaufsichtsbeh\u00f6rde.<\/p>\n<p><strong>11. Wie k\u00f6nnen Sie uns erreichen oder Ihre Einwilligung widerrufen?<\/strong><br>Sie k\u00f6nnen die Bearbeitung Ihrer Daten jederzeit f\u00fcr die Zukunft widerrufen, sofern diese nicht f\u00fcr die Vertragserf\u00fcllung oder die Mitgliedschaft erforderlich ist. Die Rechtm\u00e4ssigkeit, der aufgrund der Einwilligung oder Rechtfertigung bis zum Widerruf erfolgten Datenverarbeitung, wird dadurch nicht ber\u00fchrt. Sofern Sie von Ihrem Widerrufs- oder Widerspruchsrecht Gebrauch machen m\u00f6chten, teilen Sie uns ihr Begehren per E-Mail mit an: info@yrab.ch<\/p>\n<p>Serneus, 14.09.2023<\/p>\t\t\t\t\t\t\t\t<\/div>\n\t\t\t\t<\/div>\n\t\t\t\t\t<\/div>\n\t\t<\/div>\n\t\t\t\t\t<\/div>\n\t\t<\/section>\n\t\t\t\t<\/div>\n\t\t","protected":false},"excerpt":{"rendered":"<p>Datenschutzerkl\u00e4rung WEB F\u00fcr Mitglieder, Organe, Gesch\u00e4ftspartner, Kunden und Interessenten 1. Worum geht es in dieser Datenschutzerkl\u00e4rung?Vertrauen ist wichtig, besonders wenn es um Ihre Daten geht. Aus diesem Grund erachten&nbsp;wir es als unsere Verpflichtung, nur die Daten zu erheben, welche erforderlich sind sowie&nbsp;diese Daten mit der gebotenen Sorgfalt zu verwalten und vor Missbr\u00e4uchen zu sch\u00fctzen. Der&nbsp;Y. &#8230; <a title=\"Datenschutz &#8211; Impressum\" class=\"read-more\" href=\"https:\/\/yrab.ch\/de\/datenschutz-impressum\/\" aria-label=\"Mehr Informationen \u00fcber Datenschutz &#8211; Impressum\">Weiterlesen<\/a><\/p>\n","protected":false},"author":1,"featured_media":0,"parent":0,"menu_order":0,"comment_status":"closed","ping_status":"closed","template":"elementor_header_footer","meta":{"footnotes":""},"class_list":["post-902","page","type-page","status-publish"],"yoast_head":"<!-- This site is optimized with the Yoast SEO plugin v27.4 - https:\/\/yoast.com\/product\/yoast-seo-wordpress\/ -->\n<title>Datenschutz - Impressum - DE | Yvan R\u00fcedi Architektur und Bauleitung GmbH<\/title>\n<meta name=\"robots\" content=\"index, follow, max-snippet:-1, max-image-preview:large, max-video-preview:-1\" \/>\n<link rel=\"canonical\" href=\"https:\/\/yrab.ch\/de\/datenschutz-impressum\/\" \/>\n<meta property=\"og:locale\" content=\"de_DE\" \/>\n<meta property=\"og:type\" content=\"article\" \/>\n<meta property=\"og:title\" content=\"Datenschutz - Impressum - DE | Yvan R\u00fcedi Architektur und Bauleitung GmbH\" \/>\n<meta property=\"og:description\" content=\"Datenschutzerkl\u00e4rung WEB F\u00fcr Mitglieder, Organe, Gesch\u00e4ftspartner, Kunden und Interessenten 1. Worum geht es in dieser Datenschutzerkl\u00e4rung?Vertrauen ist wichtig, besonders wenn es um Ihre Daten geht. Aus diesem Grund erachten&nbsp;wir es als unsere Verpflichtung, nur die Daten zu erheben, welche erforderlich sind sowie&nbsp;diese Daten mit der gebotenen Sorgfalt zu verwalten und vor Missbr\u00e4uchen zu sch\u00fctzen. Der&nbsp;Y. ... Weiterlesen\" \/>\n<meta property=\"og:url\" content=\"https:\/\/yrab.ch\/de\/datenschutz-impressum\/\" \/>\n<meta property=\"og:site_name\" content=\"DE | Yvan R\u00fcedi Architektur und Bauleitung GmbH\" \/>\n<meta property=\"article:modified_time\" content=\"2023-08-25T15:18:04+00:00\" \/>\n<meta name=\"twitter:card\" content=\"summary_large_image\" \/>\n<meta name=\"twitter:label1\" content=\"Gesch\u00e4tzte Lesezeit\" \/>\n\t<meta name=\"twitter:data1\" content=\"4\u00a0Minuten\" \/>\n<script type=\"application\/ld+json\" class=\"yoast-schema-graph\">{\"@context\":\"https:\\\/\\\/schema.org\",\"@graph\":[{\"@type\":\"WebPage\",\"@id\":\"https:\\\/\\\/yrab.ch\\\/datenschutz-impressum\\\/\",\"url\":\"https:\\\/\\\/yrab.ch\\\/datenschutz-impressum\\\/\",\"name\":\"Datenschutz - Impressum - DE | Yvan R\u00fcedi Architektur und Bauleitung GmbH\",\"isPartOf\":{\"@id\":\"https:\\\/\\\/yrab.ch\\\/#website\"},\"datePublished\":\"2023-08-25T12:33:49+00:00\",\"dateModified\":\"2023-08-25T15:18:04+00:00\",\"inLanguage\":\"de\",\"potentialAction\":[{\"@type\":\"ReadAction\",\"target\":[\"https:\\\/\\\/yrab.ch\\\/datenschutz-impressum\\\/\"]}]},{\"@type\":\"WebSite\",\"@id\":\"https:\\\/\\\/yrab.ch\\\/#website\",\"url\":\"https:\\\/\\\/yrab.ch\\\/\",\"name\":\"Yvan R\u00fcedi Architektur und Bauleitung GmbH\",\"description\":\"Architekturb\u00fcro und Architekt in Pr\u00e4ttigau, Graub\u00fcnden\",\"potentialAction\":[{\"@type\":\"SearchAction\",\"target\":{\"@type\":\"EntryPoint\",\"urlTemplate\":\"https:\\\/\\\/yrab.ch\\\/?s={search_term_string}\"},\"query-input\":{\"@type\":\"PropertyValueSpecification\",\"valueRequired\":true,\"valueName\":\"search_term_string\"}}],\"inLanguage\":\"de\"}]}<\/script>\n<!-- \/ Yoast SEO plugin. -->","yoast_head_json":{"title":"Datenschutz - Impressum - DE | Yvan R\u00fcedi Architektur und Bauleitung GmbH","robots":{"index":"index","follow":"follow","max-snippet":"max-snippet:-1","max-image-preview":"max-image-preview:large","max-video-preview":"max-video-preview:-1"},"canonical":"https:\/\/yrab.ch\/de\/datenschutz-impressum\/","og_locale":"de_DE","og_type":"article","og_title":"Datenschutz - Impressum - DE | Yvan R\u00fcedi Architektur und Bauleitung GmbH","og_description":"Datenschutzerkl\u00e4rung WEB F\u00fcr Mitglieder, Organe, Gesch\u00e4ftspartner, Kunden und Interessenten 1. Worum geht es in dieser Datenschutzerkl\u00e4rung?Vertrauen ist wichtig, besonders wenn es um Ihre Daten geht. Aus diesem Grund erachten&nbsp;wir es als unsere Verpflichtung, nur die Daten zu erheben, welche erforderlich sind sowie&nbsp;diese Daten mit der gebotenen Sorgfalt zu verwalten und vor Missbr\u00e4uchen zu sch\u00fctzen. Der&nbsp;Y. ... Weiterlesen","og_url":"https:\/\/yrab.ch\/de\/datenschutz-impressum\/","og_site_name":"DE | Yvan R\u00fcedi Architektur und Bauleitung GmbH","article_modified_time":"2023-08-25T15:18:04+00:00","twitter_card":"summary_large_image","twitter_misc":{"Gesch\u00e4tzte Lesezeit":"4\u00a0Minuten"},"schema":{"@context":"https:\/\/schema.org","@graph":[{"@type":"WebPage","@id":"https:\/\/yrab.ch\/datenschutz-impressum\/","url":"https:\/\/yrab.ch\/datenschutz-impressum\/","name":"Datenschutz - Impressum - DE | Yvan R\u00fcedi Architektur und Bauleitung GmbH","isPartOf":{"@id":"https:\/\/yrab.ch\/#website"},"datePublished":"2023-08-25T12:33:49+00:00","dateModified":"2023-08-25T15:18:04+00:00","inLanguage":"de","potentialAction":[{"@type":"ReadAction","target":["https:\/\/yrab.ch\/datenschutz-impressum\/"]}]},{"@type":"WebSite","@id":"https:\/\/yrab.ch\/#website","url":"https:\/\/yrab.ch\/","name":"Yvan R\u00fcedi Architektur und Bauleitung GmbH","description":"Architekturb\u00fcro und Architekt in Pr\u00e4ttigau, Graub\u00fcnden","potentialAction":[{"@type":"SearchAction","target":{"@type":"EntryPoint","urlTemplate":"https:\/\/yrab.ch\/?s={search_term_string}"},"query-input":{"@type":"PropertyValueSpecification","valueRequired":true,"valueName":"search_term_string"}}],"inLanguage":"de"}]}},"_links":{"self":[{"href":"https:\/\/yrab.ch\/de\/wp-json\/wp\/v2\/pages\/902","targetHints":{"allow":["GET"]}}],"collection":[{"href":"https:\/\/yrab.ch\/de\/wp-json\/wp\/v2\/pages"}],"about":[{"href":"https:\/\/yrab.ch\/de\/wp-json\/wp\/v2\/types\/page"}],"author":[{"embeddable":true,"href":"https:\/\/yrab.ch\/de\/wp-json\/wp\/v2\/users\/1"}],"replies":[{"embeddable":true,"href":"https:\/\/yrab.ch\/de\/wp-json\/wp\/v2\/comments?post=902"}],"version-history":[{"count":16,"href":"https:\/\/yrab.ch\/de\/wp-json\/wp\/v2\/pages\/902\/revisions"}],"predecessor-version":[{"id":929,"href":"https:\/\/yrab.ch\/de\/wp-json\/wp\/v2\/pages\/902\/revisions\/929"}],"wp:attachment":[{"href":"https:\/\/yrab.ch\/de\/wp-json\/wp\/v2\/media?parent=902"}],"curies":[{"name":"wp","href":"https:\/\/api.w.org\/{rel}","templated":true}]}}