{"id":195,"date":"2019-04-17T20:07:50","date_gmt":"2019-04-17T20:07:50","guid":{"rendered":"https:\/\/yrab.ch\/?page_id=195"},"modified":"2019-06-07T08:20:23","modified_gmt":"2019-06-07T08:20:23","slug":"bauleitung","status":"publish","type":"page","link":"https:\/\/yrab.ch\/en\/dienstleistungen\/bauleitung\/","title":{"rendered":"Site management"},"content":{"rendered":"<div data-elementor-type=\"wp-post\" data-elementor-id=\"195\" class=\"elementor elementor-195\" data-elementor-post-type=\"page\">\n\t\t\t\t\t\t<section class=\"elementor-section elementor-top-section elementor-element elementor-element-4b505f51 elementor-section-boxed elementor-section-height-default elementor-section-height-default\" data-id=\"4b505f51\" data-element_type=\"section\" data-e-type=\"section\" data-settings=\"{&quot;background_background&quot;:&quot;classic&quot;}\">\n\t\t\t\t\t\t<div class=\"elementor-container elementor-column-gap-default\">\n\t\t\t\t\t<div class=\"elementor-column elementor-col-100 elementor-top-column elementor-element elementor-element-45a1458d\" data-id=\"45a1458d\" data-element_type=\"column\" data-e-type=\"column\">\n\t\t\t<div class=\"elementor-widget-wrap elementor-element-populated\">\n\t\t\t\t\t\t<div class=\"elementor-element elementor-element-20e8c337 elementor-widget__width-auto elementor-view-default elementor-widget elementor-widget-icon\" data-id=\"20e8c337\" data-element_type=\"widget\" data-e-type=\"widget\" data-widget_type=\"icon.default\">\n\t\t\t\t<div class=\"elementor-widget-container\">\n\t\t\t\t\t\t\t<div class=\"elementor-icon-wrapper\">\n\t\t\t<div class=\"elementor-icon\">\n\t\t\t\t\t\t\t<i class=\"fa fa-home\" aria-hidden=\"true\"><\/i>\n\t\t\t\t\t\t<\/div>\n\t\t<\/div>\n\t\t\t\t\t\t<\/div>\n\t\t\t\t<\/div>\n\t\t\t\t<div class=\"elementor-element elementor-element-61294189 elementor-widget__width-initial elementor-widget-mobile__width-initial elementor-widget elementor-widget-breadcrumbs\" data-id=\"61294189\" data-element_type=\"widget\" data-e-type=\"widget\" data-widget_type=\"breadcrumbs.default\">\n\t\t\t\t<div class=\"elementor-widget-container\">\n\t\t\t\t\t<p id=\"breadcrumbs\"><\/p>\t\t\t\t<\/div>\n\t\t\t\t<\/div>\n\t\t\t\t\t<\/div>\n\t\t<\/div>\n\t\t\t\t\t<\/div>\n\t\t<\/section>\n\t\t\t\t<section class=\"elementor-section elementor-top-section elementor-element elementor-element-4a0eede9 elementor-section-content-middle elementor-section-boxed elementor-section-height-default elementor-section-height-default\" data-id=\"4a0eede9\" data-element_type=\"section\" data-e-type=\"section\" data-settings=\"{&quot;background_background&quot;:&quot;classic&quot;}\">\n\t\t\t\t\t\t<div class=\"elementor-container elementor-column-gap-default\">\n\t\t\t\t\t<div class=\"elementor-column elementor-col-100 elementor-top-column elementor-element elementor-element-ca41cad\" data-id=\"ca41cad\" data-element_type=\"column\" data-e-type=\"column\" data-settings=\"{&quot;background_background&quot;:&quot;gradient&quot;}\">\n\t\t\t<div class=\"elementor-widget-wrap elementor-element-populated\">\n\t\t\t\t\t<div class=\"elementor-background-overlay\"><\/div>\n\t\t\t\t\t\t<div class=\"elementor-element elementor-element-498cd329 elementor-widget elementor-widget-heading\" data-id=\"498cd329\" data-element_type=\"widget\" data-e-type=\"widget\" data-widget_type=\"heading.default\">\n\t\t\t\t<div class=\"elementor-widget-container\">\n\t\t\t\t\t<h2 class=\"elementor-heading-title elementor-size-default\">Site management<\/h2>\t\t\t\t<\/div>\n\t\t\t\t<\/div>\n\t\t\t\t<div class=\"elementor-element elementor-element-7c51b596 elementor-widget-divider--view-line elementor-widget elementor-widget-divider\" data-id=\"7c51b596\" data-element_type=\"widget\" data-e-type=\"widget\" data-widget_type=\"divider.default\">\n\t\t\t\t<div class=\"elementor-widget-container\">\n\t\t\t\t\t\t\t<div class=\"elementor-divider\">\n\t\t\t<span class=\"elementor-divider-separator\">\n\t\t\t\t\t\t<\/span>\n\t\t<\/div>\n\t\t\t\t\t\t<\/div>\n\t\t\t\t<\/div>\n\t\t\t\t<div class=\"elementor-element elementor-element-40853516 elementor-widget elementor-widget-text-editor\" data-id=\"40853516\" data-element_type=\"widget\" data-e-type=\"widget\" data-widget_type=\"text-editor.default\">\n\t\t\t\t<div class=\"elementor-widget-container\">\n\t\t\t\t\t\t\t\t\t<p>A definition of site manager and what you can expect when you hire me:<\/p><p>In a first step, a good construction manager checks whether the specifications can be implemented at all, whether the necessary preliminary clarifications have been carried out and whether the construction programme is realistic. He pays attention to a good cooperation with the planners and craftsmen, who should work towards the best possible result for the benefit of the client. The site manager and no one else is the boss during construction. Without his knowledge and consent, nothing may be changed, neither by the project manager, nor by the planners, nor by the craftsmen. A good site manager is on site when he is needed and not when it suits him best, because the procedures and deadlines are decisive. The craftsmen rely on the fact that they can ask him if something is unclear. The site manager maintains constant open communication with the client or the architect, and today this is often done by e-mail. This is always done in the knowledge that a building project, especially renovations and renewals, is a work that is being produced by hand for the first time in this form. No two buildings are the same. A good construction manager costs money. But he also saves money. A good construction manager expects the client to ensure that the financing is secured, that decisions are made on time and that the invoices are paid on time at the end. In return, the client receives what he had envisaged, on time and at the price he had envisaged.<\/p>\t\t\t\t\t\t\t\t<\/div>\n\t\t\t\t<\/div>\n\t\t\t\t\t<\/div>\n\t\t<\/div>\n\t\t\t\t\t<\/div>\n\t\t<\/section>\n\t\t\t\t<\/div>","protected":false},"excerpt":{"rendered":"<p>Construction management A definition of the construction manager and what you can expect when you hire me: In a first step, a good site manager checks whether the specifications can be implemented at all, whether the necessary preliminary clarifications have been carried out and whether the construction programme is realistic. He pays attention to a good cooperation with the planners and craftsmen, which in the client's favour is based on the best possible ... <a title=\"Site management\" class=\"read-more\" href=\"https:\/\/yrab.ch\/en\/dienstleistungen\/bauleitung\/\" aria-label=\"Read more about Construction management\">Read more<\/a><\/p>","protected":false},"author":1,"featured_media":0,"parent":115,"menu_order":0,"comment_status":"closed","ping_status":"closed","template":"elementor_header_footer","meta":{"footnotes":""},"class_list":["post-195","page","type-page","status-publish"],"yoast_head":"<!-- This site is optimized with the Yoast SEO plugin v27.4 - https:\/\/yoast.com\/product\/yoast-seo-wordpress\/ -->\n<title>Bauleitung - DE | Yvan R\u00fcedi Architektur und Bauleitung GmbH<\/title>\n<meta name=\"description\" content=\"Nutzen Sie meine Erfahrung. Sparen Sie sich \u00c4rger &amp; profitieren Sie von professioneller Kontrolle welche sich nicht zuletzt in Qualit\u00e4t ausbezahlt.\" \/>\n<meta name=\"robots\" content=\"index, follow, max-snippet:-1, max-image-preview:large, max-video-preview:-1\" \/>\n<link rel=\"canonical\" href=\"https:\/\/yrab.ch\/en\/dienstleistungen\/bauleitung\/\" \/>\n<meta property=\"og:locale\" content=\"en_GB\" \/>\n<meta property=\"og:type\" content=\"article\" \/>\n<meta property=\"og:title\" content=\"Bauleitung - DE | Yvan R\u00fcedi Architektur und Bauleitung GmbH\" \/>\n<meta property=\"og:description\" content=\"Nutzen Sie meine Erfahrung. Sparen Sie sich \u00c4rger &amp; profitieren Sie von professioneller Kontrolle welche sich nicht zuletzt in Qualit\u00e4t ausbezahlt.\" \/>\n<meta property=\"og:url\" content=\"https:\/\/yrab.ch\/en\/dienstleistungen\/bauleitung\/\" \/>\n<meta property=\"og:site_name\" content=\"DE | Yvan R\u00fcedi Architektur und Bauleitung GmbH\" \/>\n<meta property=\"article:modified_time\" content=\"2019-06-07T08:20:23+00:00\" \/>\n<meta name=\"twitter:card\" content=\"summary_large_image\" \/>\n<meta name=\"twitter:label1\" content=\"Estimated reading time\" \/>\n\t<meta name=\"twitter:data1\" content=\"1 minute\" \/>\n<script type=\"application\/ld+json\" class=\"yoast-schema-graph\">{\"@context\":\"https:\\\/\\\/schema.org\",\"@graph\":[{\"@type\":\"WebPage\",\"@id\":\"https:\\\/\\\/yrab.ch\\\/dienstleistungen\\\/bauleitung\\\/\",\"url\":\"https:\\\/\\\/yrab.ch\\\/dienstleistungen\\\/bauleitung\\\/\",\"name\":\"Bauleitung - DE | Yvan R\u00fcedi Architektur und Bauleitung GmbH\",\"isPartOf\":{\"@id\":\"https:\\\/\\\/yrab.ch\\\/#website\"},\"datePublished\":\"2019-04-17T20:07:50+00:00\",\"dateModified\":\"2019-06-07T08:20:23+00:00\",\"description\":\"Nutzen Sie meine Erfahrung. Sparen Sie sich \u00c4rger & profitieren Sie von professioneller Kontrolle welche sich nicht zuletzt in Qualit\u00e4t ausbezahlt.\",\"breadcrumb\":{\"@id\":\"https:\\\/\\\/yrab.ch\\\/dienstleistungen\\\/bauleitung\\\/#breadcrumb\"},\"inLanguage\":\"en-GB\",\"potentialAction\":[{\"@type\":\"ReadAction\",\"target\":[\"https:\\\/\\\/yrab.ch\\\/dienstleistungen\\\/bauleitung\\\/\"]}]},{\"@type\":\"BreadcrumbList\",\"@id\":\"https:\\\/\\\/yrab.ch\\\/dienstleistungen\\\/bauleitung\\\/#breadcrumb\",\"itemListElement\":[{\"@type\":\"ListItem\",\"position\":1,\"name\":\"Dienstleistungen\",\"item\":\"https:\\\/\\\/yrab.ch\\\/dienstleistungen\\\/\"},{\"@type\":\"ListItem\",\"position\":2,\"name\":\"Bauleitung\"}]},{\"@type\":\"WebSite\",\"@id\":\"https:\\\/\\\/yrab.ch\\\/#website\",\"url\":\"https:\\\/\\\/yrab.ch\\\/\",\"name\":\"Yvan R\u00fcedi Architektur und Bauleitung GmbH\",\"description\":\"Architekturb\u00fcro und Architekt in Pr\u00e4ttigau, Graub\u00fcnden\",\"potentialAction\":[{\"@type\":\"SearchAction\",\"target\":{\"@type\":\"EntryPoint\",\"urlTemplate\":\"https:\\\/\\\/yrab.ch\\\/?s={search_term_string}\"},\"query-input\":{\"@type\":\"PropertyValueSpecification\",\"valueRequired\":true,\"valueName\":\"search_term_string\"}}],\"inLanguage\":\"en-GB\"}]}<\/script>\n<!-- \/ Yoast SEO plugin. -->","yoast_head_json":{"title":"Bauleitung - DE | Yvan R\u00fcedi Architektur und Bauleitung GmbH","description":"Nutzen Sie meine Erfahrung. Sparen Sie sich \u00c4rger & profitieren Sie von professioneller Kontrolle welche sich nicht zuletzt in Qualit\u00e4t ausbezahlt.","robots":{"index":"index","follow":"follow","max-snippet":"max-snippet:-1","max-image-preview":"max-image-preview:large","max-video-preview":"max-video-preview:-1"},"canonical":"https:\/\/yrab.ch\/en\/dienstleistungen\/bauleitung\/","og_locale":"en_GB","og_type":"article","og_title":"Bauleitung - DE | Yvan R\u00fcedi Architektur und Bauleitung GmbH","og_description":"Nutzen Sie meine Erfahrung. Sparen Sie sich \u00c4rger & profitieren Sie von professioneller Kontrolle welche sich nicht zuletzt in Qualit\u00e4t ausbezahlt.","og_url":"https:\/\/yrab.ch\/en\/dienstleistungen\/bauleitung\/","og_site_name":"DE | Yvan R\u00fcedi Architektur und Bauleitung GmbH","article_modified_time":"2019-06-07T08:20:23+00:00","twitter_card":"summary_large_image","twitter_misc":{"Estimated reading time":"1 minute"},"schema":{"@context":"https:\/\/schema.org","@graph":[{"@type":"WebPage","@id":"https:\/\/yrab.ch\/dienstleistungen\/bauleitung\/","url":"https:\/\/yrab.ch\/dienstleistungen\/bauleitung\/","name":"Bauleitung - DE | Yvan R\u00fcedi Architektur und Bauleitung GmbH","isPartOf":{"@id":"https:\/\/yrab.ch\/#website"},"datePublished":"2019-04-17T20:07:50+00:00","dateModified":"2019-06-07T08:20:23+00:00","description":"Nutzen Sie meine Erfahrung. Sparen Sie sich \u00c4rger & profitieren Sie von professioneller Kontrolle welche sich nicht zuletzt in Qualit\u00e4t ausbezahlt.","breadcrumb":{"@id":"https:\/\/yrab.ch\/dienstleistungen\/bauleitung\/#breadcrumb"},"inLanguage":"en-GB","potentialAction":[{"@type":"ReadAction","target":["https:\/\/yrab.ch\/dienstleistungen\/bauleitung\/"]}]},{"@type":"BreadcrumbList","@id":"https:\/\/yrab.ch\/dienstleistungen\/bauleitung\/#breadcrumb","itemListElement":[{"@type":"ListItem","position":1,"name":"Dienstleistungen","item":"https:\/\/yrab.ch\/dienstleistungen\/"},{"@type":"ListItem","position":2,"name":"Bauleitung"}]},{"@type":"WebSite","@id":"https:\/\/yrab.ch\/#website","url":"https:\/\/yrab.ch\/","name":"Yvan R\u00fcedi Architektur und Bauleitung GmbH","description":"Architectural practice and architect in Pr\u00e4ttigau, Grisons","potentialAction":[{"@type":"SearchAction","target":{"@type":"EntryPoint","urlTemplate":"https:\/\/yrab.ch\/?s={search_term_string}"},"query-input":{"@type":"PropertyValueSpecification","valueRequired":true,"valueName":"search_term_string"}}],"inLanguage":"en-GB"}]}},"_links":{"self":[{"href":"https:\/\/yrab.ch\/en\/wp-json\/wp\/v2\/pages\/195","targetHints":{"allow":["GET"]}}],"collection":[{"href":"https:\/\/yrab.ch\/en\/wp-json\/wp\/v2\/pages"}],"about":[{"href":"https:\/\/yrab.ch\/en\/wp-json\/wp\/v2\/types\/page"}],"author":[{"embeddable":true,"href":"https:\/\/yrab.ch\/en\/wp-json\/wp\/v2\/users\/1"}],"replies":[{"embeddable":true,"href":"https:\/\/yrab.ch\/en\/wp-json\/wp\/v2\/comments?post=195"}],"version-history":[{"count":4,"href":"https:\/\/yrab.ch\/en\/wp-json\/wp\/v2\/pages\/195\/revisions"}],"predecessor-version":[{"id":228,"href":"https:\/\/yrab.ch\/en\/wp-json\/wp\/v2\/pages\/195\/revisions\/228"}],"up":[{"embeddable":true,"href":"https:\/\/yrab.ch\/en\/wp-json\/wp\/v2\/pages\/115"}],"wp:attachment":[{"href":"https:\/\/yrab.ch\/en\/wp-json\/wp\/v2\/media?parent=195"}],"curies":[{"name":"wp","href":"https:\/\/api.w.org\/{rel}","templated":true}]}}