{"id":290,"date":"2019-05-10T12:35:35","date_gmt":"2019-05-10T12:35:35","guid":{"rendered":"https:\/\/yrab.ch\/?page_id=290"},"modified":"2025-05-28T11:44:41","modified_gmt":"2025-05-28T11:44:41","slug":"offene-stellen","status":"publish","type":"page","link":"https:\/\/yrab.ch\/en\/offene-stellen\/","title":{"rendered":"Vacancies"},"content":{"rendered":"<div data-elementor-type=\"wp-post\" data-elementor-id=\"290\" class=\"elementor elementor-290\" data-elementor-post-type=\"page\">\n\t\t\t\t\t\t<section class=\"elementor-section elementor-top-section elementor-element elementor-element-37793a7f elementor-section-boxed elementor-section-height-default elementor-section-height-default\" data-id=\"37793a7f\" data-element_type=\"section\" data-e-type=\"section\" data-settings=\"{&quot;background_background&quot;:&quot;classic&quot;}\">\n\t\t\t\t\t\t<div class=\"elementor-container elementor-column-gap-default\">\n\t\t\t\t\t<div class=\"elementor-column elementor-col-100 elementor-top-column elementor-element elementor-element-358dc28e\" data-id=\"358dc28e\" data-element_type=\"column\" data-e-type=\"column\">\n\t\t\t<div class=\"elementor-widget-wrap elementor-element-populated\">\n\t\t\t\t\t\t<div class=\"elementor-element elementor-element-668b0209 elementor-widget__width-auto elementor-view-default elementor-widget elementor-widget-icon\" data-id=\"668b0209\" data-element_type=\"widget\" data-e-type=\"widget\" data-widget_type=\"icon.default\">\n\t\t\t\t<div class=\"elementor-widget-container\">\n\t\t\t\t\t\t\t<div class=\"elementor-icon-wrapper\">\n\t\t\t<div class=\"elementor-icon\">\n\t\t\t\t\t\t\t<i class=\"fa fa-home\" aria-hidden=\"true\"><\/i>\n\t\t\t\t\t\t<\/div>\n\t\t<\/div>\n\t\t\t\t\t\t<\/div>\n\t\t\t\t<\/div>\n\t\t\t\t<div class=\"elementor-element elementor-element-1e095013 elementor-widget__width-initial elementor-widget-mobile__width-initial elementor-widget elementor-widget-breadcrumbs\" data-id=\"1e095013\" data-element_type=\"widget\" data-e-type=\"widget\" data-widget_type=\"breadcrumbs.default\">\n\t\t\t\t<div class=\"elementor-widget-container\">\n\t\t\t\t\t<p id=\"breadcrumbs\"><\/p>\t\t\t\t<\/div>\n\t\t\t\t<\/div>\n\t\t\t\t\t<\/div>\n\t\t<\/div>\n\t\t\t\t\t<\/div>\n\t\t<\/section>\n\t\t\t\t<section class=\"elementor-section elementor-top-section elementor-element elementor-element-38f9a0df elementor-section-content-middle elementor-section-boxed elementor-section-height-default elementor-section-height-default\" data-id=\"38f9a0df\" data-element_type=\"section\" data-e-type=\"section\" data-settings=\"{&quot;background_background&quot;:&quot;classic&quot;}\">\n\t\t\t\t\t\t<div class=\"elementor-container elementor-column-gap-default\">\n\t\t\t\t\t<div class=\"elementor-column elementor-col-100 elementor-top-column elementor-element elementor-element-19d532b\" data-id=\"19d532b\" data-element_type=\"column\" data-e-type=\"column\" data-settings=\"{&quot;background_background&quot;:&quot;gradient&quot;}\">\n\t\t\t<div class=\"elementor-widget-wrap elementor-element-populated\">\n\t\t\t\t\t<div class=\"elementor-background-overlay\"><\/div>\n\t\t\t\t\t\t<div class=\"elementor-element elementor-element-21c48931 elementor-widget elementor-widget-heading\" data-id=\"21c48931\" data-element_type=\"widget\" data-e-type=\"widget\" data-widget_type=\"heading.default\">\n\t\t\t\t<div class=\"elementor-widget-container\">\n\t\t\t\t\t<h2 class=\"elementor-heading-title elementor-size-default\">Job offers<\/h2>\t\t\t\t<\/div>\n\t\t\t\t<\/div>\n\t\t\t\t<div class=\"elementor-element elementor-element-4e89db89 elementor-widget-divider--view-line elementor-widget elementor-widget-divider\" data-id=\"4e89db89\" data-element_type=\"widget\" data-e-type=\"widget\" data-widget_type=\"divider.default\">\n\t\t\t\t<div class=\"elementor-widget-container\">\n\t\t\t\t\t\t\t<div class=\"elementor-divider\">\n\t\t\t<span class=\"elementor-divider-separator\">\n\t\t\t\t\t\t<\/span>\n\t\t<\/div>\n\t\t\t\t\t\t<\/div>\n\t\t\t\t<\/div>\n\t\t\t\t<div class=\"elementor-element elementor-element-629f4004 elementor-widget elementor-widget-text-editor\" data-id=\"629f4004\" data-element_type=\"widget\" data-e-type=\"widget\" data-widget_type=\"text-editor.default\">\n\t\t\t\t<div class=\"elementor-widget-container\">\n\t\t\t\t\t\t\t\t\t<p style=\"text-align: center;\">In unserem neuen erweiterten B\u00fcro in Serneus suchen wir:<\/p>\n\n<p style=\"text-align: center;\">STRUCTURAL DRAUGHTSMAN \/ IN<\/p><p style=\"text-align: center;\">ZEICHNER \/ IN EFZ ARCHITEKTUR <br><\/p>\n<p style=\"text-align: center;\">All positions part-time or full-time,<\/p>\n<p style=\"text-align: center;\">are you interested in joining a small team with interesting projects?<\/p>\n<p style=\"text-align: center;\">Then get in touch or send us your application documents.<\/p>\n<p style=\"text-align: center;\">You can expect a modern workplace, good and flexible employment conditions and a good salary.<\/p>\t\t\t\t\t\t\t\t<\/div>\n\t\t\t\t<\/div>\n\t\t\t\t\t<\/div>\n\t\t<\/div>\n\t\t\t\t\t<\/div>\n\t\t<\/section>\n\t\t\t\t<\/div>","protected":false},"excerpt":{"rendered":"<p>Stellenagebote In unserem neuen erweiterten B\u00fcro in Serneus suchen wir: HOCHBAUZEICHNER \/ IN ZEICHNER \/ IN EFZ ARCHITEKTUR Alle Stellen Teilzeit oder Vollzeit, hast du interesse an einem kleine aufgestellten Team mit interessanten Projekten. Dann melde dich oder sende uns deine Bewerbungsunterlagen. Es erwartet dich ein moderner Arbeitsplatz, gute und flexible Anstellungsbedingungen sowie gute Entl\u00f6hnung.<\/p>","protected":false},"author":1,"featured_media":0,"parent":0,"menu_order":0,"comment_status":"closed","ping_status":"closed","template":"elementor_header_footer","meta":{"footnotes":""},"class_list":["post-290","page","type-page","status-publish"],"yoast_head":"<!-- This site is optimized with the Yoast SEO plugin v27.3 - https:\/\/yoast.com\/product\/yoast-seo-wordpress\/ -->\n<title>Offene Stellen - DE | Yvan R\u00fcedi Architektur und Bauleitung GmbH<\/title>\n<meta name=\"description\" content=\"Offene Stellen ver\u00f6ffentlichen wir jeweils hier. M\u00f6glicherweise ist auch etwas f\u00fcr Sie dabei. Wir freuen uns auf Ihre Kontaktaufnahme.\" \/>\n<meta name=\"robots\" content=\"index, follow, max-snippet:-1, max-image-preview:large, max-video-preview:-1\" \/>\n<link rel=\"canonical\" href=\"https:\/\/yrab.ch\/en\/offene-stellen\/\" \/>\n<meta property=\"og:locale\" content=\"en_GB\" \/>\n<meta property=\"og:type\" content=\"article\" \/>\n<meta property=\"og:title\" content=\"Offene Stellen - DE | Yvan R\u00fcedi Architektur und Bauleitung GmbH\" \/>\n<meta property=\"og:description\" content=\"Offene Stellen ver\u00f6ffentlichen wir jeweils hier. M\u00f6glicherweise ist auch etwas f\u00fcr Sie dabei. Wir freuen uns auf Ihre Kontaktaufnahme.\" \/>\n<meta property=\"og:url\" content=\"https:\/\/yrab.ch\/en\/offene-stellen\/\" \/>\n<meta property=\"og:site_name\" content=\"DE | Yvan R\u00fcedi Architektur und Bauleitung GmbH\" \/>\n<meta property=\"article:modified_time\" content=\"2025-05-28T11:44:41+00:00\" \/>\n<meta name=\"twitter:card\" content=\"summary_large_image\" \/>\n<meta name=\"twitter:label1\" content=\"Estimated reading time\" \/>\n\t<meta name=\"twitter:data1\" content=\"1 minute\" \/>\n<script type=\"application\/ld+json\" class=\"yoast-schema-graph\">{\"@context\":\"https:\\\/\\\/schema.org\",\"@graph\":[{\"@type\":\"WebPage\",\"@id\":\"https:\\\/\\\/yrab.ch\\\/de\\\/offene-stellen\\\/\",\"url\":\"https:\\\/\\\/yrab.ch\\\/de\\\/offene-stellen\\\/\",\"name\":\"Offene Stellen - DE | Yvan R\u00fcedi Architektur und Bauleitung GmbH\",\"isPartOf\":{\"@id\":\"https:\\\/\\\/yrab.ch\\\/#website\"},\"datePublished\":\"2019-05-10T12:35:35+00:00\",\"dateModified\":\"2025-05-28T11:44:41+00:00\",\"description\":\"Offene Stellen ver\u00f6ffentlichen wir jeweils hier. M\u00f6glicherweise ist auch etwas f\u00fcr Sie dabei. Wir freuen uns auf Ihre Kontaktaufnahme.\",\"inLanguage\":\"en-GB\",\"potentialAction\":[{\"@type\":\"ReadAction\",\"target\":[\"https:\\\/\\\/yrab.ch\\\/de\\\/offene-stellen\\\/\"]}]},{\"@type\":\"WebSite\",\"@id\":\"https:\\\/\\\/yrab.ch\\\/#website\",\"url\":\"https:\\\/\\\/yrab.ch\\\/\",\"name\":\"Yvan R\u00fcedi Architektur und Bauleitung GmbH\",\"description\":\"Architekturb\u00fcro und Architekt in Pr\u00e4ttigau, Graub\u00fcnden\",\"potentialAction\":[{\"@type\":\"SearchAction\",\"target\":{\"@type\":\"EntryPoint\",\"urlTemplate\":\"https:\\\/\\\/yrab.ch\\\/?s={search_term_string}\"},\"query-input\":{\"@type\":\"PropertyValueSpecification\",\"valueRequired\":true,\"valueName\":\"search_term_string\"}}],\"inLanguage\":\"en-GB\"}]}<\/script>\n<!-- \/ Yoast SEO plugin. -->","yoast_head_json":{"title":"Offene Stellen - DE | Yvan R\u00fcedi Architektur und Bauleitung GmbH","description":"Offene Stellen ver\u00f6ffentlichen wir jeweils hier. M\u00f6glicherweise ist auch etwas f\u00fcr Sie dabei. Wir freuen uns auf Ihre Kontaktaufnahme.","robots":{"index":"index","follow":"follow","max-snippet":"max-snippet:-1","max-image-preview":"max-image-preview:large","max-video-preview":"max-video-preview:-1"},"canonical":"https:\/\/yrab.ch\/en\/offene-stellen\/","og_locale":"en_GB","og_type":"article","og_title":"Offene Stellen - DE | Yvan R\u00fcedi Architektur und Bauleitung GmbH","og_description":"Offene Stellen ver\u00f6ffentlichen wir jeweils hier. M\u00f6glicherweise ist auch etwas f\u00fcr Sie dabei. Wir freuen uns auf Ihre Kontaktaufnahme.","og_url":"https:\/\/yrab.ch\/en\/offene-stellen\/","og_site_name":"DE | Yvan R\u00fcedi Architektur und Bauleitung GmbH","article_modified_time":"2025-05-28T11:44:41+00:00","twitter_card":"summary_large_image","twitter_misc":{"Estimated reading time":"1 minute"},"schema":{"@context":"https:\/\/schema.org","@graph":[{"@type":"WebPage","@id":"https:\/\/yrab.ch\/de\/offene-stellen\/","url":"https:\/\/yrab.ch\/de\/offene-stellen\/","name":"Offene Stellen - DE | Yvan R\u00fcedi Architektur und Bauleitung GmbH","isPartOf":{"@id":"https:\/\/yrab.ch\/#website"},"datePublished":"2019-05-10T12:35:35+00:00","dateModified":"2025-05-28T11:44:41+00:00","description":"Offene Stellen ver\u00f6ffentlichen wir jeweils hier. M\u00f6glicherweise ist auch etwas f\u00fcr Sie dabei. Wir freuen uns auf Ihre Kontaktaufnahme.","inLanguage":"en-GB","potentialAction":[{"@type":"ReadAction","target":["https:\/\/yrab.ch\/de\/offene-stellen\/"]}]},{"@type":"WebSite","@id":"https:\/\/yrab.ch\/#website","url":"https:\/\/yrab.ch\/","name":"Yvan R\u00fcedi Architektur und Bauleitung GmbH","description":"Architectural practice and architect in Pr\u00e4ttigau, Grisons","potentialAction":[{"@type":"SearchAction","target":{"@type":"EntryPoint","urlTemplate":"https:\/\/yrab.ch\/?s={search_term_string}"},"query-input":{"@type":"PropertyValueSpecification","valueRequired":true,"valueName":"search_term_string"}}],"inLanguage":"en-GB"}]}},"_links":{"self":[{"href":"https:\/\/yrab.ch\/en\/wp-json\/wp\/v2\/pages\/290","targetHints":{"allow":["GET"]}}],"collection":[{"href":"https:\/\/yrab.ch\/en\/wp-json\/wp\/v2\/pages"}],"about":[{"href":"https:\/\/yrab.ch\/en\/wp-json\/wp\/v2\/types\/page"}],"author":[{"embeddable":true,"href":"https:\/\/yrab.ch\/en\/wp-json\/wp\/v2\/users\/1"}],"replies":[{"embeddable":true,"href":"https:\/\/yrab.ch\/en\/wp-json\/wp\/v2\/comments?post=290"}],"version-history":[{"count":52,"href":"https:\/\/yrab.ch\/en\/wp-json\/wp\/v2\/pages\/290\/revisions"}],"predecessor-version":[{"id":1101,"href":"https:\/\/yrab.ch\/en\/wp-json\/wp\/v2\/pages\/290\/revisions\/1101"}],"wp:attachment":[{"href":"https:\/\/yrab.ch\/en\/wp-json\/wp\/v2\/media?parent=290"}],"curies":[{"name":"wp","href":"https:\/\/api.w.org\/{rel}","templated":true}]}}