{"id":295,"date":"2019-05-10T12:42:49","date_gmt":"2019-05-10T12:42:49","guid":{"rendered":"https:\/\/yrab.ch\/?page_id=295"},"modified":"2024-12-20T04:57:10","modified_gmt":"2024-12-20T04:57:10","slug":"firma-profil","status":"publish","type":"page","link":"https:\/\/yrab.ch\/en\/firma-profil\/","title":{"rendered":"Company profile"},"content":{"rendered":"<div data-elementor-type=\"wp-post\" data-elementor-id=\"295\" class=\"elementor elementor-295\" data-elementor-post-type=\"page\">\n\t\t\t\t\t\t<section class=\"elementor-section elementor-top-section elementor-element elementor-element-1db35ff3 elementor-section-boxed elementor-section-height-default elementor-section-height-default\" data-id=\"1db35ff3\" data-element_type=\"section\" data-e-type=\"section\" data-settings=\"{&quot;background_background&quot;:&quot;classic&quot;}\">\n\t\t\t\t\t\t<div class=\"elementor-container elementor-column-gap-default\">\n\t\t\t\t\t<div class=\"elementor-column elementor-col-100 elementor-top-column elementor-element elementor-element-72b6909f\" data-id=\"72b6909f\" data-element_type=\"column\" data-e-type=\"column\">\n\t\t\t<div class=\"elementor-widget-wrap elementor-element-populated\">\n\t\t\t\t\t\t<div class=\"elementor-element elementor-element-d35bd7d elementor-widget__width-auto elementor-view-default elementor-widget elementor-widget-icon\" data-id=\"d35bd7d\" data-element_type=\"widget\" data-e-type=\"widget\" data-widget_type=\"icon.default\">\n\t\t\t\t<div class=\"elementor-widget-container\">\n\t\t\t\t\t\t\t<div class=\"elementor-icon-wrapper\">\n\t\t\t<div class=\"elementor-icon\">\n\t\t\t\t\t\t\t<i class=\"fa fa-home\" aria-hidden=\"true\"><\/i>\n\t\t\t\t\t\t<\/div>\n\t\t<\/div>\n\t\t\t\t\t\t<\/div>\n\t\t\t\t<\/div>\n\t\t\t\t<div class=\"elementor-element elementor-element-1ae5fb37 elementor-widget__width-initial elementor-widget-mobile__width-initial elementor-widget elementor-widget-breadcrumbs\" data-id=\"1ae5fb37\" data-element_type=\"widget\" data-e-type=\"widget\" data-widget_type=\"breadcrumbs.default\">\n\t\t\t\t<div class=\"elementor-widget-container\">\n\t\t\t\t\t<p id=\"breadcrumbs\"><\/p>\t\t\t\t<\/div>\n\t\t\t\t<\/div>\n\t\t\t\t\t<\/div>\n\t\t<\/div>\n\t\t\t\t\t<\/div>\n\t\t<\/section>\n\t\t\t\t<section class=\"elementor-section elementor-top-section elementor-element elementor-element-14c6041 elementor-section-content-middle elementor-section-boxed elementor-section-height-default elementor-section-height-default\" data-id=\"14c6041\" data-element_type=\"section\" data-e-type=\"section\" data-settings=\"{&quot;background_background&quot;:&quot;classic&quot;}\">\n\t\t\t\t\t\t<div class=\"elementor-container elementor-column-gap-default\">\n\t\t\t\t\t<div class=\"elementor-column elementor-col-100 elementor-top-column elementor-element elementor-element-65bdbd04\" data-id=\"65bdbd04\" data-element_type=\"column\" data-e-type=\"column\" data-settings=\"{&quot;background_background&quot;:&quot;gradient&quot;}\">\n\t\t\t<div class=\"elementor-widget-wrap elementor-element-populated\">\n\t\t\t\t\t<div class=\"elementor-background-overlay\"><\/div>\n\t\t\t\t\t\t<div class=\"elementor-element elementor-element-a86843d elementor-widget elementor-widget-heading\" data-id=\"a86843d\" data-element_type=\"widget\" data-e-type=\"widget\" data-widget_type=\"heading.default\">\n\t\t\t\t<div class=\"elementor-widget-container\">\n\t\t\t\t\t<h2 class=\"elementor-heading-title elementor-size-default\">Professional competences or mission statement <\/h2>\t\t\t\t<\/div>\n\t\t\t\t<\/div>\n\t\t\t\t<div class=\"elementor-element elementor-element-42b39a0a elementor-widget-divider--view-line elementor-widget elementor-widget-divider\" data-id=\"42b39a0a\" data-element_type=\"widget\" data-e-type=\"widget\" data-widget_type=\"divider.default\">\n\t\t\t\t<div class=\"elementor-widget-container\">\n\t\t\t\t\t\t\t<div class=\"elementor-divider\">\n\t\t\t<span class=\"elementor-divider-separator\">\n\t\t\t\t\t\t<\/span>\n\t\t<\/div>\n\t\t\t\t\t\t<\/div>\n\t\t\t\t<\/div>\n\t\t\t\t<div class=\"elementor-element elementor-element-6292dcae elementor-widget elementor-widget-text-editor\" data-id=\"6292dcae\" data-element_type=\"widget\" data-e-type=\"widget\" data-widget_type=\"text-editor.default\">\n\t\t\t\t<div class=\"elementor-widget-container\">\n\t\t\t\t\t\t\t\t\t<p><a href=\"https:\/\/yrab.ch\/wp-content\/uploads\/2019\/05\/yr_closeup_smile_web-e1558081737976.jpg\"><img fetchpriority=\"high\" decoding=\"async\" class=\"alignleft wp-image-433 size-medium\" src=\"https:\/\/yrab.ch\/wp-content\/uploads\/2019\/05\/yr_closeup_smile_web-203x300.jpg\" alt=\"\" width=\"203\" height=\"300\" \/><\/a><\/p><p>Together with you, I would like to make your dream of living come true, be it in the case of a new building extension and\/or conversion, as well as the renovation of an existing building. I will be happy to advise and support you in your search for the most suitable form of living for your needs and requirements. I would be happy to accompany you from the creation of the first sketches to the definitive design of your wish, right up to moving into the newly created building. You will look in vain for airs and graces in my office, here you still get what you want and how you want it. I only take on work for which I am suitable in terms of my knowledge and experience.<br \/>In addition, I am continuously educating myself so that I am able to provide state-of-the-art services.<\/p><p>Company<br \/>The architecture office was founded in January 2013 as a sole proprietorship by Yvan R\u00fcedi. After one year, I decided to found a limited liability company. The field of activity was continuously expanded and the radius of work extended.<\/p>\t\t\t\t\t\t\t\t<\/div>\n\t\t\t\t<\/div>\n\t\t\t\t<div class=\"elementor-element elementor-element-4e8158f elementor-widget-divider--view-line elementor-widget elementor-widget-divider\" data-id=\"4e8158f\" data-element_type=\"widget\" data-e-type=\"widget\" data-widget_type=\"divider.default\">\n\t\t\t\t<div class=\"elementor-widget-container\">\n\t\t\t\t\t\t\t<div class=\"elementor-divider\">\n\t\t\t<span class=\"elementor-divider-separator\">\n\t\t\t\t\t\t<\/span>\n\t\t<\/div>\n\t\t\t\t\t\t<\/div>\n\t\t\t\t<\/div>\n\t\t\t\t<div class=\"elementor-element elementor-element-e6bc093 elementor-widget elementor-widget-heading\" data-id=\"e6bc093\" data-element_type=\"widget\" data-e-type=\"widget\" data-widget_type=\"heading.default\">\n\t\t\t\t<div class=\"elementor-widget-container\">\n\t\t\t\t\t<h3 class=\"elementor-heading-title elementor-size-medium\">Employees<\/h3>\t\t\t\t<\/div>\n\t\t\t\t<\/div>\n\t\t\t\t<section class=\"elementor-section elementor-inner-section elementor-element elementor-element-6097ba7 elementor-section-boxed elementor-section-height-default elementor-section-height-default\" data-id=\"6097ba7\" data-element_type=\"section\" data-e-type=\"section\">\n\t\t\t\t\t\t<div class=\"elementor-container elementor-column-gap-default\">\n\t\t\t\t\t<div class=\"elementor-column elementor-col-50 elementor-inner-column elementor-element elementor-element-e28d475\" data-id=\"e28d475\" data-element_type=\"column\" data-e-type=\"column\">\n\t\t\t<div class=\"elementor-widget-wrap elementor-element-populated\">\n\t\t\t\t\t\t<div class=\"elementor-element elementor-element-b6c8f64 elementor-widget elementor-widget-image\" data-id=\"b6c8f64\" data-element_type=\"widget\" data-e-type=\"widget\" data-widget_type=\"image.default\">\n\t\t\t\t<div class=\"elementor-widget-container\">\n\t\t\t\t\t\t\t\t\t\t\t\t\t\t\t<img decoding=\"async\" width=\"275\" height=\"413\" src=\"https:\/\/yrab.ch\/wp-content\/uploads\/2019\/12\/christoph.jpg\" class=\"attachment-large size-large wp-image-670\" alt=\"\" srcset=\"https:\/\/yrab.ch\/wp-content\/uploads\/2019\/12\/christoph.jpg 275w, https:\/\/yrab.ch\/wp-content\/uploads\/2019\/12\/christoph-200x300.jpg 200w\" sizes=\"(max-width: 275px) 100vw, 275px\" \/>\t\t\t\t\t\t\t\t\t\t\t\t\t\t\t<\/div>\n\t\t\t\t<\/div>\n\t\t\t\t\t<\/div>\n\t\t<\/div>\n\t\t\t\t<div class=\"elementor-column elementor-col-50 elementor-inner-column elementor-element elementor-element-3ef7b99\" data-id=\"3ef7b99\" data-element_type=\"column\" data-e-type=\"column\">\n\t\t\t<div class=\"elementor-widget-wrap elementor-element-populated\">\n\t\t\t\t\t\t<div class=\"elementor-element elementor-element-7391a18 elementor-widget elementor-widget-image\" data-id=\"7391a18\" data-element_type=\"widget\" data-e-type=\"widget\" data-widget_type=\"image.default\">\n\t\t\t\t<div class=\"elementor-widget-container\">\n\t\t\t\t\t\t\t\t\t\t\t\t\t\t\t<img decoding=\"async\" width=\"768\" height=\"1024\" src=\"https:\/\/yrab.ch\/wp-content\/uploads\/2019\/12\/Bewerbungsfoto-768x1024.jpg\" class=\"attachment-large size-large wp-image-669\" alt=\"\" srcset=\"https:\/\/yrab.ch\/wp-content\/uploads\/2019\/12\/Bewerbungsfoto-768x1024.jpg 768w, https:\/\/yrab.ch\/wp-content\/uploads\/2019\/12\/Bewerbungsfoto-225x300.jpg 225w, https:\/\/yrab.ch\/wp-content\/uploads\/2019\/12\/Bewerbungsfoto-1153x1536.jpg 1153w, https:\/\/yrab.ch\/wp-content\/uploads\/2019\/12\/Bewerbungsfoto-1537x2048.jpg 1537w, https:\/\/yrab.ch\/wp-content\/uploads\/2019\/12\/Bewerbungsfoto-scaled.jpg 769w\" sizes=\"(max-width: 768px) 100vw, 768px\" \/>\t\t\t\t\t\t\t\t\t\t\t\t\t\t\t<\/div>\n\t\t\t\t<\/div>\n\t\t\t\t\t<\/div>\n\t\t<\/div>\n\t\t\t\t\t<\/div>\n\t\t<\/section>\n\t\t\t\t<div class=\"elementor-element elementor-element-8e315a8 elementor-widget-divider--view-line elementor-widget elementor-widget-divider\" data-id=\"8e315a8\" data-element_type=\"widget\" data-e-type=\"widget\" data-widget_type=\"divider.default\">\n\t\t\t\t<div class=\"elementor-widget-container\">\n\t\t\t\t\t\t\t<div class=\"elementor-divider\">\n\t\t\t<span class=\"elementor-divider-separator\">\n\t\t\t\t\t\t<\/span>\n\t\t<\/div>\n\t\t\t\t\t\t<\/div>\n\t\t\t\t<\/div>\n\t\t\t\t<section class=\"elementor-section elementor-inner-section elementor-element elementor-element-19a9a1b elementor-section-boxed elementor-section-height-default elementor-section-height-default\" data-id=\"19a9a1b\" data-element_type=\"section\" data-e-type=\"section\">\n\t\t\t\t\t\t<div class=\"elementor-container elementor-column-gap-no\">\n\t\t\t\t\t<div class=\"elementor-column elementor-col-50 elementor-inner-column elementor-element elementor-element-62fd46d\" data-id=\"62fd46d\" data-element_type=\"column\" data-e-type=\"column\">\n\t\t\t<div class=\"elementor-widget-wrap elementor-element-populated\">\n\t\t\t\t\t\t<div class=\"elementor-element elementor-element-6c933c3 elementor-widget elementor-widget-text-editor\" data-id=\"6c933c3\" data-element_type=\"widget\" data-e-type=\"widget\" data-widget_type=\"text-editor.default\">\n\t\t\t\t<div class=\"elementor-widget-container\">\n\t\t\t\t\t\t\t\t\t<div><span style=\"color: #ffffff;\">Architect FH<\/span><\/div><div>\u00a0<\/div><div><span style=\"color: #ffffff;\">Christoph Camenisch<\/span><\/div><div>\u00a0<\/div><div><span style=\"color: #ffffff;\">With us at the company since September 2019<\/span><\/div>\t\t\t\t\t\t\t\t<\/div>\n\t\t\t\t<\/div>\n\t\t\t\t\t<\/div>\n\t\t<\/div>\n\t\t\t\t<div class=\"elementor-column elementor-col-50 elementor-inner-column elementor-element elementor-element-6526aca\" data-id=\"6526aca\" data-element_type=\"column\" data-e-type=\"column\">\n\t\t\t<div class=\"elementor-widget-wrap elementor-element-populated\">\n\t\t\t\t\t\t<div class=\"elementor-element elementor-element-8d25529 elementor-widget elementor-widget-text-editor\" data-id=\"8d25529\" data-element_type=\"widget\" data-e-type=\"widget\" data-widget_type=\"text-editor.default\">\n\t\t\t\t<div class=\"elementor-widget-container\">\n\t\t\t\t\t\t\t\t\t<div><p><span style=\"color: #ffffff;\">EFZ draughtswoman, specialising in architecture<\/span><\/p><p><span style=\"color: #ffffff;\">Jacqueline Hertner<\/span><\/p><p><span style=\"color: #ffffff;\">With us at the company since 1 January 2020<\/span><\/p><\/div>\t\t\t\t\t\t\t\t<\/div>\n\t\t\t\t<\/div>\n\t\t\t\t\t<\/div>\n\t\t<\/div>\n\t\t\t\t\t<\/div>\n\t\t<\/section>\n\t\t\t\t<section class=\"elementor-section elementor-inner-section elementor-element elementor-element-04f89cb elementor-section-boxed elementor-section-height-default elementor-section-height-default\" data-id=\"04f89cb\" data-element_type=\"section\" data-e-type=\"section\">\n\t\t\t\t\t\t<div class=\"elementor-container elementor-column-gap-default\">\n\t\t\t\t\t<div class=\"elementor-column elementor-col-50 elementor-inner-column elementor-element elementor-element-8991daa\" data-id=\"8991daa\" data-element_type=\"column\" data-e-type=\"column\">\n\t\t\t<div class=\"elementor-widget-wrap elementor-element-populated\">\n\t\t\t\t\t\t<div class=\"elementor-element elementor-element-60f8f1c elementor-widget elementor-widget-text-editor\" data-id=\"60f8f1c\" data-element_type=\"widget\" data-e-type=\"widget\" data-widget_type=\"text-editor.default\">\n\t\t\t\t<div class=\"elementor-widget-container\">\n\t\t\t\t\t\t\t\t\t<p><span style=\"color: #ffffff;\">Commercial employees<\/span><\/p><p><span style=\"color: #ffffff;\">Briggite Weber<\/span><\/p><p><span style=\"color: #ffffff;\">Seit 1. November 2024<br \/><\/span><\/p>\t\t\t\t\t\t\t\t<\/div>\n\t\t\t\t<\/div>\n\t\t\t\t<div class=\"elementor-element elementor-element-4117668 elementor-widget__width-initial elementor-widget elementor-widget-image\" data-id=\"4117668\" data-element_type=\"widget\" data-e-type=\"widget\" data-widget_type=\"image.default\">\n\t\t\t\t<div class=\"elementor-widget-container\">\n\t\t\t\t\t\t\t\t\t\t\t\t\t\t\t<img loading=\"lazy\" decoding=\"async\" width=\"768\" height=\"1025\" src=\"https:\/\/yrab.ch\/wp-content\/uploads\/2024\/12\/01862f1a-b853-4d8c-acd6-3fc6d8c715ba.jpeg\" class=\"attachment-full size-full wp-image-966\" alt=\"\" srcset=\"https:\/\/yrab.ch\/wp-content\/uploads\/2024\/12\/01862f1a-b853-4d8c-acd6-3fc6d8c715ba.jpeg 768w, https:\/\/yrab.ch\/wp-content\/uploads\/2024\/12\/01862f1a-b853-4d8c-acd6-3fc6d8c715ba-225x300.jpeg 225w, https:\/\/yrab.ch\/wp-content\/uploads\/2024\/12\/01862f1a-b853-4d8c-acd6-3fc6d8c715ba-767x1024.jpeg 767w, https:\/\/yrab.ch\/wp-content\/uploads\/2024\/12\/01862f1a-b853-4d8c-acd6-3fc6d8c715ba-9x12.jpeg 9w\" sizes=\"(max-width: 768px) 100vw, 768px\" \/>\t\t\t\t\t\t\t\t\t\t\t\t\t\t\t<\/div>\n\t\t\t\t<\/div>\n\t\t\t\t\t<\/div>\n\t\t<\/div>\n\t\t\t\t<div class=\"elementor-column elementor-col-50 elementor-inner-column elementor-element elementor-element-f078611\" data-id=\"f078611\" data-element_type=\"column\" data-e-type=\"column\">\n\t\t\t<div class=\"elementor-widget-wrap\">\n\t\t\t\t\t\t\t<\/div>\n\t\t<\/div>\n\t\t\t\t\t<\/div>\n\t\t<\/section>\n\t\t\t\t\t<\/div>\n\t\t<\/div>\n\t\t\t\t\t<\/div>\n\t\t<\/section>\n\t\t\t\t<\/div>","protected":false},"excerpt":{"rendered":"<p>Professional competences or mission statement I would like to fulfil your dream of living together with you, be it a new building extension and\/or conversion, as well as a renovation of an existing building. I will be happy to advise and support you in your search for the most suitable form of living for your needs and requirements. The creation of initial sketches of the final design ... <a title=\"Company profile\" class=\"read-more\" href=\"https:\/\/yrab.ch\/en\/firma-profil\/\" aria-label=\"Read more about Company profile\">Read more<\/a><\/p>","protected":false},"author":1,"featured_media":0,"parent":0,"menu_order":0,"comment_status":"closed","ping_status":"closed","template":"elementor_header_footer","meta":{"footnotes":""},"class_list":["post-295","page","type-page","status-publish"],"yoast_head":"<!-- This site is optimized with the Yoast SEO plugin v27.4 - https:\/\/yoast.com\/product\/yoast-seo-wordpress\/ -->\n<title>Firma Profil - DE | Yvan R\u00fcedi Architektur und Bauleitung GmbH<\/title>\n<meta name=\"description\" content=\"Ich m\u00f6chte mit Ihnen zusammen Ihren Traum vom Wohnen &amp; Leben erf\u00fcllen. Nutzen Sie meine Erfahrung und lassen Sie uns Tr\u00e4ume in Realit\u00e4t umsetzen.\" \/>\n<meta name=\"robots\" content=\"index, follow, max-snippet:-1, max-image-preview:large, max-video-preview:-1\" \/>\n<link rel=\"canonical\" href=\"https:\/\/yrab.ch\/en\/firma-profil\/\" \/>\n<meta property=\"og:locale\" content=\"en_GB\" \/>\n<meta property=\"og:type\" content=\"article\" \/>\n<meta property=\"og:title\" content=\"Firma Profil - DE | Yvan R\u00fcedi Architektur und Bauleitung GmbH\" \/>\n<meta property=\"og:description\" content=\"Ich m\u00f6chte mit Ihnen zusammen Ihren Traum vom Wohnen &amp; Leben erf\u00fcllen. Nutzen Sie meine Erfahrung und lassen Sie uns Tr\u00e4ume in Realit\u00e4t umsetzen.\" \/>\n<meta property=\"og:url\" content=\"https:\/\/yrab.ch\/en\/firma-profil\/\" \/>\n<meta property=\"og:site_name\" content=\"DE | Yvan R\u00fcedi Architektur und Bauleitung GmbH\" \/>\n<meta property=\"article:modified_time\" content=\"2024-12-20T04:57:10+00:00\" \/>\n<meta property=\"og:image\" content=\"https:\/\/yrab.ch\/wp-content\/uploads\/2019\/05\/yr_closeup_smile_web-e1558081737976.jpg\" \/>\n\t<meta property=\"og:image:width\" content=\"694\" \/>\n\t<meta property=\"og:image:height\" content=\"1025\" \/>\n\t<meta property=\"og:image:type\" content=\"image\/jpeg\" \/>\n<meta name=\"twitter:card\" content=\"summary_large_image\" \/>\n<meta name=\"twitter:label1\" content=\"Estimated reading time\" \/>\n\t<meta name=\"twitter:data1\" content=\"2 minutes\" \/>\n<script type=\"application\/ld+json\" class=\"yoast-schema-graph\">{\"@context\":\"https:\\\/\\\/schema.org\",\"@graph\":[{\"@type\":\"WebPage\",\"@id\":\"https:\\\/\\\/yrab.ch\\\/firma-profil\\\/\",\"url\":\"https:\\\/\\\/yrab.ch\\\/firma-profil\\\/\",\"name\":\"Firma Profil - DE | Yvan R\u00fcedi Architektur und Bauleitung GmbH\",\"isPartOf\":{\"@id\":\"https:\\\/\\\/yrab.ch\\\/#website\"},\"primaryImageOfPage\":{\"@id\":\"https:\\\/\\\/yrab.ch\\\/firma-profil\\\/#primaryimage\"},\"image\":{\"@id\":\"https:\\\/\\\/yrab.ch\\\/firma-profil\\\/#primaryimage\"},\"thumbnailUrl\":\"https:\\\/\\\/yrab.ch\\\/wp-content\\\/uploads\\\/2019\\\/05\\\/yr_closeup_smile_web-203x300.jpg\",\"datePublished\":\"2019-05-10T12:42:49+00:00\",\"dateModified\":\"2024-12-20T04:57:10+00:00\",\"description\":\"Ich m\u00f6chte mit Ihnen zusammen Ihren Traum vom Wohnen & Leben erf\u00fcllen. Nutzen Sie meine Erfahrung und lassen Sie uns Tr\u00e4ume in Realit\u00e4t umsetzen.\",\"inLanguage\":\"en-GB\",\"potentialAction\":[{\"@type\":\"ReadAction\",\"target\":[\"https:\\\/\\\/yrab.ch\\\/firma-profil\\\/\"]}]},{\"@type\":\"ImageObject\",\"inLanguage\":\"en-GB\",\"@id\":\"https:\\\/\\\/yrab.ch\\\/firma-profil\\\/#primaryimage\",\"url\":\"https:\\\/\\\/yrab.ch\\\/wp-content\\\/uploads\\\/2019\\\/05\\\/yr_closeup_smile_web-203x300.jpg\",\"contentUrl\":\"https:\\\/\\\/yrab.ch\\\/wp-content\\\/uploads\\\/2019\\\/05\\\/yr_closeup_smile_web-203x300.jpg\"},{\"@type\":\"WebSite\",\"@id\":\"https:\\\/\\\/yrab.ch\\\/#website\",\"url\":\"https:\\\/\\\/yrab.ch\\\/\",\"name\":\"Yvan R\u00fcedi Architektur und Bauleitung GmbH\",\"description\":\"Architekturb\u00fcro und Architekt in Pr\u00e4ttigau, Graub\u00fcnden\",\"potentialAction\":[{\"@type\":\"SearchAction\",\"target\":{\"@type\":\"EntryPoint\",\"urlTemplate\":\"https:\\\/\\\/yrab.ch\\\/?s={search_term_string}\"},\"query-input\":{\"@type\":\"PropertyValueSpecification\",\"valueRequired\":true,\"valueName\":\"search_term_string\"}}],\"inLanguage\":\"en-GB\"}]}<\/script>\n<!-- \/ Yoast SEO plugin. -->","yoast_head_json":{"title":"Firma Profil - DE | Yvan R\u00fcedi Architektur und Bauleitung GmbH","description":"Ich m\u00f6chte mit Ihnen zusammen Ihren Traum vom Wohnen & Leben erf\u00fcllen. Nutzen Sie meine Erfahrung und lassen Sie uns Tr\u00e4ume in Realit\u00e4t umsetzen.","robots":{"index":"index","follow":"follow","max-snippet":"max-snippet:-1","max-image-preview":"max-image-preview:large","max-video-preview":"max-video-preview:-1"},"canonical":"https:\/\/yrab.ch\/en\/firma-profil\/","og_locale":"en_GB","og_type":"article","og_title":"Firma Profil - DE | Yvan R\u00fcedi Architektur und Bauleitung GmbH","og_description":"Ich m\u00f6chte mit Ihnen zusammen Ihren Traum vom Wohnen & Leben erf\u00fcllen. Nutzen Sie meine Erfahrung und lassen Sie uns Tr\u00e4ume in Realit\u00e4t umsetzen.","og_url":"https:\/\/yrab.ch\/en\/firma-profil\/","og_site_name":"DE | Yvan R\u00fcedi Architektur und Bauleitung GmbH","article_modified_time":"2024-12-20T04:57:10+00:00","og_image":[{"width":694,"height":1025,"url":"https:\/\/yrab.ch\/wp-content\/uploads\/2019\/05\/yr_closeup_smile_web-e1558081737976.jpg","type":"image\/jpeg"}],"twitter_card":"summary_large_image","twitter_misc":{"Estimated reading time":"2 minutes"},"schema":{"@context":"https:\/\/schema.org","@graph":[{"@type":"WebPage","@id":"https:\/\/yrab.ch\/firma-profil\/","url":"https:\/\/yrab.ch\/firma-profil\/","name":"Firma Profil - DE | Yvan R\u00fcedi Architektur und Bauleitung GmbH","isPartOf":{"@id":"https:\/\/yrab.ch\/#website"},"primaryImageOfPage":{"@id":"https:\/\/yrab.ch\/firma-profil\/#primaryimage"},"image":{"@id":"https:\/\/yrab.ch\/firma-profil\/#primaryimage"},"thumbnailUrl":"https:\/\/yrab.ch\/wp-content\/uploads\/2019\/05\/yr_closeup_smile_web-203x300.jpg","datePublished":"2019-05-10T12:42:49+00:00","dateModified":"2024-12-20T04:57:10+00:00","description":"Ich m\u00f6chte mit Ihnen zusammen Ihren Traum vom Wohnen & Leben erf\u00fcllen. Nutzen Sie meine Erfahrung und lassen Sie uns Tr\u00e4ume in Realit\u00e4t umsetzen.","inLanguage":"en-GB","potentialAction":[{"@type":"ReadAction","target":["https:\/\/yrab.ch\/firma-profil\/"]}]},{"@type":"ImageObject","inLanguage":"en-GB","@id":"https:\/\/yrab.ch\/firma-profil\/#primaryimage","url":"https:\/\/yrab.ch\/wp-content\/uploads\/2019\/05\/yr_closeup_smile_web-203x300.jpg","contentUrl":"https:\/\/yrab.ch\/wp-content\/uploads\/2019\/05\/yr_closeup_smile_web-203x300.jpg"},{"@type":"WebSite","@id":"https:\/\/yrab.ch\/#website","url":"https:\/\/yrab.ch\/","name":"Yvan R\u00fcedi Architektur und Bauleitung GmbH","description":"Architectural practice and architect in Pr\u00e4ttigau, Grisons","potentialAction":[{"@type":"SearchAction","target":{"@type":"EntryPoint","urlTemplate":"https:\/\/yrab.ch\/?s={search_term_string}"},"query-input":{"@type":"PropertyValueSpecification","valueRequired":true,"valueName":"search_term_string"}}],"inLanguage":"en-GB"}]}},"_links":{"self":[{"href":"https:\/\/yrab.ch\/en\/wp-json\/wp\/v2\/pages\/295","targetHints":{"allow":["GET"]}}],"collection":[{"href":"https:\/\/yrab.ch\/en\/wp-json\/wp\/v2\/pages"}],"about":[{"href":"https:\/\/yrab.ch\/en\/wp-json\/wp\/v2\/types\/page"}],"author":[{"embeddable":true,"href":"https:\/\/yrab.ch\/en\/wp-json\/wp\/v2\/users\/1"}],"replies":[{"embeddable":true,"href":"https:\/\/yrab.ch\/en\/wp-json\/wp\/v2\/comments?post=295"}],"version-history":[{"count":54,"href":"https:\/\/yrab.ch\/en\/wp-json\/wp\/v2\/pages\/295\/revisions"}],"predecessor-version":[{"id":970,"href":"https:\/\/yrab.ch\/en\/wp-json\/wp\/v2\/pages\/295\/revisions\/970"}],"wp:attachment":[{"href":"https:\/\/yrab.ch\/en\/wp-json\/wp\/v2\/media?parent=295"}],"curies":[{"name":"wp","href":"https:\/\/api.w.org\/{rel}","templated":true}]}}