{"id":461,"date":"2019-05-17T09:37:02","date_gmt":"2019-05-17T09:37:02","guid":{"rendered":"https:\/\/yrab.ch\/?page_id=461"},"modified":"2019-07-02T09:58:37","modified_gmt":"2019-07-02T09:58:37","slug":"bauleitung","status":"publish","type":"page","link":"https:\/\/yrab.ch\/en\/projekte\/privatbauten\/bauleitung\/","title":{"rendered":"Site management"},"content":{"rendered":"<div data-elementor-type=\"wp-post\" data-elementor-id=\"461\" class=\"elementor elementor-461\" data-elementor-post-type=\"page\">\n\t\t\t\t\t\t<section class=\"elementor-section elementor-top-section elementor-element elementor-element-5405c8e0 elementor-section-boxed elementor-section-height-default elementor-section-height-default\" data-id=\"5405c8e0\" data-element_type=\"section\" data-e-type=\"section\" data-settings=\"{&quot;background_background&quot;:&quot;classic&quot;}\">\n\t\t\t\t\t\t<div class=\"elementor-container elementor-column-gap-default\">\n\t\t\t\t\t<div class=\"elementor-column elementor-col-100 elementor-top-column elementor-element elementor-element-4d8e6993\" data-id=\"4d8e6993\" data-element_type=\"column\" data-e-type=\"column\">\n\t\t\t<div class=\"elementor-widget-wrap elementor-element-populated\">\n\t\t\t\t\t\t<div class=\"elementor-element elementor-element-417a9842 elementor-widget__width-auto elementor-view-default elementor-widget elementor-widget-icon\" data-id=\"417a9842\" data-element_type=\"widget\" data-e-type=\"widget\" data-widget_type=\"icon.default\">\n\t\t\t\t<div class=\"elementor-widget-container\">\n\t\t\t\t\t\t\t<div class=\"elementor-icon-wrapper\">\n\t\t\t<div class=\"elementor-icon\">\n\t\t\t\t\t\t\t<i class=\"fa fa-home\" aria-hidden=\"true\"><\/i>\n\t\t\t\t\t\t<\/div>\n\t\t<\/div>\n\t\t\t\t\t\t<\/div>\n\t\t\t\t<\/div>\n\t\t\t\t<div class=\"elementor-element elementor-element-1a9c9220 elementor-widget__width-initial elementor-widget-mobile__width-initial elementor-widget elementor-widget-breadcrumbs\" data-id=\"1a9c9220\" data-element_type=\"widget\" data-e-type=\"widget\" data-widget_type=\"breadcrumbs.default\">\n\t\t\t\t<div class=\"elementor-widget-container\">\n\t\t\t\t\t<p id=\"breadcrumbs\"><\/p>\t\t\t\t<\/div>\n\t\t\t\t<\/div>\n\t\t\t\t\t<\/div>\n\t\t<\/div>\n\t\t\t\t\t<\/div>\n\t\t<\/section>\n\t\t\t\t<section class=\"elementor-section elementor-top-section elementor-element elementor-element-5f8c3793 elementor-section-content-middle elementor-section-boxed elementor-section-height-default elementor-section-height-default\" data-id=\"5f8c3793\" data-element_type=\"section\" data-e-type=\"section\" data-settings=\"{&quot;background_background&quot;:&quot;classic&quot;}\">\n\t\t\t\t\t\t<div class=\"elementor-container elementor-column-gap-default\">\n\t\t\t\t\t<div class=\"elementor-column elementor-col-100 elementor-top-column elementor-element elementor-element-34e4e152\" data-id=\"34e4e152\" data-element_type=\"column\" data-e-type=\"column\" data-settings=\"{&quot;background_background&quot;:&quot;gradient&quot;}\">\n\t\t\t<div class=\"elementor-widget-wrap elementor-element-populated\">\n\t\t\t\t\t<div class=\"elementor-background-overlay\"><\/div>\n\t\t\t\t\t\t<div class=\"elementor-element elementor-element-665ce205 elementor-widget elementor-widget-heading\" data-id=\"665ce205\" data-element_type=\"widget\" data-e-type=\"widget\" data-widget_type=\"heading.default\">\n\t\t\t\t<div class=\"elementor-widget-container\">\n\t\t\t\t\t<h2 class=\"elementor-heading-title elementor-size-default\">EFH, Stricker, Fajauna<\/h2>\t\t\t\t<\/div>\n\t\t\t\t<\/div>\n\t\t\t\t<div class=\"elementor-element elementor-element-29dde413 elementor-widget-divider--view-line elementor-widget elementor-widget-divider\" data-id=\"29dde413\" data-element_type=\"widget\" data-e-type=\"widget\" data-widget_type=\"divider.default\">\n\t\t\t\t<div class=\"elementor-widget-container\">\n\t\t\t\t\t\t\t<div class=\"elementor-divider\">\n\t\t\t<span class=\"elementor-divider-separator\">\n\t\t\t\t\t\t<\/span>\n\t\t<\/div>\n\t\t\t\t\t\t<\/div>\n\t\t\t\t<\/div>\n\t\t\t\t<div class=\"elementor-element elementor-element-499521a7 elementor-widget elementor-widget-text-editor\" data-id=\"499521a7\" data-element_type=\"widget\" data-e-type=\"widget\" data-widget_type=\"text-editor.default\">\n\t\t\t\t<div class=\"elementor-widget-container\">\n\t\t\t\t\t\t\t\t\t<p>2013<\/p><p>5.5 room detached house with large parking garage in solid construction with plastered external thermal insulation and partly ventilated fa\u00e7ade with larch wood panelling.<\/p><p>The house was built completely into the rock.<\/p>\t\t\t\t\t\t\t\t<\/div>\n\t\t\t\t<\/div>\n\t\t\t\t<div class=\"elementor-element elementor-element-7b8945a4 elementor-skin-carousel elementor-arrows-yes elementor-pagination-type-bullets elementor-pagination-position-outside elementor-widget elementor-widget-media-carousel\" data-id=\"7b8945a4\" data-element_type=\"widget\" data-e-type=\"widget\" data-settings=\"{&quot;skin&quot;:&quot;carousel&quot;,&quot;effect&quot;:&quot;slide&quot;,&quot;show_arrows&quot;:&quot;yes&quot;,&quot;pagination&quot;:&quot;bullets&quot;,&quot;speed&quot;:500,&quot;autoplay&quot;:&quot;yes&quot;,&quot;autoplay_speed&quot;:5000,&quot;loop&quot;:&quot;yes&quot;,&quot;pause_on_hover&quot;:&quot;yes&quot;,&quot;pause_on_interaction&quot;:&quot;yes&quot;,&quot;space_between&quot;:{&quot;unit&quot;:&quot;px&quot;,&quot;size&quot;:10,&quot;sizes&quot;:[]},&quot;space_between_tablet&quot;:{&quot;unit&quot;:&quot;px&quot;,&quot;size&quot;:10,&quot;sizes&quot;:[]},&quot;space_between_mobile&quot;:{&quot;unit&quot;:&quot;px&quot;,&quot;size&quot;:10,&quot;sizes&quot;:[]}}\" data-widget_type=\"media-carousel.default\">\n\t\t\t\t<div class=\"elementor-widget-container\">\n\t\t\t\t\t\t\t\t\t<div class=\"elementor-swiper\">\n\t\t\t\t\t<div class=\"elementor-main-swiper swiper\" role=\"region\" aria-roledescription=\"carousel\" aria-label=\"Slider\">\n\t\t\t\t<div class=\"swiper-wrapper\">\n\t\t\t\t\t\t\t\t\t\t\t<div class=\"swiper-slide\" role=\"group\" aria-roledescription=\"slide\">\n\t\t\t\t\t\t\t<a href=\"https:\/\/yrab.ch\/wp-content\/uploads\/2019\/05\/Stricker1.jpeg\" data-elementor-open-lightbox=\"yes\" data-elementor-lightbox-slideshow=\"7b8945a4\" data-elementor-lightbox-title=\"Stricker1\" data-e-action-hash=\"#elementor-action%3Aaction%3Dlightbox%26settings%3DeyJpZCI6NDYzLCJ1cmwiOiJodHRwczpcL1wveXJhYi5jaFwvd3AtY29udGVudFwvdXBsb2Fkc1wvMjAxOVwvMDVcL1N0cmlja2VyMS5qcGVnIiwic2xpZGVzaG93IjoiN2I4OTQ1YTQifQ%3D%3D\">\t\t<div class=\"elementor-carousel-image\" role=\"img\" aria-label=\"Knitter1\" style=\"background-image: url(&#039;https:\/\/yrab.ch\/wp-content\/uploads\/2019\/05\/Stricker1.jpeg&#039;)\">\n\n\t\t\t\n\t\t\t\t\t<\/div>\n\t\t<\/a>\t\t\t\t\t\t<\/div>\n\t\t\t\t\t\t\t\t\t\t\t<div class=\"swiper-slide\" role=\"group\" aria-roledescription=\"slide\">\n\t\t\t\t\t\t\t<a href=\"https:\/\/yrab.ch\/wp-content\/uploads\/2019\/05\/Stricker2.jpeg\" data-elementor-open-lightbox=\"yes\" data-elementor-lightbox-slideshow=\"7b8945a4\" data-elementor-lightbox-title=\"Stricker2\" data-e-action-hash=\"#elementor-action%3Aaction%3Dlightbox%26settings%3DeyJpZCI6NDY0LCJ1cmwiOiJodHRwczpcL1wveXJhYi5jaFwvd3AtY29udGVudFwvdXBsb2Fkc1wvMjAxOVwvMDVcL1N0cmlja2VyMi5qcGVnIiwic2xpZGVzaG93IjoiN2I4OTQ1YTQifQ%3D%3D\">\t\t<div class=\"elementor-carousel-image\" role=\"img\" aria-label=\"Knitter2\" style=\"background-image: url(&#039;https:\/\/yrab.ch\/wp-content\/uploads\/2019\/05\/Stricker2.jpeg&#039;)\">\n\n\t\t\t\n\t\t\t\t\t<\/div>\n\t\t<\/a>\t\t\t\t\t\t<\/div>\n\t\t\t\t\t\t\t\t\t\t\t<div class=\"swiper-slide\" role=\"group\" aria-roledescription=\"slide\">\n\t\t\t\t\t\t\t<a href=\"https:\/\/yrab.ch\/wp-content\/uploads\/2019\/05\/Stricker3.jpeg\" data-elementor-open-lightbox=\"yes\" data-elementor-lightbox-slideshow=\"7b8945a4\" data-elementor-lightbox-title=\"Stricker3\" data-e-action-hash=\"#elementor-action%3Aaction%3Dlightbox%26settings%3DeyJpZCI6NDY1LCJ1cmwiOiJodHRwczpcL1wveXJhYi5jaFwvd3AtY29udGVudFwvdXBsb2Fkc1wvMjAxOVwvMDVcL1N0cmlja2VyMy5qcGVnIiwic2xpZGVzaG93IjoiN2I4OTQ1YTQifQ%3D%3D\">\t\t<div class=\"elementor-carousel-image\" role=\"img\" aria-label=\"Knitter3\" style=\"background-image: url(&#039;https:\/\/yrab.ch\/wp-content\/uploads\/2019\/05\/Stricker3.jpeg&#039;)\">\n\n\t\t\t\n\t\t\t\t\t<\/div>\n\t\t<\/a>\t\t\t\t\t\t<\/div>\n\t\t\t\t\t\t\t\t\t<\/div>\n\t\t\t\t\t\t\t\t\t\t\t\t\t\t\t<div class=\"elementor-swiper-button elementor-swiper-button-prev\" role=\"button\" tabindex=\"0\" aria-label=\"Voriger\">\n\t\t\t\t\t\t\t<i aria-hidden=\"true\" class=\"eicon-chevron-left\"><\/i>\t\t\t\t\t\t<\/div>\n\t\t\t\t\t\t<div class=\"elementor-swiper-button elementor-swiper-button-next\" role=\"button\" tabindex=\"0\" aria-label=\"N\u00e4chster\">\n\t\t\t\t\t\t\t<i aria-hidden=\"true\" class=\"eicon-chevron-right\"><\/i>\t\t\t\t\t\t<\/div>\n\t\t\t\t\t\t\t\t\t\t\t\t\t\t\t\t<div class=\"swiper-pagination\"><\/div>\n\t\t\t\t\t\t\t\t\t\t\t\t<\/div>\n\t\t\t\t<\/div>\n\t\t\t\t\t\t\t\t<\/div>\n\t\t\t\t<\/div>\n\t\t\t\t\t<\/div>\n\t\t<\/div>\n\t\t\t\t\t<\/div>\n\t\t<\/section>\n\t\t\t\t<section class=\"elementor-section elementor-top-section elementor-element elementor-element-8d65563 elementor-section-content-middle elementor-section-boxed elementor-section-height-default elementor-section-height-default\" data-id=\"8d65563\" data-element_type=\"section\" data-e-type=\"section\" data-settings=\"{&quot;background_background&quot;:&quot;classic&quot;}\">\n\t\t\t\t\t\t<div class=\"elementor-container elementor-column-gap-default\">\n\t\t\t\t\t<div class=\"elementor-column elementor-col-100 elementor-top-column elementor-element elementor-element-605a03\" data-id=\"605a03\" data-element_type=\"column\" data-e-type=\"column\" data-settings=\"{&quot;background_background&quot;:&quot;gradient&quot;}\">\n\t\t\t<div class=\"elementor-widget-wrap elementor-element-populated\">\n\t\t\t\t\t<div class=\"elementor-background-overlay\"><\/div>\n\t\t\t\t\t\t<div class=\"elementor-element elementor-element-58334848 elementor-widget elementor-widget-heading\" data-id=\"58334848\" data-element_type=\"widget\" data-e-type=\"widget\" data-widget_type=\"heading.default\">\n\t\t\t\t<div class=\"elementor-widget-container\">\n\t\t\t\t\t<h2 class=\"elementor-heading-title elementor-size-default\">EFH, Meier, Gr\u00fcsch<\/h2>\t\t\t\t<\/div>\n\t\t\t\t<\/div>\n\t\t\t\t<div class=\"elementor-element elementor-element-593f8d22 elementor-widget-divider--view-line elementor-widget elementor-widget-divider\" data-id=\"593f8d22\" data-element_type=\"widget\" data-e-type=\"widget\" data-widget_type=\"divider.default\">\n\t\t\t\t<div class=\"elementor-widget-container\">\n\t\t\t\t\t\t\t<div class=\"elementor-divider\">\n\t\t\t<span class=\"elementor-divider-separator\">\n\t\t\t\t\t\t<\/span>\n\t\t<\/div>\n\t\t\t\t\t\t<\/div>\n\t\t\t\t<\/div>\n\t\t\t\t<div class=\"elementor-element elementor-element-58bbe5e1 elementor-widget elementor-widget-text-editor\" data-id=\"58bbe5e1\" data-element_type=\"widget\" data-e-type=\"widget\" data-widget_type=\"text-editor.default\">\n\t\t\t\t<div class=\"elementor-widget-container\">\n\t\t\t\t\t\t\t\t\t<p>2015<\/p><p>7.5 room detached house. The house was constructed in solid construction with plastered exterior thermal insulation.<\/p><p>This was built together with the Wohlgemuth house (see architecture) on a large plot that was later divided. The houses share a technical room with the heating and the forecourt.<\/p>\t\t\t\t\t\t\t\t<\/div>\n\t\t\t\t<\/div>\n\t\t\t\t<div class=\"elementor-element elementor-element-83fea8 elementor-skin-carousel elementor-arrows-yes elementor-pagination-type-bullets elementor-pagination-position-outside elementor-widget elementor-widget-media-carousel\" data-id=\"83fea8\" data-element_type=\"widget\" data-e-type=\"widget\" data-settings=\"{&quot;skin&quot;:&quot;carousel&quot;,&quot;effect&quot;:&quot;slide&quot;,&quot;show_arrows&quot;:&quot;yes&quot;,&quot;pagination&quot;:&quot;bullets&quot;,&quot;speed&quot;:500,&quot;autoplay&quot;:&quot;yes&quot;,&quot;autoplay_speed&quot;:5000,&quot;loop&quot;:&quot;yes&quot;,&quot;pause_on_hover&quot;:&quot;yes&quot;,&quot;pause_on_interaction&quot;:&quot;yes&quot;,&quot;space_between&quot;:{&quot;unit&quot;:&quot;px&quot;,&quot;size&quot;:10,&quot;sizes&quot;:[]},&quot;space_between_tablet&quot;:{&quot;unit&quot;:&quot;px&quot;,&quot;size&quot;:10,&quot;sizes&quot;:[]},&quot;space_between_mobile&quot;:{&quot;unit&quot;:&quot;px&quot;,&quot;size&quot;:10,&quot;sizes&quot;:[]}}\" data-widget_type=\"media-carousel.default\">\n\t\t\t\t<div class=\"elementor-widget-container\">\n\t\t\t\t\t\t\t\t\t<div class=\"elementor-swiper\">\n\t\t\t\t\t<div class=\"elementor-main-swiper swiper\" role=\"region\" aria-roledescription=\"carousel\" aria-label=\"Slider\">\n\t\t\t\t<div class=\"swiper-wrapper\">\n\t\t\t\t\t\t\t\t\t\t\t<div class=\"swiper-slide\" role=\"group\" aria-roledescription=\"slide\">\n\t\t\t\t\t\t\t<a href=\"https:\/\/yrab.ch\/wp-content\/uploads\/2019\/05\/Meier_visualisieren1.jpeg\" data-elementor-open-lightbox=\"yes\" data-elementor-lightbox-slideshow=\"83fea8\" data-elementor-lightbox-title=\"Meier_visualisieren1\" data-e-action-hash=\"#elementor-action%3Aaction%3Dlightbox%26settings%3DeyJpZCI6NDY2LCJ1cmwiOiJodHRwczpcL1wveXJhYi5jaFwvd3AtY29udGVudFwvdXBsb2Fkc1wvMjAxOVwvMDVcL01laWVyX3Zpc3VhbGlzaWVyZW4xLmpwZWciLCJzbGlkZXNob3ciOiI4M2ZlYTgifQ%3D%3D\">\t\t<div class=\"elementor-carousel-image\" role=\"img\" aria-label=\"Meier_visualise1\" style=\"background-image: url(&#039;https:\/\/yrab.ch\/wp-content\/uploads\/2019\/05\/Meier_visualisieren1.jpeg&#039;)\">\n\n\t\t\t\n\t\t\t\t\t<\/div>\n\t\t<\/a>\t\t\t\t\t\t<\/div>\n\t\t\t\t\t\t\t\t\t\t\t<div class=\"swiper-slide\" role=\"group\" aria-roledescription=\"slide\">\n\t\t\t\t\t\t\t<a href=\"https:\/\/yrab.ch\/wp-content\/uploads\/2019\/05\/Wohlgemuth_visualisieren2.jpeg\" data-elementor-open-lightbox=\"yes\" data-elementor-lightbox-slideshow=\"83fea8\" data-elementor-lightbox-title=\"Wohlgemuth_visualisieren2\" data-e-action-hash=\"#elementor-action%3Aaction%3Dlightbox%26settings%3DeyJpZCI6NDY3LCJ1cmwiOiJodHRwczpcL1wveXJhYi5jaFwvd3AtY29udGVudFwvdXBsb2Fkc1wvMjAxOVwvMDVcL1dvaGxnZW11dGhfdmlzdWFsaXNpZXJlbjIuanBlZyIsInNsaWRlc2hvdyI6IjgzZmVhOCJ9\">\t\t<div class=\"elementor-carousel-image\" role=\"img\" aria-label=\"Wohlgemuth_visualise2\" style=\"background-image: url(&#039;https:\/\/yrab.ch\/wp-content\/uploads\/2019\/05\/Wohlgemuth_visualisieren2.jpeg&#039;)\">\n\n\t\t\t\n\t\t\t\t\t<\/div>\n\t\t<\/a>\t\t\t\t\t\t<\/div>\n\t\t\t\t\t\t\t\t\t\t\t<div class=\"swiper-slide\" role=\"group\" aria-roledescription=\"slide\">\n\t\t\t\t\t\t\t<a href=\"https:\/\/yrab.ch\/wp-content\/uploads\/2019\/05\/Wohlgemuth_visualisieren3.jpeg\" data-elementor-open-lightbox=\"yes\" data-elementor-lightbox-slideshow=\"83fea8\" data-elementor-lightbox-title=\"Wohlgemuth_visualisieren3\" data-e-action-hash=\"#elementor-action%3Aaction%3Dlightbox%26settings%3DeyJpZCI6NDY4LCJ1cmwiOiJodHRwczpcL1wveXJhYi5jaFwvd3AtY29udGVudFwvdXBsb2Fkc1wvMjAxOVwvMDVcL1dvaGxnZW11dGhfdmlzdWFsaXNpZXJlbjMuanBlZyIsInNsaWRlc2hvdyI6IjgzZmVhOCJ9\">\t\t<div class=\"elementor-carousel-image\" role=\"img\" aria-label=\"Wohlgemuth_visualise3\" style=\"background-image: url(&#039;https:\/\/yrab.ch\/wp-content\/uploads\/2019\/05\/Wohlgemuth_visualisieren3.jpeg&#039;)\">\n\n\t\t\t\n\t\t\t\t\t<\/div>\n\t\t<\/a>\t\t\t\t\t\t<\/div>\n\t\t\t\t\t\t\t\t\t\t\t<div class=\"swiper-slide\" role=\"group\" aria-roledescription=\"slide\">\n\t\t\t\t\t\t\t<a href=\"https:\/\/yrab.ch\/wp-content\/uploads\/2019\/05\/d_aussen2.jpeg\" data-elementor-open-lightbox=\"yes\" data-elementor-lightbox-slideshow=\"83fea8\" data-elementor-lightbox-title=\"d_aussen2\" data-e-action-hash=\"#elementor-action%3Aaction%3Dlightbox%26settings%3DeyJpZCI6NDY5LCJ1cmwiOiJodHRwczpcL1wveXJhYi5jaFwvd3AtY29udGVudFwvdXBsb2Fkc1wvMjAxOVwvMDVcL2RfYXVzc2VuMi5qcGVnIiwic2xpZGVzaG93IjoiODNmZWE4In0%3D\">\t\t<div class=\"elementor-carousel-image\" role=\"img\" aria-label=\"d_outside2\" style=\"background-image: url(&#039;https:\/\/yrab.ch\/wp-content\/uploads\/2019\/05\/d_aussen2.jpeg&#039;)\">\n\n\t\t\t\n\t\t\t\t\t<\/div>\n\t\t<\/a>\t\t\t\t\t\t<\/div>\n\t\t\t\t\t\t\t\t\t\t\t<div class=\"swiper-slide\" role=\"group\" aria-roledescription=\"slide\">\n\t\t\t\t\t\t\t<a href=\"https:\/\/yrab.ch\/wp-content\/uploads\/2019\/05\/c_aussen1.jpeg\" data-elementor-open-lightbox=\"yes\" data-elementor-lightbox-slideshow=\"83fea8\" data-elementor-lightbox-title=\"c_aussen1\" data-e-action-hash=\"#elementor-action%3Aaction%3Dlightbox%26settings%3DeyJpZCI6NDcwLCJ1cmwiOiJodHRwczpcL1wveXJhYi5jaFwvd3AtY29udGVudFwvdXBsb2Fkc1wvMjAxOVwvMDVcL2NfYXVzc2VuMS5qcGVnIiwic2xpZGVzaG93IjoiODNmZWE4In0%3D\">\t\t<div class=\"elementor-carousel-image\" role=\"img\" aria-label=\"c_out1\" style=\"background-image: url(&#039;https:\/\/yrab.ch\/wp-content\/uploads\/2019\/05\/c_aussen1.jpeg&#039;)\">\n\n\t\t\t\n\t\t\t\t\t<\/div>\n\t\t<\/a>\t\t\t\t\t\t<\/div>\n\t\t\t\t\t\t\t\t\t\t\t<div class=\"swiper-slide\" role=\"group\" aria-roledescription=\"slide\">\n\t\t\t\t\t\t\t<a href=\"https:\/\/yrab.ch\/wp-content\/uploads\/2019\/05\/b_dach.jpeg\" data-elementor-open-lightbox=\"yes\" data-elementor-lightbox-slideshow=\"83fea8\" data-elementor-lightbox-title=\"b_dach\" data-e-action-hash=\"#elementor-action%3Aaction%3Dlightbox%26settings%3DeyJpZCI6NDcxLCJ1cmwiOiJodHRwczpcL1wveXJhYi5jaFwvd3AtY29udGVudFwvdXBsb2Fkc1wvMjAxOVwvMDVcL2JfZGFjaC5qcGVnIiwic2xpZGVzaG93IjoiODNmZWE4In0%3D\">\t\t<div class=\"elementor-carousel-image\" role=\"img\" aria-label=\"b_roof\" style=\"background-image: url(&#039;https:\/\/yrab.ch\/wp-content\/uploads\/2019\/05\/b_dach.jpeg&#039;)\">\n\n\t\t\t\n\t\t\t\t\t<\/div>\n\t\t<\/a>\t\t\t\t\t\t<\/div>\n\t\t\t\t\t\t\t\t\t<\/div>\n\t\t\t\t\t\t\t\t\t\t\t\t\t\t\t<div class=\"elementor-swiper-button elementor-swiper-button-prev\" role=\"button\" tabindex=\"0\" aria-label=\"Voriger\">\n\t\t\t\t\t\t\t<i aria-hidden=\"true\" class=\"eicon-chevron-left\"><\/i>\t\t\t\t\t\t<\/div>\n\t\t\t\t\t\t<div class=\"elementor-swiper-button elementor-swiper-button-next\" role=\"button\" tabindex=\"0\" aria-label=\"N\u00e4chster\">\n\t\t\t\t\t\t\t<i aria-hidden=\"true\" class=\"eicon-chevron-right\"><\/i>\t\t\t\t\t\t<\/div>\n\t\t\t\t\t\t\t\t\t\t\t\t\t\t\t\t<div class=\"swiper-pagination\"><\/div>\n\t\t\t\t\t\t\t\t\t\t\t\t<\/div>\n\t\t\t\t<\/div>\n\t\t\t\t\t\t\t\t<\/div>\n\t\t\t\t<\/div>\n\t\t\t\t\t<\/div>\n\t\t<\/div>\n\t\t\t\t\t<\/div>\n\t\t<\/section>\n\t\t\t\t<\/div>","protected":false},"excerpt":{"rendered":"<p>Single-family house, Stricker, Fajauna 2013 5.5 room single-family house with large parking garage in solid construction with plastered external thermal insulation and partially ventilated fa\u00e7ade with larch wood panelling. The house was completely built into the rock. Previous Next EFH, Meier, Gr\u00fcsch 2015 7.5 room detached house. The house was constructed in solid construction with plastered external thermal insulation. This was built together with the Wohlgemuth house (see ... <a title=\"Site management\" class=\"read-more\" href=\"https:\/\/yrab.ch\/en\/projekte\/privatbauten\/bauleitung\/\" aria-label=\"Read more about Construction management\">Read more<\/a><\/p>","protected":false},"author":1,"featured_media":0,"parent":246,"menu_order":0,"comment_status":"closed","ping_status":"closed","template":"elementor_header_footer","meta":{"footnotes":""},"class_list":["post-461","page","type-page","status-publish"],"yoast_head":"<!-- This site is optimized with the Yoast SEO plugin v27.4 - https:\/\/yoast.com\/product\/yoast-seo-wordpress\/ -->\n<title>Bauleitung - DE | Yvan R\u00fcedi Architektur und Bauleitung GmbH<\/title>\n<meta name=\"robots\" content=\"index, follow, max-snippet:-1, max-image-preview:large, max-video-preview:-1\" \/>\n<link rel=\"canonical\" href=\"https:\/\/yrab.ch\/en\/projekte\/privatbauten\/bauleitung\/\" \/>\n<meta property=\"og:locale\" content=\"en_GB\" \/>\n<meta property=\"og:type\" content=\"article\" \/>\n<meta property=\"og:title\" content=\"Bauleitung - DE | Yvan R\u00fcedi Architektur und Bauleitung GmbH\" \/>\n<meta property=\"og:description\" content=\"EFH, Stricker, Fajauna 2013 5.5 Zimmer Einfamilienhaus mit grosser Einstellhalle in Massivbauweise mit verputzter Aussenw\u00e4rmed\u00e4mmung und teils hinterl\u00fcfteter Fassade mit L\u00e4rchenholzschalung. Das Haus wurde komplett in den Fels gebaut. Voriger N\u00e4chster EFH, Meier, Gr\u00fcsch 2015 7.5 Zimmer Einfamilienhaus. Das Haus wurde in Massivbauweise mit verputzter Aussenw\u00e4rmed\u00e4mmung konstruiert. Das wurde zusammen mit dem Haus Wohlgemuth (siehe ... Read more\" \/>\n<meta property=\"og:url\" content=\"https:\/\/yrab.ch\/en\/projekte\/privatbauten\/bauleitung\/\" \/>\n<meta property=\"og:site_name\" content=\"DE | Yvan R\u00fcedi Architektur und Bauleitung GmbH\" \/>\n<meta property=\"article:modified_time\" content=\"2019-07-02T09:58:37+00:00\" \/>\n<meta name=\"twitter:card\" content=\"summary_large_image\" \/>\n<script type=\"application\/ld+json\" class=\"yoast-schema-graph\">{\"@context\":\"https:\\\/\\\/schema.org\",\"@graph\":[{\"@type\":\"WebPage\",\"@id\":\"https:\\\/\\\/yrab.ch\\\/projekte\\\/privatbauten\\\/bauleitung\\\/\",\"url\":\"https:\\\/\\\/yrab.ch\\\/projekte\\\/privatbauten\\\/bauleitung\\\/\",\"name\":\"Bauleitung - DE | Yvan R\u00fcedi Architektur und Bauleitung GmbH\",\"isPartOf\":{\"@id\":\"https:\\\/\\\/yrab.ch\\\/#website\"},\"datePublished\":\"2019-05-17T09:37:02+00:00\",\"dateModified\":\"2019-07-02T09:58:37+00:00\",\"breadcrumb\":{\"@id\":\"https:\\\/\\\/yrab.ch\\\/projekte\\\/privatbauten\\\/bauleitung\\\/#breadcrumb\"},\"inLanguage\":\"en-GB\",\"potentialAction\":[{\"@type\":\"ReadAction\",\"target\":[\"https:\\\/\\\/yrab.ch\\\/projekte\\\/privatbauten\\\/bauleitung\\\/\"]}]},{\"@type\":\"BreadcrumbList\",\"@id\":\"https:\\\/\\\/yrab.ch\\\/projekte\\\/privatbauten\\\/bauleitung\\\/#breadcrumb\",\"itemListElement\":[{\"@type\":\"ListItem\",\"position\":1,\"name\":\"Projekte\",\"item\":\"https:\\\/\\\/yrab.ch\\\/projekte\\\/\"},{\"@type\":\"ListItem\",\"position\":2,\"name\":\"Privatbauten\",\"item\":\"https:\\\/\\\/yrab.ch\\\/projekte\\\/privatbauten\\\/\"},{\"@type\":\"ListItem\",\"position\":3,\"name\":\"Bauleitung\"}]},{\"@type\":\"WebSite\",\"@id\":\"https:\\\/\\\/yrab.ch\\\/#website\",\"url\":\"https:\\\/\\\/yrab.ch\\\/\",\"name\":\"Yvan R\u00fcedi Architektur und Bauleitung GmbH\",\"description\":\"Architekturb\u00fcro und Architekt in Pr\u00e4ttigau, Graub\u00fcnden\",\"potentialAction\":[{\"@type\":\"SearchAction\",\"target\":{\"@type\":\"EntryPoint\",\"urlTemplate\":\"https:\\\/\\\/yrab.ch\\\/?s={search_term_string}\"},\"query-input\":{\"@type\":\"PropertyValueSpecification\",\"valueRequired\":true,\"valueName\":\"search_term_string\"}}],\"inLanguage\":\"en-GB\"}]}<\/script>\n<!-- \/ Yoast SEO plugin. -->","yoast_head_json":{"title":"Bauleitung - DE | Yvan R\u00fcedi Architektur und Bauleitung GmbH","robots":{"index":"index","follow":"follow","max-snippet":"max-snippet:-1","max-image-preview":"max-image-preview:large","max-video-preview":"max-video-preview:-1"},"canonical":"https:\/\/yrab.ch\/en\/projekte\/privatbauten\/bauleitung\/","og_locale":"en_GB","og_type":"article","og_title":"Bauleitung - DE | Yvan R\u00fcedi Architektur und Bauleitung GmbH","og_description":"EFH, Stricker, Fajauna 2013 5.5 Zimmer Einfamilienhaus mit grosser Einstellhalle in Massivbauweise mit verputzter Aussenw\u00e4rmed\u00e4mmung und teils hinterl\u00fcfteter Fassade mit L\u00e4rchenholzschalung. Das Haus wurde komplett in den Fels gebaut. Voriger N\u00e4chster EFH, Meier, Gr\u00fcsch 2015 7.5 Zimmer Einfamilienhaus. Das Haus wurde in Massivbauweise mit verputzter Aussenw\u00e4rmed\u00e4mmung konstruiert. Das wurde zusammen mit dem Haus Wohlgemuth (siehe ... Read more","og_url":"https:\/\/yrab.ch\/en\/projekte\/privatbauten\/bauleitung\/","og_site_name":"DE | Yvan R\u00fcedi Architektur und Bauleitung GmbH","article_modified_time":"2019-07-02T09:58:37+00:00","twitter_card":"summary_large_image","schema":{"@context":"https:\/\/schema.org","@graph":[{"@type":"WebPage","@id":"https:\/\/yrab.ch\/projekte\/privatbauten\/bauleitung\/","url":"https:\/\/yrab.ch\/projekte\/privatbauten\/bauleitung\/","name":"Bauleitung - DE | Yvan R\u00fcedi Architektur und Bauleitung GmbH","isPartOf":{"@id":"https:\/\/yrab.ch\/#website"},"datePublished":"2019-05-17T09:37:02+00:00","dateModified":"2019-07-02T09:58:37+00:00","breadcrumb":{"@id":"https:\/\/yrab.ch\/projekte\/privatbauten\/bauleitung\/#breadcrumb"},"inLanguage":"en-GB","potentialAction":[{"@type":"ReadAction","target":["https:\/\/yrab.ch\/projekte\/privatbauten\/bauleitung\/"]}]},{"@type":"BreadcrumbList","@id":"https:\/\/yrab.ch\/projekte\/privatbauten\/bauleitung\/#breadcrumb","itemListElement":[{"@type":"ListItem","position":1,"name":"Projekte","item":"https:\/\/yrab.ch\/projekte\/"},{"@type":"ListItem","position":2,"name":"Privatbauten","item":"https:\/\/yrab.ch\/projekte\/privatbauten\/"},{"@type":"ListItem","position":3,"name":"Bauleitung"}]},{"@type":"WebSite","@id":"https:\/\/yrab.ch\/#website","url":"https:\/\/yrab.ch\/","name":"Yvan R\u00fcedi Architektur und Bauleitung GmbH","description":"Architectural practice and architect in Pr\u00e4ttigau, Grisons","potentialAction":[{"@type":"SearchAction","target":{"@type":"EntryPoint","urlTemplate":"https:\/\/yrab.ch\/?s={search_term_string}"},"query-input":{"@type":"PropertyValueSpecification","valueRequired":true,"valueName":"search_term_string"}}],"inLanguage":"en-GB"}]}},"_links":{"self":[{"href":"https:\/\/yrab.ch\/en\/wp-json\/wp\/v2\/pages\/461","targetHints":{"allow":["GET"]}}],"collection":[{"href":"https:\/\/yrab.ch\/en\/wp-json\/wp\/v2\/pages"}],"about":[{"href":"https:\/\/yrab.ch\/en\/wp-json\/wp\/v2\/types\/page"}],"author":[{"embeddable":true,"href":"https:\/\/yrab.ch\/en\/wp-json\/wp\/v2\/users\/1"}],"replies":[{"embeddable":true,"href":"https:\/\/yrab.ch\/en\/wp-json\/wp\/v2\/comments?post=461"}],"version-history":[{"count":5,"href":"https:\/\/yrab.ch\/en\/wp-json\/wp\/v2\/pages\/461\/revisions"}],"predecessor-version":[{"id":579,"href":"https:\/\/yrab.ch\/en\/wp-json\/wp\/v2\/pages\/461\/revisions\/579"}],"up":[{"embeddable":true,"href":"https:\/\/yrab.ch\/en\/wp-json\/wp\/v2\/pages\/246"}],"wp:attachment":[{"href":"https:\/\/yrab.ch\/en\/wp-json\/wp\/v2\/media?parent=461"}],"curies":[{"name":"wp","href":"https:\/\/api.w.org\/{rel}","templated":true}]}}