{"id":504,"date":"2019-06-05T13:04:08","date_gmt":"2019-06-05T13:04:08","guid":{"rendered":"https:\/\/yrab.ch\/?page_id=504"},"modified":"2019-07-02T09:59:29","modified_gmt":"2019-07-02T09:59:29","slug":"bauleitung","status":"publish","type":"page","link":"https:\/\/yrab.ch\/en\/oeffentliche-bauten\/bauleitung\/","title":{"rendered":"Site management"},"content":{"rendered":"<div data-elementor-type=\"wp-post\" data-elementor-id=\"504\" class=\"elementor elementor-504\" data-elementor-post-type=\"page\">\n\t\t\t\t\t\t<section class=\"elementor-section elementor-top-section elementor-element elementor-element-184372e1 elementor-section-boxed elementor-section-height-default elementor-section-height-default\" data-id=\"184372e1\" data-element_type=\"section\" data-e-type=\"section\" data-settings=\"{&quot;background_background&quot;:&quot;classic&quot;}\">\n\t\t\t\t\t\t<div class=\"elementor-container elementor-column-gap-default\">\n\t\t\t\t\t<div class=\"elementor-column elementor-col-100 elementor-top-column elementor-element elementor-element-50283b30\" data-id=\"50283b30\" data-element_type=\"column\" data-e-type=\"column\">\n\t\t\t<div class=\"elementor-widget-wrap elementor-element-populated\">\n\t\t\t\t\t\t<div class=\"elementor-element elementor-element-74085d9f elementor-widget__width-auto elementor-view-default elementor-widget elementor-widget-icon\" data-id=\"74085d9f\" data-element_type=\"widget\" data-e-type=\"widget\" data-widget_type=\"icon.default\">\n\t\t\t\t<div class=\"elementor-widget-container\">\n\t\t\t\t\t\t\t<div class=\"elementor-icon-wrapper\">\n\t\t\t<div class=\"elementor-icon\">\n\t\t\t\t\t\t\t<i class=\"fa fa-home\" aria-hidden=\"true\"><\/i>\n\t\t\t\t\t\t<\/div>\n\t\t<\/div>\n\t\t\t\t\t\t<\/div>\n\t\t\t\t<\/div>\n\t\t\t\t<div class=\"elementor-element elementor-element-402c148b elementor-widget__width-initial elementor-widget-mobile__width-initial elementor-widget elementor-widget-breadcrumbs\" data-id=\"402c148b\" data-element_type=\"widget\" data-e-type=\"widget\" data-widget_type=\"breadcrumbs.default\">\n\t\t\t\t<div class=\"elementor-widget-container\">\n\t\t\t\t\t<p id=\"breadcrumbs\"><\/p>\t\t\t\t<\/div>\n\t\t\t\t<\/div>\n\t\t\t\t\t<\/div>\n\t\t<\/div>\n\t\t\t\t\t<\/div>\n\t\t<\/section>\n\t\t\t\t<section class=\"elementor-section elementor-top-section elementor-element elementor-element-3b95e4a3 elementor-section-content-middle elementor-section-boxed elementor-section-height-default elementor-section-height-default\" data-id=\"3b95e4a3\" data-element_type=\"section\" data-e-type=\"section\" data-settings=\"{&quot;background_background&quot;:&quot;classic&quot;}\">\n\t\t\t\t\t\t<div class=\"elementor-container elementor-column-gap-default\">\n\t\t\t\t\t<div class=\"elementor-column elementor-col-100 elementor-top-column elementor-element elementor-element-4fa08368\" data-id=\"4fa08368\" data-element_type=\"column\" data-e-type=\"column\" data-settings=\"{&quot;background_background&quot;:&quot;gradient&quot;}\">\n\t\t\t<div class=\"elementor-widget-wrap elementor-element-populated\">\n\t\t\t\t\t<div class=\"elementor-background-overlay\"><\/div>\n\t\t\t\t\t\t<div class=\"elementor-element elementor-element-58ee2216 elementor-widget elementor-widget-heading\" data-id=\"58ee2216\" data-element_type=\"widget\" data-e-type=\"widget\" data-widget_type=\"heading.default\">\n\t\t\t\t<div class=\"elementor-widget-container\">\n\t\t\t\t\t<h2 class=\"elementor-heading-title elementor-size-default\">Pany parish hall<\/h2>\t\t\t\t<\/div>\n\t\t\t\t<\/div>\n\t\t\t\t<div class=\"elementor-element elementor-element-9164cfc elementor-widget-divider--view-line elementor-widget elementor-widget-divider\" data-id=\"9164cfc\" data-element_type=\"widget\" data-e-type=\"widget\" data-widget_type=\"divider.default\">\n\t\t\t\t<div class=\"elementor-widget-container\">\n\t\t\t\t\t\t\t<div class=\"elementor-divider\">\n\t\t\t<span class=\"elementor-divider-separator\">\n\t\t\t\t\t\t<\/span>\n\t\t<\/div>\n\t\t\t\t\t\t<\/div>\n\t\t\t\t<\/div>\n\t\t\t\t<div class=\"elementor-element elementor-element-40331e30 elementor-widget elementor-widget-text-editor\" data-id=\"40331e30\" data-element_type=\"widget\" data-e-type=\"widget\" data-widget_type=\"text-editor.default\">\n\t\t\t\t<div class=\"elementor-widget-container\">\n\t\t\t\t\t\t\t\t\t2014-2016\n\nConstruction:\n\nThe lowest 3 floors were constructed in solid construction with ventilated shingle fa\u00e7ade and 3 upper floors were constructed in timber construction with ventilated shingle fa\u00e7ade.\n\nThe community centre has 8 handicapped-accessible flats for the elderly, the community administration with counter, office and meeting rooms, a public toilet facility and an underground garage with 15 parking spaces.\n\nThe community centre is located in the village centre of Pany and is expected to open in summer 2016. \t\t\t\t\t\t\t\t<\/div>\n\t\t\t\t<\/div>\n\t\t\t\t<div class=\"elementor-element elementor-element-2d85fe57 elementor-skin-carousel elementor-arrows-yes elementor-pagination-type-bullets elementor-pagination-position-outside elementor-widget elementor-widget-media-carousel\" data-id=\"2d85fe57\" data-element_type=\"widget\" data-e-type=\"widget\" data-settings=\"{&quot;skin&quot;:&quot;carousel&quot;,&quot;effect&quot;:&quot;slide&quot;,&quot;show_arrows&quot;:&quot;yes&quot;,&quot;pagination&quot;:&quot;bullets&quot;,&quot;speed&quot;:500,&quot;autoplay&quot;:&quot;yes&quot;,&quot;autoplay_speed&quot;:5000,&quot;loop&quot;:&quot;yes&quot;,&quot;pause_on_hover&quot;:&quot;yes&quot;,&quot;pause_on_interaction&quot;:&quot;yes&quot;,&quot;space_between&quot;:{&quot;unit&quot;:&quot;px&quot;,&quot;size&quot;:10,&quot;sizes&quot;:[]},&quot;space_between_tablet&quot;:{&quot;unit&quot;:&quot;px&quot;,&quot;size&quot;:10,&quot;sizes&quot;:[]},&quot;space_between_mobile&quot;:{&quot;unit&quot;:&quot;px&quot;,&quot;size&quot;:10,&quot;sizes&quot;:[]}}\" data-widget_type=\"media-carousel.default\">\n\t\t\t\t<div class=\"elementor-widget-container\">\n\t\t\t\t\t\t\t\t\t<div class=\"elementor-swiper\">\n\t\t\t\t\t<div class=\"elementor-main-swiper swiper\" role=\"region\" aria-roledescription=\"carousel\" aria-label=\"Slider\">\n\t\t\t\t<div class=\"swiper-wrapper\">\n\t\t\t\t\t\t\t\t\t\t\t<div class=\"swiper-slide\" role=\"group\" aria-roledescription=\"slide\">\n\t\t\t\t\t\t\t<a href=\"https:\/\/yrab.ch\/wp-content\/uploads\/2019\/04\/slide6.jpeg\" data-elementor-open-lightbox=\"yes\" data-elementor-lightbox-slideshow=\"2d85fe57\" data-elementor-lightbox-title=\"slide6\" data-e-action-hash=\"#elementor-action%3Aaction%3Dlightbox%26settings%3DeyJpZCI6NTQsInVybCI6Imh0dHBzOlwvXC95cmFiLmNoXC93cC1jb250ZW50XC91cGxvYWRzXC8yMDE5XC8wNFwvc2xpZGU2LmpwZWciLCJzbGlkZXNob3ciOiIyZDg1ZmU1NyJ9\">\t\t<div class=\"elementor-carousel-image\" role=\"img\" aria-label=\"slide6\" style=\"background-image: url(&#039;https:\/\/yrab.ch\/wp-content\/uploads\/2019\/04\/slide6.jpeg&#039;)\">\n\n\t\t\t\n\t\t\t\t\t<\/div>\n\t\t<\/a>\t\t\t\t\t\t<\/div>\n\t\t\t\t\t\t\t\t\t\t\t<div class=\"swiper-slide\" role=\"group\" aria-roledescription=\"slide\">\n\t\t\t\t\t\t\t<a href=\"https:\/\/yrab.ch\/wp-content\/uploads\/2019\/05\/slider8.jpg\" data-elementor-open-lightbox=\"yes\" data-elementor-lightbox-slideshow=\"2d85fe57\" data-elementor-lightbox-title=\"slider8\" data-e-action-hash=\"#elementor-action%3Aaction%3Dlightbox%26settings%3DeyJpZCI6MzIwLCJ1cmwiOiJodHRwczpcL1wveXJhYi5jaFwvd3AtY29udGVudFwvdXBsb2Fkc1wvMjAxOVwvMDVcL3NsaWRlcjguanBnIiwic2xpZGVzaG93IjoiMmQ4NWZlNTcifQ%3D%3D\">\t\t<div class=\"elementor-carousel-image\" role=\"img\" aria-label=\"slider8\" style=\"background-image: url(&#039;https:\/\/yrab.ch\/wp-content\/uploads\/2019\/05\/slider8.jpg&#039;)\">\n\n\t\t\t\n\t\t\t\t\t<\/div>\n\t\t<\/a>\t\t\t\t\t\t<\/div>\n\t\t\t\t\t\t\t\t\t<\/div>\n\t\t\t\t\t\t\t\t\t\t\t\t\t\t\t<div class=\"elementor-swiper-button elementor-swiper-button-prev\" role=\"button\" tabindex=\"0\" aria-label=\"Voriger\">\n\t\t\t\t\t\t\t<i aria-hidden=\"true\" class=\"eicon-chevron-left\"><\/i>\t\t\t\t\t\t<\/div>\n\t\t\t\t\t\t<div class=\"elementor-swiper-button elementor-swiper-button-next\" role=\"button\" tabindex=\"0\" aria-label=\"N\u00e4chster\">\n\t\t\t\t\t\t\t<i aria-hidden=\"true\" class=\"eicon-chevron-right\"><\/i>\t\t\t\t\t\t<\/div>\n\t\t\t\t\t\t\t\t\t\t\t\t\t\t\t\t<div class=\"swiper-pagination\"><\/div>\n\t\t\t\t\t\t\t\t\t\t\t\t<\/div>\n\t\t\t\t<\/div>\n\t\t\t\t\t\t\t\t<\/div>\n\t\t\t\t<\/div>\n\t\t\t\t\t<\/div>\n\t\t<\/div>\n\t\t\t\t\t<\/div>\n\t\t<\/section>\n\t\t\t\t<\/div>","protected":false},"excerpt":{"rendered":"<p>Pany Town Hall 2014-2016 Construction: The lowest 3 storeys were built in solid construction with a ventilated shingle fa\u00e7ade and the 3 upper storeys in timber construction with a ventilated shingle fa\u00e7ade. The community centre has 8 flats for the disabled, the municipal administration with counters, offices and meeting rooms, a public toilet facility and an underground car park with 15 parking spaces. The community centre is located in the village centre of Pany ... <a title=\"Site management\" class=\"read-more\" href=\"https:\/\/yrab.ch\/en\/oeffentliche-bauten\/bauleitung\/\" aria-label=\"Read more about Construction management\">Read more<\/a><\/p>","protected":false},"author":1,"featured_media":0,"parent":512,"menu_order":0,"comment_status":"closed","ping_status":"closed","template":"elementor_header_footer","meta":{"footnotes":""},"class_list":["post-504","page","type-page","status-publish"],"yoast_head":"<!-- This site is optimized with the Yoast SEO plugin v27.3 - https:\/\/yoast.com\/product\/yoast-seo-wordpress\/ -->\n<title>Bauleitung - Gemeindehaus Pany<\/title>\n<meta name=\"description\" content=\"F\u00fcr das Gemeindehaus Pany durften wir die Bauleitung machen. Ein Objekt mit 8 behindertengerechten Alterswohnungen, Schalter, B\u00fcro &amp; Sitzungsr\u00e4umlichkeiten.\" \/>\n<meta name=\"robots\" content=\"index, follow, max-snippet:-1, max-image-preview:large, max-video-preview:-1\" \/>\n<link rel=\"canonical\" href=\"https:\/\/yrab.ch\/en\/oeffentliche-bauten\/bauleitung\/\" \/>\n<meta property=\"og:locale\" content=\"en_GB\" \/>\n<meta property=\"og:type\" content=\"article\" \/>\n<meta property=\"og:title\" content=\"Bauleitung - Gemeindehaus Pany\" \/>\n<meta property=\"og:description\" content=\"F\u00fcr das Gemeindehaus Pany durften wir die Bauleitung machen. Ein Objekt mit 8 behindertengerechten Alterswohnungen, Schalter, B\u00fcro &amp; Sitzungsr\u00e4umlichkeiten.\" \/>\n<meta property=\"og:url\" content=\"https:\/\/yrab.ch\/en\/oeffentliche-bauten\/bauleitung\/\" \/>\n<meta property=\"og:site_name\" content=\"DE | Yvan R\u00fcedi Architektur und Bauleitung GmbH\" \/>\n<meta property=\"article:modified_time\" content=\"2019-07-02T09:59:29+00:00\" \/>\n<meta name=\"twitter:card\" content=\"summary_large_image\" \/>\n<script type=\"application\/ld+json\" class=\"yoast-schema-graph\">{\"@context\":\"https:\\\/\\\/schema.org\",\"@graph\":[{\"@type\":\"WebPage\",\"@id\":\"https:\\\/\\\/yrab.ch\\\/oeffentliche-bauten\\\/bauleitung\\\/\",\"url\":\"https:\\\/\\\/yrab.ch\\\/oeffentliche-bauten\\\/bauleitung\\\/\",\"name\":\"Bauleitung - Gemeindehaus Pany\",\"isPartOf\":{\"@id\":\"https:\\\/\\\/yrab.ch\\\/#website\"},\"datePublished\":\"2019-06-05T13:04:08+00:00\",\"dateModified\":\"2019-07-02T09:59:29+00:00\",\"description\":\"F\u00fcr das Gemeindehaus Pany durften wir die Bauleitung machen. Ein Objekt mit 8 behindertengerechten Alterswohnungen, Schalter, B\u00fcro & Sitzungsr\u00e4umlichkeiten.\",\"breadcrumb\":{\"@id\":\"https:\\\/\\\/yrab.ch\\\/oeffentliche-bauten\\\/bauleitung\\\/#breadcrumb\"},\"inLanguage\":\"en-GB\",\"potentialAction\":[{\"@type\":\"ReadAction\",\"target\":[\"https:\\\/\\\/yrab.ch\\\/oeffentliche-bauten\\\/bauleitung\\\/\"]}]},{\"@type\":\"BreadcrumbList\",\"@id\":\"https:\\\/\\\/yrab.ch\\\/oeffentliche-bauten\\\/bauleitung\\\/#breadcrumb\",\"itemListElement\":[{\"@type\":\"ListItem\",\"position\":1,\"name\":\"\u00d6ffentliche Bauten\",\"item\":\"https:\\\/\\\/yrab.ch\\\/oeffentliche-bauten\\\/\"},{\"@type\":\"ListItem\",\"position\":2,\"name\":\"Bauleitung\"}]},{\"@type\":\"WebSite\",\"@id\":\"https:\\\/\\\/yrab.ch\\\/#website\",\"url\":\"https:\\\/\\\/yrab.ch\\\/\",\"name\":\"Yvan R\u00fcedi Architektur und Bauleitung GmbH\",\"description\":\"Architekturb\u00fcro und Architekt in Pr\u00e4ttigau, Graub\u00fcnden\",\"potentialAction\":[{\"@type\":\"SearchAction\",\"target\":{\"@type\":\"EntryPoint\",\"urlTemplate\":\"https:\\\/\\\/yrab.ch\\\/?s={search_term_string}\"},\"query-input\":{\"@type\":\"PropertyValueSpecification\",\"valueRequired\":true,\"valueName\":\"search_term_string\"}}],\"inLanguage\":\"en-GB\"}]}<\/script>\n<!-- \/ Yoast SEO plugin. -->","yoast_head_json":{"title":"Bauleitung - Gemeindehaus Pany","description":"F\u00fcr das Gemeindehaus Pany durften wir die Bauleitung machen. Ein Objekt mit 8 behindertengerechten Alterswohnungen, Schalter, B\u00fcro & Sitzungsr\u00e4umlichkeiten.","robots":{"index":"index","follow":"follow","max-snippet":"max-snippet:-1","max-image-preview":"max-image-preview:large","max-video-preview":"max-video-preview:-1"},"canonical":"https:\/\/yrab.ch\/en\/oeffentliche-bauten\/bauleitung\/","og_locale":"en_GB","og_type":"article","og_title":"Bauleitung - Gemeindehaus Pany","og_description":"F\u00fcr das Gemeindehaus Pany durften wir die Bauleitung machen. Ein Objekt mit 8 behindertengerechten Alterswohnungen, Schalter, B\u00fcro & Sitzungsr\u00e4umlichkeiten.","og_url":"https:\/\/yrab.ch\/en\/oeffentliche-bauten\/bauleitung\/","og_site_name":"DE | Yvan R\u00fcedi Architektur und Bauleitung GmbH","article_modified_time":"2019-07-02T09:59:29+00:00","twitter_card":"summary_large_image","schema":{"@context":"https:\/\/schema.org","@graph":[{"@type":"WebPage","@id":"https:\/\/yrab.ch\/oeffentliche-bauten\/bauleitung\/","url":"https:\/\/yrab.ch\/oeffentliche-bauten\/bauleitung\/","name":"Bauleitung - Gemeindehaus Pany","isPartOf":{"@id":"https:\/\/yrab.ch\/#website"},"datePublished":"2019-06-05T13:04:08+00:00","dateModified":"2019-07-02T09:59:29+00:00","description":"F\u00fcr das Gemeindehaus Pany durften wir die Bauleitung machen. Ein Objekt mit 8 behindertengerechten Alterswohnungen, Schalter, B\u00fcro & Sitzungsr\u00e4umlichkeiten.","breadcrumb":{"@id":"https:\/\/yrab.ch\/oeffentliche-bauten\/bauleitung\/#breadcrumb"},"inLanguage":"en-GB","potentialAction":[{"@type":"ReadAction","target":["https:\/\/yrab.ch\/oeffentliche-bauten\/bauleitung\/"]}]},{"@type":"BreadcrumbList","@id":"https:\/\/yrab.ch\/oeffentliche-bauten\/bauleitung\/#breadcrumb","itemListElement":[{"@type":"ListItem","position":1,"name":"\u00d6ffentliche Bauten","item":"https:\/\/yrab.ch\/oeffentliche-bauten\/"},{"@type":"ListItem","position":2,"name":"Bauleitung"}]},{"@type":"WebSite","@id":"https:\/\/yrab.ch\/#website","url":"https:\/\/yrab.ch\/","name":"Yvan R\u00fcedi Architektur und Bauleitung GmbH","description":"Architectural practice and architect in Pr\u00e4ttigau, Grisons","potentialAction":[{"@type":"SearchAction","target":{"@type":"EntryPoint","urlTemplate":"https:\/\/yrab.ch\/?s={search_term_string}"},"query-input":{"@type":"PropertyValueSpecification","valueRequired":true,"valueName":"search_term_string"}}],"inLanguage":"en-GB"}]}},"_links":{"self":[{"href":"https:\/\/yrab.ch\/en\/wp-json\/wp\/v2\/pages\/504","targetHints":{"allow":["GET"]}}],"collection":[{"href":"https:\/\/yrab.ch\/en\/wp-json\/wp\/v2\/pages"}],"about":[{"href":"https:\/\/yrab.ch\/en\/wp-json\/wp\/v2\/types\/page"}],"author":[{"embeddable":true,"href":"https:\/\/yrab.ch\/en\/wp-json\/wp\/v2\/users\/1"}],"replies":[{"embeddable":true,"href":"https:\/\/yrab.ch\/en\/wp-json\/wp\/v2\/comments?post=504"}],"version-history":[{"count":6,"href":"https:\/\/yrab.ch\/en\/wp-json\/wp\/v2\/pages\/504\/revisions"}],"predecessor-version":[{"id":580,"href":"https:\/\/yrab.ch\/en\/wp-json\/wp\/v2\/pages\/504\/revisions\/580"}],"up":[{"embeddable":true,"href":"https:\/\/yrab.ch\/en\/wp-json\/wp\/v2\/pages\/512"}],"wp:attachment":[{"href":"https:\/\/yrab.ch\/en\/wp-json\/wp\/v2\/media?parent=504"}],"curies":[{"name":"wp","href":"https:\/\/api.w.org\/{rel}","templated":true}]}}