{"id":902,"date":"2023-08-25T12:33:49","date_gmt":"2023-08-25T12:33:49","guid":{"rendered":"https:\/\/yrab.ch\/?page_id=902"},"modified":"2023-08-25T15:18:04","modified_gmt":"2023-08-25T15:18:04","slug":"datenschutz-impressum","status":"publish","type":"page","link":"https:\/\/yrab.ch\/en\/datenschutz-impressum\/","title":{"rendered":"Data protection - Imprint"},"content":{"rendered":"<div data-elementor-type=\"wp-page\" data-elementor-id=\"902\" class=\"elementor elementor-902\" data-elementor-post-type=\"page\">\n\t\t\t\t\t\t<section class=\"elementor-section elementor-top-section elementor-element elementor-element-10bbc9cd elementor-section-boxed elementor-section-height-default elementor-section-height-default\" data-id=\"10bbc9cd\" data-element_type=\"section\" data-e-type=\"section\" data-settings=\"{&quot;background_background&quot;:&quot;classic&quot;}\">\n\t\t\t\t\t\t<div class=\"elementor-container elementor-column-gap-default\">\n\t\t\t\t\t<div class=\"elementor-column elementor-col-100 elementor-top-column elementor-element elementor-element-7541ecdb\" data-id=\"7541ecdb\" data-element_type=\"column\" data-e-type=\"column\">\n\t\t\t<div class=\"elementor-widget-wrap elementor-element-populated\">\n\t\t\t\t\t\t<div class=\"elementor-element elementor-element-18c7c092 elementor-widget__width-auto elementor-view-default elementor-widget elementor-widget-icon\" data-id=\"18c7c092\" data-element_type=\"widget\" data-e-type=\"widget\" data-widget_type=\"icon.default\">\n\t\t\t\t<div class=\"elementor-widget-container\">\n\t\t\t\t\t\t\t<div class=\"elementor-icon-wrapper\">\n\t\t\t<div class=\"elementor-icon\">\n\t\t\t\t\t\t\t<i class=\"fa fa-home\" aria-hidden=\"true\"><\/i>\n\t\t\t\t\t\t<\/div>\n\t\t<\/div>\n\t\t\t\t\t\t<\/div>\n\t\t\t\t<\/div>\n\t\t\t\t<div class=\"elementor-element elementor-element-f1cac6 elementor-widget__width-initial elementor-widget-mobile__width-initial elementor-widget elementor-widget-breadcrumbs\" data-id=\"f1cac6\" data-element_type=\"widget\" data-e-type=\"widget\" data-widget_type=\"breadcrumbs.default\">\n\t\t\t\t<div class=\"elementor-widget-container\">\n\t\t\t\t\t<p id=\"breadcrumbs\"><\/p>\t\t\t\t<\/div>\n\t\t\t\t<\/div>\n\t\t\t\t\t<\/div>\n\t\t<\/div>\n\t\t\t\t\t<\/div>\n\t\t<\/section>\n\t\t\t\t<section class=\"elementor-section elementor-top-section elementor-element elementor-element-1e383899 elementor-section-content-middle elementor-section-boxed elementor-section-height-default elementor-section-height-default\" data-id=\"1e383899\" data-element_type=\"section\" data-e-type=\"section\" data-settings=\"{&quot;background_background&quot;:&quot;classic&quot;}\">\n\t\t\t\t\t\t<div class=\"elementor-container elementor-column-gap-default\">\n\t\t\t\t\t<div class=\"elementor-column elementor-col-100 elementor-top-column elementor-element elementor-element-6bda3fce\" data-id=\"6bda3fce\" data-element_type=\"column\" data-e-type=\"column\" data-settings=\"{&quot;background_background&quot;:&quot;gradient&quot;}\">\n\t\t\t<div class=\"elementor-widget-wrap elementor-element-populated\">\n\t\t\t\t\t<div class=\"elementor-background-overlay\"><\/div>\n\t\t\t\t\t\t<div class=\"elementor-element elementor-element-2faf3fba elementor-widget elementor-widget-heading\" data-id=\"2faf3fba\" data-element_type=\"widget\" data-e-type=\"widget\" data-widget_type=\"heading.default\">\n\t\t\t\t<div class=\"elementor-widget-container\">\n\t\t\t\t\t<h2 class=\"elementor-heading-title elementor-size-default\">Data protection - Imprint<\/h2>\t\t\t\t<\/div>\n\t\t\t\t<\/div>\n\t\t\t\t<div class=\"elementor-element elementor-element-1ef05861 elementor-widget-divider--view-line elementor-widget elementor-widget-divider\" data-id=\"1ef05861\" data-element_type=\"widget\" data-e-type=\"widget\" data-widget_type=\"divider.default\">\n\t\t\t\t<div class=\"elementor-widget-container\">\n\t\t\t\t\t\t\t<div class=\"elementor-divider\">\n\t\t\t<span class=\"elementor-divider-separator\">\n\t\t\t\t\t\t<\/span>\n\t\t<\/div>\n\t\t\t\t\t\t<\/div>\n\t\t\t\t<\/div>\n\t\t\t\t<div class=\"elementor-element elementor-element-3bb9250b elementor-widget elementor-widget-text-editor\" data-id=\"3bb9250b\" data-element_type=\"widget\" data-e-type=\"widget\" data-widget_type=\"text-editor.default\">\n\t\t\t\t<div class=\"elementor-widget-container\">\n\t\t\t\t\t\t\t\t\t<p>Privacy policy WEB<\/p>\n<p>For members, executive bodies, business partners, customers and interested parties<\/p>\n<p><strong>1. what is this privacy policy about?<\/strong><br>Trust is important, especially when it comes to your data. For this reason, we consider it our obligation to collect only the data that is necessary and to manage this data with due care and to protect it from misuse. The Y. R\u00fcedi Architektur &amp; Bauleitung GmbH adheres to the data protection regulations when collecting and processing your data.<\/p>\n<p><strong>2. who is responsible?<\/strong><br>Responsibility for data processing in accordance with this data protection declaration lies with Y. R\u00fcedi Architektur &amp; Bauleitung GmbH. If you have any questions about this data protection declaration or about the processing of your personal data, please feel free to contact us at any time as follows:<\/p>\n<p>Y. R\u00fcedi Architkektur &amp; Bauleitung GmbH, Yvan R\u00fcedi, Mezzaselvaweg 2, 7249, Serneus, info@yrab.ch<\/p>\n<p><strong>3. what personal data do we process?<\/strong><br>In addition to the form of address, first name and surname, we also collect the address, telephone number, e-mail address, company, function, date of birth and bank details, insofar as this is required in each case for membership, the business relationship, the fulfilment of the contract, course participation or their interest in Y. R\u00fcedi Architektur &amp; Bauleitung GmbH. We do not use Google on our website<br>Analytics nor other comparable services. No social plugins (\"plugins\") of the social networks are used on our website either. All data that you enter in the context of membership, a function as an organ, an order in our webshop or an enquiry will be stored by us.<\/p>\n<p><strong>4 For what purposes do we process personal data?<\/strong><br>We collect your personal data in order to be able to identify you as a member, body, business partner, customer or interested party. This is in order to manage membership, administer the function, conclude and implement contracts, organise participation in courses, conduct correspondence and for the purpose of invoicing. We use only technically necessary cookies, when required, to facilitate the use of our website. However, we do not use analysis cookies.<\/p>\n<p><strong>What are the legal bases for data processing?<\/strong><br>The Y. R\u00fcedi Architektur &amp; Bauleitung GmbH processes all personal data on the basis of an implicit or explicit contractual relationship or on legal grounds.<\/p>\n<p><strong>6. who do we share your personal data with?<\/strong><br>The Y. R\u00fcedi Architektur &amp; Bauleitung GmbH does not transmit your personal data to third parties. If necessary, specialised data processors are called in to share the work, but they only process your personal data on our behalf and return it to us or destroy it after the order. We only pass on the collected data to third party service providers if this is absolutely necessary for the processing of the order.<\/p>\n<p><strong>7. countries: Will your personal data be transferred to a third country?<\/strong><br>We do not transfer personal data to recipients in a third country with a lower level of data protection.<\/p>\n<p><strong>8. is automated decision making or profiling used?<\/strong><br>We do not use automated decision making or profiling.<\/p>\n<p><strong>9 How long do we store your personal data?<\/strong><br>The Y. R\u00fcedi Architektur &amp; Bauleitung GmbH stores data after collection for as long as is necessary to fulfil the above-mentioned purposes, legal requirements and on the basis of legitimate interests.<\/p>\n<p><strong>10. what rights do you have in connection with the processing of your personal data?<\/strong><br>In principle, you have the following rights with regard to your data:<\/p>\n<ul>\n<li>The right to information,<\/li>\n<li>the right to have your data transferred to you or a service provider,<\/li>\n<li>the right to rectification,<\/li>\n<li>the right to restrict processing,<\/li>\n<li>the right to object to the processing.<\/li>\n<\/ul>\n<p>In addition, you have the right to complain to the responsible<br>Data protection supervisory authority.<\/p>\n<p><strong>11) How can you contact us or withdraw your consent?<\/strong><br>You can revoke the processing of your data at any time for the future, provided that this is not necessary for the fulfilment of the contract or membership. This does not affect the lawfulness of the data processing carried out on the basis of the consent or justification until the revocation. If you wish to exercise your right of revocation or objection, please inform us of your request by e-mail to: info@yrab.ch.<\/p>\n<p>Serneus, 14.09.2023<\/p>\t\t\t\t\t\t\t\t<\/div>\n\t\t\t\t<\/div>\n\t\t\t\t\t<\/div>\n\t\t<\/div>\n\t\t\t\t\t<\/div>\n\t\t<\/section>\n\t\t\t\t<\/div>","protected":false},"excerpt":{"rendered":"<p>Privacy Policy WEB For Members, Organs, Business Partners, Customers and Interested Parties 1. What is this Privacy Policy about? Trust is important, especially when it comes to your data. For this reason, we consider it our duty to collect only the data that is necessary and to manage this data with due care and to protect it from misuse. The Y. ... <a title=\"Data protection - Imprint\" class=\"read-more\" href=\"https:\/\/yrab.ch\/en\/datenschutz-impressum\/\" aria-label=\"Read more about Data protection - Imprint\">Read more<\/a><\/p>","protected":false},"author":1,"featured_media":0,"parent":0,"menu_order":0,"comment_status":"closed","ping_status":"closed","template":"elementor_header_footer","meta":{"footnotes":""},"class_list":["post-902","page","type-page","status-publish"],"yoast_head":"<!-- This site is optimized with the Yoast SEO plugin v27.4 - https:\/\/yoast.com\/product\/yoast-seo-wordpress\/ -->\n<title>Datenschutz - Impressum - DE | Yvan R\u00fcedi Architektur und Bauleitung GmbH<\/title>\n<meta name=\"robots\" content=\"index, follow, max-snippet:-1, max-image-preview:large, max-video-preview:-1\" \/>\n<link rel=\"canonical\" href=\"https:\/\/yrab.ch\/en\/datenschutz-impressum\/\" \/>\n<meta property=\"og:locale\" content=\"en_GB\" \/>\n<meta property=\"og:type\" content=\"article\" \/>\n<meta property=\"og:title\" content=\"Datenschutz - Impressum - DE | Yvan R\u00fcedi Architektur und Bauleitung GmbH\" \/>\n<meta property=\"og:description\" content=\"Datenschutzerkl\u00e4rung WEB F\u00fcr Mitglieder, Organe, Gesch\u00e4ftspartner, Kunden und Interessenten 1. Worum geht es in dieser Datenschutzerkl\u00e4rung?Vertrauen ist wichtig, besonders wenn es um Ihre Daten geht. Aus diesem Grund erachten&nbsp;wir es als unsere Verpflichtung, nur die Daten zu erheben, welche erforderlich sind sowie&nbsp;diese Daten mit der gebotenen Sorgfalt zu verwalten und vor Missbr\u00e4uchen zu sch\u00fctzen. Der&nbsp;Y. ... Read more\" \/>\n<meta property=\"og:url\" content=\"https:\/\/yrab.ch\/en\/datenschutz-impressum\/\" \/>\n<meta property=\"og:site_name\" content=\"DE | Yvan R\u00fcedi Architektur und Bauleitung GmbH\" \/>\n<meta property=\"article:modified_time\" content=\"2023-08-25T15:18:04+00:00\" \/>\n<meta name=\"twitter:card\" content=\"summary_large_image\" \/>\n<meta name=\"twitter:label1\" content=\"Estimated reading time\" \/>\n\t<meta name=\"twitter:data1\" content=\"4 minutes\" \/>\n<script type=\"application\/ld+json\" class=\"yoast-schema-graph\">{\"@context\":\"https:\\\/\\\/schema.org\",\"@graph\":[{\"@type\":\"WebPage\",\"@id\":\"https:\\\/\\\/yrab.ch\\\/datenschutz-impressum\\\/\",\"url\":\"https:\\\/\\\/yrab.ch\\\/datenschutz-impressum\\\/\",\"name\":\"Datenschutz - Impressum - DE | Yvan R\u00fcedi Architektur und Bauleitung GmbH\",\"isPartOf\":{\"@id\":\"https:\\\/\\\/yrab.ch\\\/#website\"},\"datePublished\":\"2023-08-25T12:33:49+00:00\",\"dateModified\":\"2023-08-25T15:18:04+00:00\",\"inLanguage\":\"en-GB\",\"potentialAction\":[{\"@type\":\"ReadAction\",\"target\":[\"https:\\\/\\\/yrab.ch\\\/datenschutz-impressum\\\/\"]}]},{\"@type\":\"WebSite\",\"@id\":\"https:\\\/\\\/yrab.ch\\\/#website\",\"url\":\"https:\\\/\\\/yrab.ch\\\/\",\"name\":\"Yvan R\u00fcedi Architektur und Bauleitung GmbH\",\"description\":\"Architekturb\u00fcro und Architekt in Pr\u00e4ttigau, Graub\u00fcnden\",\"potentialAction\":[{\"@type\":\"SearchAction\",\"target\":{\"@type\":\"EntryPoint\",\"urlTemplate\":\"https:\\\/\\\/yrab.ch\\\/?s={search_term_string}\"},\"query-input\":{\"@type\":\"PropertyValueSpecification\",\"valueRequired\":true,\"valueName\":\"search_term_string\"}}],\"inLanguage\":\"en-GB\"}]}<\/script>\n<!-- \/ Yoast SEO plugin. -->","yoast_head_json":{"title":"Datenschutz - Impressum - DE | Yvan R\u00fcedi Architektur und Bauleitung GmbH","robots":{"index":"index","follow":"follow","max-snippet":"max-snippet:-1","max-image-preview":"max-image-preview:large","max-video-preview":"max-video-preview:-1"},"canonical":"https:\/\/yrab.ch\/en\/datenschutz-impressum\/","og_locale":"en_GB","og_type":"article","og_title":"Datenschutz - Impressum - DE | Yvan R\u00fcedi Architektur und Bauleitung GmbH","og_description":"Datenschutzerkl\u00e4rung WEB F\u00fcr Mitglieder, Organe, Gesch\u00e4ftspartner, Kunden und Interessenten 1. Worum geht es in dieser Datenschutzerkl\u00e4rung?Vertrauen ist wichtig, besonders wenn es um Ihre Daten geht. Aus diesem Grund erachten&nbsp;wir es als unsere Verpflichtung, nur die Daten zu erheben, welche erforderlich sind sowie&nbsp;diese Daten mit der gebotenen Sorgfalt zu verwalten und vor Missbr\u00e4uchen zu sch\u00fctzen. Der&nbsp;Y. ... Read more","og_url":"https:\/\/yrab.ch\/en\/datenschutz-impressum\/","og_site_name":"DE | Yvan R\u00fcedi Architektur und Bauleitung GmbH","article_modified_time":"2023-08-25T15:18:04+00:00","twitter_card":"summary_large_image","twitter_misc":{"Estimated reading time":"4 minutes"},"schema":{"@context":"https:\/\/schema.org","@graph":[{"@type":"WebPage","@id":"https:\/\/yrab.ch\/datenschutz-impressum\/","url":"https:\/\/yrab.ch\/datenschutz-impressum\/","name":"Datenschutz - Impressum - DE | Yvan R\u00fcedi Architektur und Bauleitung GmbH","isPartOf":{"@id":"https:\/\/yrab.ch\/#website"},"datePublished":"2023-08-25T12:33:49+00:00","dateModified":"2023-08-25T15:18:04+00:00","inLanguage":"en-GB","potentialAction":[{"@type":"ReadAction","target":["https:\/\/yrab.ch\/datenschutz-impressum\/"]}]},{"@type":"WebSite","@id":"https:\/\/yrab.ch\/#website","url":"https:\/\/yrab.ch\/","name":"Yvan R\u00fcedi Architektur und Bauleitung GmbH","description":"Architectural practice and architect in Pr\u00e4ttigau, Grisons","potentialAction":[{"@type":"SearchAction","target":{"@type":"EntryPoint","urlTemplate":"https:\/\/yrab.ch\/?s={search_term_string}"},"query-input":{"@type":"PropertyValueSpecification","valueRequired":true,"valueName":"search_term_string"}}],"inLanguage":"en-GB"}]}},"_links":{"self":[{"href":"https:\/\/yrab.ch\/en\/wp-json\/wp\/v2\/pages\/902","targetHints":{"allow":["GET"]}}],"collection":[{"href":"https:\/\/yrab.ch\/en\/wp-json\/wp\/v2\/pages"}],"about":[{"href":"https:\/\/yrab.ch\/en\/wp-json\/wp\/v2\/types\/page"}],"author":[{"embeddable":true,"href":"https:\/\/yrab.ch\/en\/wp-json\/wp\/v2\/users\/1"}],"replies":[{"embeddable":true,"href":"https:\/\/yrab.ch\/en\/wp-json\/wp\/v2\/comments?post=902"}],"version-history":[{"count":16,"href":"https:\/\/yrab.ch\/en\/wp-json\/wp\/v2\/pages\/902\/revisions"}],"predecessor-version":[{"id":929,"href":"https:\/\/yrab.ch\/en\/wp-json\/wp\/v2\/pages\/902\/revisions\/929"}],"wp:attachment":[{"href":"https:\/\/yrab.ch\/en\/wp-json\/wp\/v2\/media?parent=902"}],"curies":[{"name":"wp","href":"https:\/\/api.w.org\/{rel}","templated":true}]}}